{"id":10057,"date":"2020-03-20T19:55:41","date_gmt":"2020-03-20T22:55:41","guid":{"rendered":"https:\/\/www.direito.ufmg.br\/?page_id=10057"},"modified":"2021-02-22T09:20:09","modified_gmt":"2021-02-22T12:20:09","slug":"portarias-de-2020","status":"publish","type":"page","link":"https:\/\/www.direito.ufmg.br\/?page_id=10057","title":{"rendered":"Portarias de 2020"},"content":{"rendered":"<p>&nbsp;<\/p>\n<p>&nbsp;<\/p>\n<table>\n<tbody>\n<tr style=\"background-color: #fff8dc;\">\n<td><a href=\"https:\/\/www.direito.ufmg.br\/wp-content\/uploads\/2021\/02\/SEI_UFMG-0577314-Portaria-Interna.-1298-2021.-Bruno-Wanderley-Junior.-Coordenador.-COLGRAD-CE-1.pdf\">Portaria 1298\/2021 de 19 de fevereiro de 2021. Bruno Wanderley J\u00fanior. Coordenador. COLGRAD-CE<\/a><\/td>\n<td style=\"width: 38px;\"><\/td>\n<\/tr>\n<tr style=\"background-color: #ffffff;\">\n<td><\/td>\n<td><\/td>\n<\/tr>\n<tr style=\"background-color: #fff8dc;\">\n<td><a href=\"https:\/\/www.direito.ufmg.br\/wp-content\/uploads\/2021\/02\/SEI_UFMG-0575948-Portaria-1277-2021.-Comissao.-Procedimentos.-Empresas-Juniores.-DIR-1.pdf\">Portaria 1277\/2021. de 19 de fevereiro de 2021 &#8211; Comiss\u00e3o. Procedimentos. Empresas Juniores<\/a><\/td>\n<td style=\"width: 38px;\"><\/td>\n<\/tr>\n<tr style=\"background-color: #ffffff;\">\n<td><\/td>\n<td><\/td>\n<\/tr>\n<tr style=\"background-color: #fff8dc;\">\n<td><a href=\".\/wp-content\/uploads\/portarias\/2020\/portaria6497.pdf\">Portaria 6497, de 19 de novembro de 2020<\/a><\/td>\n<td style=\"width: 38px;\"><\/td>\n<\/tr>\n<tr style=\"background-color: #ffffff;\">\n<td><\/td>\n<td><\/td>\n<\/tr>\n<tr style=\"background-color: #fff8dc;\">\n<td><a href=\".\/wp-content\/uploads\/portarias\/2020\/portaria013-2020.pdf\">Portaria 013\/2020, de 19 de outubro de 2020<\/a><\/td>\n<td style=\"width: 38px;\"><\/td>\n<\/tr>\n<tr style=\"background-color: #ffffff;\">\n<td><\/td>\n<td><\/td>\n<\/tr>\n<tr style=\"background-color: #fff8dc;\">\n<td><a href=\".\/wp-content\/uploads\/portarias\/2020\/portaria012-2020.pdf\">Portaria 012\/2020, de 15 de outubro de 2020<\/a><\/td>\n<td style=\"width: 38px;\"><\/td>\n<\/tr>\n<tr style=\"background-color: #ffffff;\">\n<td><\/td>\n<td><\/td>\n<\/tr>\n<tr style=\"background-color: #fff8dc;\">\n<td><a href=\".\/wp-content\/uploads\/portarias\/2020\/portaria011-2020.pdf\">Portaria 011\/2020, de 15 de outubro de 2020<\/a><\/td>\n<td style=\"width: 38px;\"><\/td>\n<\/tr>\n<tr style=\"background-color: #ffffff;\">\n<td><\/td>\n<td><\/td>\n<\/tr>\n<tr style=\"background-color: #fff8dc;\">\n<td><a href=\".\/wp-content\/uploads\/portarias\/2020\/portaria5345.pdf\">Portaria 5345, de 30 de setembro de 2020<\/a><\/td>\n<td style=\"width: 38px;\"><\/td>\n<\/tr>\n<tr style=\"background-color: #ffffff;\">\n<td><\/td>\n<td><\/td>\n<\/tr>\n<tr style=\"background-color: #fff8dc;\">\n<td><a href=\".\/wp-content\/uploads\/portarias\/2020\/portaria4607.pdf\">Portaria 4607, de 31 de agosto de 2020<\/a><\/td>\n<td style=\"width: 38px;\"><\/td>\n<\/tr>\n<tr style=\"background-color: #ffffff;\">\n<td><\/td>\n<td><\/td>\n<\/tr>\n<tr style=\"background-color: #fff8dc;\">\n<td><a href=\".\/wp-content\/uploads\/portarias\/2020\/portaria1951.pdf\">Portaria 1951, de 24 de mar\u00e7o de 2020<\/a><\/td>\n<td style=\"width: 38px;\"><\/td>\n<\/tr>\n<tr style=\"background-color: #ffffff;\">\n<td><\/td>\n<td><\/td>\n<\/tr>\n<tr style=\"background-color: #fff8dc;\">\n<td><a href=\".\/wp-content\/uploads\/portarias\/2020\/portaria1865.pdf\">Portaria 1865, de 20 de mar\u00e7o de 2020<\/a><\/td>\n<td style=\"width: 38px;\"><\/td>\n<\/tr>\n<tr style=\"background-color: #ffffff;\">\n<td><\/td>\n<td><\/td>\n<\/tr>\n<tr style=\"background-color: #fff8dc;\">\n<td><a href=\".\/wp-content\/uploads\/portarias\/2020\/portaria1825.pdf\">Suspen\u00e7\u00e3o do prazo de inscri\u00e7\u00e3o do concurso de Professor Adjunto DIC &#8211; DOU 50 de 29 de janeiro de 2020<\/a><\/td>\n<td style=\"width: 38px;\"><\/td>\n<\/tr>\n<tr style=\"background-color: #ffffff;\">\n<td><\/td>\n<td><\/td>\n<\/tr>\n<\/tbody>\n<\/table>\n<p>&nbsp;<\/p>\n","protected":false},"excerpt":{"rendered":"<p>&nbsp; &nbsp; Portaria 1298\/2021 de 19 de fevereiro de 2021. Bruno Wanderley J\u00fanior. Coordenador. COLGRAD-CE Portaria 1277\/2021. de 19 de fevereiro de 2021 &#8211; Comiss\u00e3o. Procedimentos. Empresas Juniores Portaria 6497, de 19 de novembro de [&hellip;]<\/p>\n","protected":false},"author":1,"featured_media":0,"parent":0,"menu_order":0,"comment_status":"closed","ping_status":"closed","template":"","meta":{"footnotes":""},"class_list":["post-10057","page","type-page","status-publish","hentry"],"publishpress_future_action":{"enabled":false,"date":"2026-04-27 15:18:49","action":"change-status","newStatus":"draft","terms":[],"taxonomy":"","extraData":[]},"publishpress_future_workflow_manual_trigger":{"enabledWorkflows":[]},"_links":{"self":[{"href":"https:\/\/www.direito.ufmg.br\/index.php?rest_route=\/wp\/v2\/pages\/10057","targetHints":{"allow":["GET"]}}],"collection":[{"href":"https:\/\/www.direito.ufmg.br\/index.php?rest_route=\/wp\/v2\/pages"}],"about":[{"href":"https:\/\/www.direito.ufmg.br\/index.php?rest_route=\/wp\/v2\/types\/page"}],"author":[{"embeddable":true,"href":"https:\/\/www.direito.ufmg.br\/index.php?rest_route=\/wp\/v2\/users\/1"}],"replies":[{"embeddable":true,"href":"https:\/\/www.direito.ufmg.br\/index.php?rest_route=%2Fwp%2Fv2%2Fcomments&post=10057"}],"version-history":[{"count":0,"href":"https:\/\/www.direito.ufmg.br\/index.php?rest_route=\/wp\/v2\/pages\/10057\/revisions"}],"wp:attachment":[{"href":"https:\/\/www.direito.ufmg.br\/index.php?rest_route=%2Fwp%2Fv2%2Fmedia&parent=10057"}],"curies":[{"name":"wp","href":"https:\/\/api.w.org\/{rel}","templated":true}]}}