{"id":10862,"date":"2021-03-11T17:42:46","date_gmt":"2021-03-11T20:42:46","guid":{"rendered":"https:\/\/www.direito.ufmg.br\/?page_id=10862"},"modified":"2021-03-11T17:42:46","modified_gmt":"2021-03-11T20:42:46","slug":"patrimonio-movimentacao-de-material-permanente","status":"publish","type":"page","link":"https:\/\/www.direito.ufmg.br\/?page_id=10862","title":{"rendered":"Patrim\u00f4nio: Movimenta\u00e7\u00e3o de Material Permanente"},"content":{"rendered":"<div class=\"entry-header\">\n<div class=\"nv-title-meta-wrap\">\n<p><strong><span style=\"font-size: 10pt;\">MATERIAL: MOVIMENTA\u00c7\u00c3O DE MATERIAL PERMANENTE<\/span><\/strong><\/p>\n<\/div>\n<\/div>\n<div class=\"nv-content-wrap entry-content\">\n<div class=\"elementor elementor-463\" data-elementor-type=\"post\" data-elementor-id=\"463\" data-elementor-settings=\"[]\">\n<div class=\"elementor-inner\">\n<div class=\"elementor-section-wrap\">\n<section class=\"elementor-element elementor-element-6b770ba elementor-section-boxed elementor-section-height-default elementor-section-height-default elementor-section elementor-top-section\" data-id=\"6b770ba\" data-element_type=\"section\">\n<div class=\"elementor-container elementor-column-gap-default\">\n<div class=\"elementor-row\">\n<div class=\"elementor-element elementor-element-ede4c0a elementor-column elementor-col-100 elementor-top-column\" data-id=\"ede4c0a\" data-element_type=\"column\">\n<div class=\"elementor-column-wrap  elementor-element-populated\">\n<div class=\"elementor-widget-wrap\">\n<div class=\"elementor-element elementor-element-4e5d859 elementor-widget elementor-widget-shortcode\" data-id=\"4e5d859\" data-element_type=\"widget\" data-widget_type=\"shortcode.default\">\n<div class=\"elementor-widget-container\">\n<div class=\"elementor-shortcode\">\n<p class=\"Texto_Fundo_Cinza_Maiusculas_Negrito\"><strong><span style=\"font-size: 10pt;\">QUE ATIVIDADE \u00c9?<\/span><\/strong><\/p>\n<p class=\"Texto_Justificado\"><span style=\"font-size: 10pt;\">\u00c9 o remanejamento de material &#8211; bem permanente &#8211; entre unidades. Poder\u00e1 ser Interna, quando realizada dentro do mesmo setor ou unidade (UG), ou externa, configurada pelo repasse de posse e troca de responsabilidade, de car\u00e1ter definitivo, entre setores, UGs, da UFMG.<\/span><\/p>\n<p class=\"Texto_Justificado\"><span style=\"font-size: 10pt;\">Toda movimenta\u00e7\u00e3o, interna ou externa, dever\u00e1 ser registrada em nota de movimenta\u00e7\u00e3o emitida pela unidade respons\u00e1vel pelo bem.<\/span><\/p>\n<p class=\"Texto_Fundo_Cinza_Maiusculas_Negrito\"><strong><span style=\"font-size: 10pt;\">QUEM FAZ?<\/span><\/strong><\/p>\n<p class=\"Texto_Justificado\"><span style=\"font-size: 10pt;\">O processo \u00e9 iniciado pelo respons\u00e1vel que guarda, no momento da abertura do processo, a responsabilidade pelo bem.\u00a0<\/span><\/p>\n<p class=\"Texto_Fundo_Cinza_Maiusculas_Negrito\"><strong><span style=\"font-size: 10pt;\">COMO SE FAZ? POSSUI FLUXO J\u00c1 MAPEADO?<\/span><\/strong><\/p>\n<p class=\"Texto_Justificado\"><a href=\"https:\/\/www.direito.ufmg.br\/wp-content\/uploads\/2021\/03\/download.png\"><img loading=\"lazy\" decoding=\"async\" class=\"aligncenter size-full wp-image-10863\" src=\"https:\/\/www.direito.ufmg.br\/wp-content\/uploads\/2021\/03\/download.png\" alt=\"\" width=\"1478\" height=\"603\" srcset=\"https:\/\/www.direito.ufmg.br\/wp-content\/uploads\/2021\/03\/download.png 1478w, https:\/\/www.direito.ufmg.br\/wp-content\/uploads\/2021\/03\/download-300x122.png 300w, https:\/\/www.direito.ufmg.br\/wp-content\/uploads\/2021\/03\/download-1024x418.png 1024w, https:\/\/www.direito.ufmg.br\/wp-content\/uploads\/2021\/03\/download-768x313.png 768w\" sizes=\"auto, (max-width: 1478px) 100vw, 1478px\" \/><\/a><\/p>\n<p class=\"Texto_Fundo_Cinza_Maiusculas_Negrito\"><strong><span style=\"font-size: 10pt;\">QUE INFORMA\u00c7\u00d5ES\/CONDI\u00c7\u00d5ES S\u00c3O NECESS\u00c1RIAS?<\/span><\/strong><\/p>\n<p class=\"Texto_Justificado\"><span style=\"font-size: 10pt;\">Deve-se informar os dados do bem a ser movimentado, bem como o respons\u00e1vel pela guarda desse bem na unidade de destino.<\/span><\/p>\n<p class=\"Texto_Fundo_Cinza_Maiusculas_Negrito\"><strong><span style=\"font-size: 10pt;\">QUAIS DOCUMENTOS S\u00c3O NECESS\u00c1RIOS?<\/span><\/strong><\/p>\n<p class=\"Texto_Justificado\"><span style=\"font-size: 10pt;\">Nota de movimenta\u00e7\u00e3o de material permanente assinadas pelos respons\u00e1veis;<\/span><\/p>\n<p class=\"Texto_Justificado\"><span style=\"font-size: 10pt;\">TR gerado pelo SICPAT e inclu\u00eddo no processo pela Se\u00e7\u00e3o de Patrim\u00f4nio da UG;<\/span><\/p>\n<p class=\"Texto_Justificado\"><span style=\"font-size: 10pt;\">Declara\u00e7\u00e3o do novo respons\u00e1vel pela guarda em que deve constar os seguintes dizeres<\/span><\/p>\n<p class=\"Citacao\"><span style=\"font-size: 10pt;\">Declaro que os bens relacionados na TR n\u00ba XXX, Documento SEI n\u00ba XXX, encontram-se sob minha guarda e responsabilidade, obrigando-me, conforme legisla\u00e7\u00e3o vigente, a zelar por sua integridade e boa conserva\u00e7\u00e3o\u00a0e a informar ao meu superior imediato quaisquer eventos que vierem a ocorrer sobre eles.<\/span><\/p>\n<p class=\"Texto_Fundo_Cinza_Maiusculas_Negrito\"><strong><span style=\"font-size: 10pt;\">QUAL \u00c9 A BASE LEGAL?<\/span><\/strong><\/p>\n<p class=\"Texto_Justificado\"><span style=\"font-size: 10pt;\">Decreto n\u00ba 9.373, de 11 de maio de 2018<\/span><br \/>\n<span style=\"font-size: 10pt;\">Instru\u00e7\u00e3o Normativa Sedap 205\/1988<\/span><br \/>\n<span style=\"font-size: 10pt;\">Instru\u00e7\u00e3o Normativa Dasp 142\/1983<\/span><br \/>\n<span style=\"font-size: 10pt;\">Lei n. 4.320, de 17 de mar\u00e7o de 1964<\/span><\/p>\n<p><a href=\"https:\/\/sei.ufmg.br\/index.php\/2019\/08\/28\/base-de-conhecimento\/?id_procedimento=100000391&amp;id_base=355\">Fonte: https:\/\/sei.ufmg.br\/index.php\/2019\/08\/28\/base-de-conhecimento\/?id_procedimento=100000391&amp;id_base=355<\/a><\/p>\n<\/div>\n<\/div>\n<\/div>\n<\/div>\n<\/div>\n<\/div>\n<\/div>\n<\/div>\n<\/section>\n<\/div>\n<\/div>\n<\/div>\n<\/div>\n","protected":false},"excerpt":{"rendered":"<p>MATERIAL: MOVIMENTA\u00c7\u00c3O DE MATERIAL PERMANENTE QUE ATIVIDADE \u00c9? \u00c9 o remanejamento de material &#8211; bem permanente &#8211; entre unidades. Poder\u00e1 ser Interna, quando realizada dentro do mesmo setor ou unidade (UG), ou externa, configurada pelo [&hellip;]<\/p>\n","protected":false},"author":1,"featured_media":0,"parent":0,"menu_order":0,"comment_status":"closed","ping_status":"closed","template":"","meta":{"footnotes":""},"class_list":["post-10862","page","type-page","status-publish","hentry"],"publishpress_future_action":{"enabled":false,"date":"2026-04-27 11:06:21","action":"change-status","newStatus":"draft","terms":[],"taxonomy":"","extraData":[]},"publishpress_future_workflow_manual_trigger":{"enabledWorkflows":[]},"_links":{"self":[{"href":"https:\/\/www.direito.ufmg.br\/index.php?rest_route=\/wp\/v2\/pages\/10862","targetHints":{"allow":["GET"]}}],"collection":[{"href":"https:\/\/www.direito.ufmg.br\/index.php?rest_route=\/wp\/v2\/pages"}],"about":[{"href":"https:\/\/www.direito.ufmg.br\/index.php?rest_route=\/wp\/v2\/types\/page"}],"author":[{"embeddable":true,"href":"https:\/\/www.direito.ufmg.br\/index.php?rest_route=\/wp\/v2\/users\/1"}],"replies":[{"embeddable":true,"href":"https:\/\/www.direito.ufmg.br\/index.php?rest_route=%2Fwp%2Fv2%2Fcomments&post=10862"}],"version-history":[{"count":0,"href":"https:\/\/www.direito.ufmg.br\/index.php?rest_route=\/wp\/v2\/pages\/10862\/revisions"}],"wp:attachment":[{"href":"https:\/\/www.direito.ufmg.br\/index.php?rest_route=%2Fwp%2Fv2%2Fmedia&parent=10862"}],"curies":[{"name":"wp","href":"https:\/\/api.w.org\/{rel}","templated":true}]}}