{"id":11914,"date":"2022-01-19T14:29:01","date_gmt":"2022-01-19T17:29:01","guid":{"rendered":"https:\/\/www.direito.ufmg.br\/?page_id=11914"},"modified":"2022-01-19T14:31:10","modified_gmt":"2022-01-19T17:31:10","slug":"calendario-de-reunioes-2021","status":"publish","type":"page","link":"https:\/\/www.direito.ufmg.br\/?page_id=11914","title":{"rendered":"Calend\u00e1rio de Reuni\u00f5es 2021"},"content":{"rendered":"<p>15 de dezembro de 2021 (Quarta-feira), a se realizar em plataforma online devido ao trabalho remoto conforme OF\u00cdCIO CIRCULAR N\u00ba 5\/2020\/GAB-REI-UFMG<\/p>\n<p>17 de novembro de 2021 (Quarta-feira), realizada em plataforma online devido ao trabalho remoto conforme OF\u00cdCIO CIRCULAR N\u00ba 5\/2020\/GAB-REI-UFMG<\/p>\n<p>27 de outubro de 2021 (Quarta-feira), realizada em plataforma online devido ao trabalho remoto conforme OF\u00cdCIO CIRCULAR N\u00ba 5\/2020\/GAB-REI-UFMG<\/p>\n<p>26 de agosto de 2021 (Quinta-feira), realizada em plataforma online devido ao trabalho remoto conforme OF\u00cdCIO CIRCULAR N\u00ba 5\/2020\/GAB-REI-UFMG<\/p>\n<p>03 de agosto de 2021 (Ter\u00e7a-feira), realizada em plataforma online devido ao trabalho remoto conforme OF\u00cdCIO CIRCULAR N\u00ba 5\/2020\/GAB-REI-UFMG<\/p>\n<p>22 de junho de 2021 (Ter\u00e7a-feira), realizada em plataforma online devido ao trabalho remoto conforme OF\u00cdCIO CIRCULAR N\u00ba 5\/2020\/GAB-REI-UFMG<\/p>\n<p>17 de maio de 2021 (Sexta-feira), realizada em plataforma online devido ao trabalho remoto conforme OF\u00cdCIO CIRCULAR N\u00ba 5\/2020\/GAB-REI-UFMG<\/p>\n<p>07 de maio de 2021 (Sexta-feira), realizada em plataforma online devido ao trabalho remoto conforme OF\u00cdCIO CIRCULAR N\u00ba 5\/2020\/GAB-REI-UFMG<\/p>\n<p>16 de mar\u00e7o de 2021 (Ter\u00e7a-feira), realizada em plataforma online devido ao trabalho remoto conforme OF\u00cdCIO CIRCULAR N\u00ba 5\/2020\/GAB-REI-UFMG<\/p>\n<p>01\u00ba de mar\u00e7o de 2021 (Segunda-feira), realizada em plataforma online devido ao trabalho remoto conforme OF\u00cdCIO CIRCULAR N\u00ba 5\/2020\/GAB-REI-UFMG<\/p>\n<p>29 de janeiro de 2021 (Sexta-feira), realizada em plataforma online devido ao trabalho remoto conforme OF\u00cdCIO CIRCULAR N\u00ba 5\/2020\/GAB-REI-UFMG<\/p>\n","protected":false},"excerpt":{"rendered":"<p>15 de dezembro de 2021 (Quarta-feira), a se realizar em plataforma online devido ao trabalho remoto conforme OF\u00cdCIO CIRCULAR N\u00ba 5\/2020\/GAB-REI-UFMG 17 de novembro de 2021 (Quarta-feira), realizada em plataforma online devido ao trabalho remoto [&hellip;]<\/p>\n","protected":false},"author":1,"featured_media":0,"parent":0,"menu_order":0,"comment_status":"closed","ping_status":"closed","template":"","meta":{"footnotes":""},"class_list":["post-11914","page","type-page","status-publish","hentry"],"publishpress_future_action":{"enabled":false,"date":"2026-04-25 00:23:34","action":"change-status","newStatus":"draft","terms":[],"taxonomy":"","extraData":[]},"publishpress_future_workflow_manual_trigger":{"enabledWorkflows":[]},"_links":{"self":[{"href":"https:\/\/www.direito.ufmg.br\/index.php?rest_route=\/wp\/v2\/pages\/11914","targetHints":{"allow":["GET"]}}],"collection":[{"href":"https:\/\/www.direito.ufmg.br\/index.php?rest_route=\/wp\/v2\/pages"}],"about":[{"href":"https:\/\/www.direito.ufmg.br\/index.php?rest_route=\/wp\/v2\/types\/page"}],"author":[{"embeddable":true,"href":"https:\/\/www.direito.ufmg.br\/index.php?rest_route=\/wp\/v2\/users\/1"}],"replies":[{"embeddable":true,"href":"https:\/\/www.direito.ufmg.br\/index.php?rest_route=%2Fwp%2Fv2%2Fcomments&post=11914"}],"version-history":[{"count":0,"href":"https:\/\/www.direito.ufmg.br\/index.php?rest_route=\/wp\/v2\/pages\/11914\/revisions"}],"wp:attachment":[{"href":"https:\/\/www.direito.ufmg.br\/index.php?rest_route=%2Fwp%2Fv2%2Fmedia&parent=11914"}],"curies":[{"name":"wp","href":"https:\/\/api.w.org\/{rel}","templated":true}]}}