{"id":14002,"date":"2023-05-29T20:00:29","date_gmt":"2023-05-29T23:00:29","guid":{"rendered":"https:\/\/www.direito.ufmg.br\/?page_id=14002"},"modified":"2024-01-17T19:39:55","modified_gmt":"2024-01-17T22:39:55","slug":"atas-da-congregacao-2023","status":"publish","type":"page","link":"https:\/\/www.direito.ufmg.br\/?page_id=14002","title":{"rendered":"Atas da Congrega\u00e7\u00e3o &#8211; 2023"},"content":{"rendered":"<p><a href=\"https:\/\/www.direito.ufmg.br\/wp-content\/uploads\/2024\/01\/Ata-da-4a-Reuniao-da-Congregacao.-Realizada-em-27.09.2023-e-aprovada-em-11.12.2023.pdf\">Ata da 4\u00aa Reuni\u00e3o da Congrega\u00e7\u00e3o. Realizada em 27.09.2023 e aprovada em 11.12.2023.<\/a><\/p>\n<p><a href=\"https:\/\/www.direito.ufmg.br\/wp-content\/uploads\/2023\/10\/Ata.-Conselho-Curador.-Fundacao-Professor-Valle-Feerreira.-Realizada-27.09.2023.-Eleicao-1.pdf\">Ata. Conselho Curador. Funda\u00e7\u00e3o Professor Valle Feerreira. Realizada 27.09.2023<\/a><\/p>\n<p><a href=\"https:\/\/www.direito.ufmg.br\/wp-content\/uploads\/2023\/10\/Oficio-Circular-No-32_2023_GAB-REI-UFMG.pdf\">Ata. 3\u00aa Reuni\u00e3o Congrega\u00e7\u00e3o. Realizada em 29.08.2023 e aprovada em 27.09.2023<\/a><\/p>\n<p><a href=\"https:\/\/www.direito.ufmg.br\/wp-content\/uploads\/2023\/09\/Ata-da-2a-Reuniao-da-Congregacao-2023.-Realizada-23.05.2023.-Aprovada-29.08.2023.pdf\">Ata da 2\u00aa Reuni\u00e3o da Congrega\u00e7\u00e3o 2023. Realizada 23.05.2023. Aprovada 29.08.2023<\/a><\/p>\n<p><a href=\"https:\/\/www.direito.ufmg.br\/wp-content\/uploads\/2023\/05\/Ata.-1a-Reuniao-Congregacao.-2023.-Realizada-em-15.03.2023.-Aprovada-em-23.05.2023.pdf\">Ata. 1\u00aa Reuni\u00e3o Congrega\u00e7\u00e3o. 2023. Realizada em 15.03.2023. Aprovada em 23.05.2023<\/a><\/p>\n","protected":false},"excerpt":{"rendered":"<p>Ata da 4\u00aa Reuni\u00e3o da Congrega\u00e7\u00e3o. Realizada em 27.09.2023 e aprovada em 11.12.2023. Ata. Conselho Curador. Funda\u00e7\u00e3o Professor Valle Feerreira. Realizada 27.09.2023 Ata. 3\u00aa Reuni\u00e3o Congrega\u00e7\u00e3o. Realizada em 29.08.2023 e aprovada em 27.09.2023 Ata da [&hellip;]<\/p>\n","protected":false},"author":1,"featured_media":0,"parent":0,"menu_order":0,"comment_status":"closed","ping_status":"closed","template":"","meta":{"footnotes":""},"class_list":["post-14002","page","type-page","status-publish","hentry"],"publishpress_future_action":{"enabled":false,"date":"2026-04-27 12:16:37","action":"change-status","newStatus":"draft","terms":[],"taxonomy":"","extraData":[]},"publishpress_future_workflow_manual_trigger":{"enabledWorkflows":[]},"_links":{"self":[{"href":"https:\/\/www.direito.ufmg.br\/index.php?rest_route=\/wp\/v2\/pages\/14002","targetHints":{"allow":["GET"]}}],"collection":[{"href":"https:\/\/www.direito.ufmg.br\/index.php?rest_route=\/wp\/v2\/pages"}],"about":[{"href":"https:\/\/www.direito.ufmg.br\/index.php?rest_route=\/wp\/v2\/types\/page"}],"author":[{"embeddable":true,"href":"https:\/\/www.direito.ufmg.br\/index.php?rest_route=\/wp\/v2\/users\/1"}],"replies":[{"embeddable":true,"href":"https:\/\/www.direito.ufmg.br\/index.php?rest_route=%2Fwp%2Fv2%2Fcomments&post=14002"}],"version-history":[{"count":0,"href":"https:\/\/www.direito.ufmg.br\/index.php?rest_route=\/wp\/v2\/pages\/14002\/revisions"}],"wp:attachment":[{"href":"https:\/\/www.direito.ufmg.br\/index.php?rest_route=%2Fwp%2Fv2%2Fmedia&parent=14002"}],"curies":[{"name":"wp","href":"https:\/\/api.w.org\/{rel}","templated":true}]}}