{"id":15113,"date":"2024-01-11T09:05:34","date_gmt":"2024-01-11T12:05:34","guid":{"rendered":"https:\/\/www.direito.ufmg.br\/?page_id=15113"},"modified":"2026-01-23T15:36:17","modified_gmt":"2026-01-23T18:36:17","slug":"colacao-de-grau","status":"publish","type":"page","link":"https:\/\/www.direito.ufmg.br\/?page_id=15113","title":{"rendered":"Cola\u00e7\u00e3o de Grau"},"content":{"rendered":"<table style=\"border-collapse: collapse; width: 100%; height: 96px;\">\n<tbody>\n<tr style=\"height: 24px;\">\n<td style=\"width: 100%; text-align: center; height: 24px;\" colspan=\"3\"><strong>Informes<\/strong><\/td>\n<\/tr>\n<tr style=\"height: 24px;\">\n<td style=\"width: 25%; height: 24px;\"><strong>Curso<\/strong><\/td>\n<td style=\"width: 25%; height: 24px;\"><strong>Semestre<\/strong><\/td>\n<td style=\"width: 50%; height: 24px;\"><strong>Informa\u00e7\u00f5es<\/strong><\/td>\n<\/tr>\n<tr style=\"height: 24px;\">\n<td style=\"width: 25%; height: 24px;\">Direito Diurno<\/td>\n<td style=\"width: 25%; height: 24px;\">2025-2<\/td>\n<td style=\"width: 50%; height: 24px;\"><a href=\"https:\/\/www.direito.ufmg.br\/wp-content\/uploads\/2026\/01\/INFORMES-IMPORTANTES.-COLACAO-DE-GRAU.-DIREITO.-DIURNO.-2025-2.-23.02.2026.-18h.-Auditorium-Maximus-Alberto-Deodato.pdf\">Clique aqui<\/a><\/td>\n<\/tr>\n<tr>\n<td style=\"width: 25%;\">Direito Noturno<\/td>\n<td style=\"width: 25%;\">2025-2<\/td>\n<td style=\"width: 50%;\"><a href=\"https:\/\/www.direito.ufmg.br\/wp-content\/uploads\/2026\/01\/INFORMES-IMPORTANTES.-COLACAO-DE-GRAU.-DIREITO.-NOTURNO.-2025-2.-24.02.2026.-18h.-Auditorium-Maximus-Alberto-Deodato.pdf\">Clique aqui<\/a><\/td>\n<\/tr>\n<tr style=\"height: 24px;\">\n<td style=\"width: 25%; height: 24px;\">Ci\u00eancias do Estado<\/td>\n<td style=\"width: 25%; height: 24px;\">2025-2<\/td>\n<td style=\"width: 50%; height: 24px;\"><a href=\"https:\/\/www.direito.ufmg.br\/wp-content\/uploads\/2026\/01\/INFORMES-IMPORTANTES.-COLACAO-DE-GRAU.-CIENCIAS-DO-ESTADO.-2025-2.-25.02.2026.-18h.-Auditorium-Maximus-Alberto-Deodato.pdf\">Clique aqui<\/a><\/td>\n<\/tr>\n<tr>\n<td style=\"width: 25%;\">INFORMES IMPORTANTES<\/td>\n<td style=\"width: 25%;\"><\/td>\n<td style=\"width: 50%;\"><\/td>\n<\/tr>\n<\/tbody>\n<\/table>\n<p>&nbsp;<\/p>\n","protected":false},"excerpt":{"rendered":"<p>Informes Curso Semestre Informa\u00e7\u00f5es Direito Diurno 2025-2 Clique aqui Direito Noturno 2025-2 Clique aqui Ci\u00eancias do Estado 2025-2 Clique aqui INFORMES IMPORTANTES &nbsp;<\/p>\n","protected":false},"author":1,"featured_media":0,"parent":0,"menu_order":0,"comment_status":"closed","ping_status":"closed","template":"","meta":{"footnotes":""},"class_list":["post-15113","page","type-page","status-publish","hentry"],"publishpress_future_action":{"enabled":false,"date":"2026-04-24 00:46:14","action":"change-status","newStatus":"draft","terms":[],"taxonomy":"","extraData":[]},"publishpress_future_workflow_manual_trigger":{"enabledWorkflows":[]},"_links":{"self":[{"href":"https:\/\/www.direito.ufmg.br\/index.php?rest_route=\/wp\/v2\/pages\/15113","targetHints":{"allow":["GET"]}}],"collection":[{"href":"https:\/\/www.direito.ufmg.br\/index.php?rest_route=\/wp\/v2\/pages"}],"about":[{"href":"https:\/\/www.direito.ufmg.br\/index.php?rest_route=\/wp\/v2\/types\/page"}],"author":[{"embeddable":true,"href":"https:\/\/www.direito.ufmg.br\/index.php?rest_route=\/wp\/v2\/users\/1"}],"replies":[{"embeddable":true,"href":"https:\/\/www.direito.ufmg.br\/index.php?rest_route=%2Fwp%2Fv2%2Fcomments&post=15113"}],"version-history":[{"count":4,"href":"https:\/\/www.direito.ufmg.br\/index.php?rest_route=\/wp\/v2\/pages\/15113\/revisions"}],"predecessor-version":[{"id":18489,"href":"https:\/\/www.direito.ufmg.br\/index.php?rest_route=\/wp\/v2\/pages\/15113\/revisions\/18489"}],"wp:attachment":[{"href":"https:\/\/www.direito.ufmg.br\/index.php?rest_route=%2Fwp%2Fv2%2Fmedia&parent=15113"}],"curies":[{"name":"wp","href":"https:\/\/api.w.org\/{rel}","templated":true}]}}