{"id":4048,"date":"2017-05-23T10:54:05","date_gmt":"2017-05-23T13:54:05","guid":{"rendered":"http:\/\/150.164.104.182:8080\/wordpress\/?page_id=4048"},"modified":"2026-01-28T14:50:00","modified_gmt":"2026-01-28T17:50:00","slug":"diretores","status":"publish","type":"page","link":"https:\/\/www.direito.ufmg.br\/?page_id=4048","title":{"rendered":"Diretoria"},"content":{"rendered":"<table style=\"border-collapse: collapse; width: 100%; height: 72px;\">\n<tbody>\n<tr style=\"height: 24px;\">\n<td style=\"width: 100%; height: 24px;\"><a href=\".\/?page_id=8867\">Portarias<\/a><\/td>\n<\/tr>\n<tr style=\"height: 24px;\">\n<td style=\"width: 100%; height: 24px;\"><a href=\".\/?page_id=8865\">Editais<\/a><\/td>\n<\/tr>\n<tr style=\"height: 24px;\">\n<td style=\"width: 100%; height: 24px;\"><a href=\".\/?page_id=18493\">Comunicados<\/a><\/td>\n<\/tr>\n<tr>\n<td style=\"width: 100%;\"><a href=\"https:\/\/www.direito.ufmg.br\/wp-content\/uploads\/2026\/01\/PREMIO-BARAO-DO-RIO-BRANCO-Lista-de-Agraciados-1913-a-2025-2-v.27.01.2026.pdf\">Lista de agraciados com o Pr\u00eamio Bar\u00e3o do Rio Branco, no per\u00edodo de 1913 a 2025\/2<\/a><\/td>\n<\/tr>\n<\/tbody>\n<\/table>\n","protected":false},"excerpt":{"rendered":"<p>Portarias Editais Comunicados Lista de agraciados com o Pr\u00eamio Bar\u00e3o do Rio Branco, no per\u00edodo de 1913 a 2025\/2<\/p>\n","protected":false},"author":1,"featured_media":0,"parent":0,"menu_order":0,"comment_status":"closed","ping_status":"closed","template":"","meta":{"footnotes":""},"class_list":["post-4048","page","type-page","status-publish","hentry"],"publishpress_future_action":{"enabled":false,"date":"2026-04-27 09:39:26","action":"change-status","newStatus":"draft","terms":[],"taxonomy":"","extraData":[]},"publishpress_future_workflow_manual_trigger":{"enabledWorkflows":[]},"_links":{"self":[{"href":"https:\/\/www.direito.ufmg.br\/index.php?rest_route=\/wp\/v2\/pages\/4048","targetHints":{"allow":["GET"]}}],"collection":[{"href":"https:\/\/www.direito.ufmg.br\/index.php?rest_route=\/wp\/v2\/pages"}],"about":[{"href":"https:\/\/www.direito.ufmg.br\/index.php?rest_route=\/wp\/v2\/types\/page"}],"author":[{"embeddable":true,"href":"https:\/\/www.direito.ufmg.br\/index.php?rest_route=\/wp\/v2\/users\/1"}],"replies":[{"embeddable":true,"href":"https:\/\/www.direito.ufmg.br\/index.php?rest_route=%2Fwp%2Fv2%2Fcomments&post=4048"}],"version-history":[{"count":2,"href":"https:\/\/www.direito.ufmg.br\/index.php?rest_route=\/wp\/v2\/pages\/4048\/revisions"}],"predecessor-version":[{"id":18497,"href":"https:\/\/www.direito.ufmg.br\/index.php?rest_route=\/wp\/v2\/pages\/4048\/revisions\/18497"}],"wp:attachment":[{"href":"https:\/\/www.direito.ufmg.br\/index.php?rest_route=%2Fwp%2Fv2%2Fmedia&parent=4048"}],"curies":[{"name":"wp","href":"https:\/\/api.w.org\/{rel}","templated":true}]}}