{"id":4051,"date":"2017-05-23T11:33:33","date_gmt":"2017-05-23T14:33:33","guid":{"rendered":"http:\/\/150.164.104.182:8080\/wordpress\/?page_id=4051"},"modified":"2025-09-02T10:35:07","modified_gmt":"2025-09-02T13:35:07","slug":"corpo-docente","status":"publish","type":"page","link":"https:\/\/www.direito.ufmg.br\/?page_id=4051","title":{"rendered":"Corpo Docente"},"content":{"rendered":"<p><img decoding=\"async\" src=\".\/images\/stories\/imagens\/iconelattes.gif\" border=\"0\" \/> Clique no nome para acessar o Curr\u00edculo Lattes.<\/p>\n<p><strong>Departamento de Direito e Processo Civil e Comercial \u2013 DIC<\/strong><\/p>\n<p><a href=\"http:\/\/lattes.cnpq.br\/7925589410115058\" target=\"_blank\" rel=\"noopener noreferrer\">Brunello Souza Stancioli<\/a><\/p>\n<p><a href=\"http:\/\/lattes.cnpq.br\/5925303284208861\" target=\"_blank\" rel=\"noopener noreferrer\">Carla Vasconcelos Carvalho<\/a><\/p>\n<p><a href=\"http:\/\/lattes.cnpq.br\/2301186695155987\" target=\"_blank\" rel=\"noopener noreferrer\">C\u00e9sar Augusto de Castro Fiuza<\/a><\/p>\n<p><a href=\"http:\/\/lattes.cnpq.br\/1797877400327633\" target=\"_blank\" rel=\"noopener noreferrer\">Christian Sahb Batista Lopes<\/a><\/p>\n<p><a href=\"http:\/\/lattes.cnpq.br\/6141886803125625\" target=\"_blank\" rel=\"noopener noreferrer\">Dierle Jos\u00e9 Coelho Nunes<\/a><\/p>\n<p><a href=\"http:\/\/lattes.cnpq.br\/0093271641257508\" target=\"_blank\" rel=\"noopener noreferrer\">Edgard Audomar Marx Neto<\/a><\/p>\n<p><a href=\"http:\/\/lattes.cnpq.br\/7084024336385069\" target=\"_blank\" rel=\"noopener noreferrer\">Eduardo Goulart Pimenta<\/a><\/p>\n<p><a href=\"http:\/\/lattes.cnpq.br\/0900510960494074\" target=\"_blank\" rel=\"noopener noreferrer\">Elena de Carvalho Gomes<\/a><\/p>\n<p><a href=\"http:\/\/lattes.cnpq.br\/1784471050744640\" target=\"_blank\" rel=\"noopener noreferrer\">Ester Camila Gomes Norato Rezende<\/a><\/p>\n<p><a href=\"http:\/\/lattes.cnpq.br\/5219818495627692\" target=\"_blank\" rel=\"noopener noreferrer\">\u00c8rico Andrade<\/a><\/p>\n<p><a href=\"http:\/\/lattes.cnpq.br\/1269002058299731\" target=\"_blank\" rel=\"noopener noreferrer\">F\u00e1bio Queiroz Pereira<\/a><\/p>\n<p><a href=\"http:\/\/lattes.cnpq.br\/1614690018866718\" target=\"_blank\" rel=\"noopener noreferrer\">Fernanda Valle Versiani<\/a><\/p>\n<p><a href=\"http:\/\/lattes.cnpq.br\/5361758453733725\" target=\"_blank\" rel=\"noopener noreferrer\">Fernando Gonzaga Jayme<\/a><\/p>\n<p><a href=\"http:\/\/lattes.cnpq.br\/3057838379111725\" target=\"_blank\" rel=\"noopener noreferrer\">Giordano Bruno Soares Roberto<\/a><\/p>\n<p><a href=\"http:\/\/lattes.cnpq.br\/1289958251519616\" target=\"_blank\" rel=\"noopener noreferrer\">Gl\u00e1ucio Ferreira Maciel Gon\u00e7alves<\/a><\/p>\n<p><a href=\"http:\/\/lattes.cnpq.br\/2633344581699793\" target=\"_blank\" rel=\"noopener noreferrer\">Jo\u00e3o Alberto de Almeida<\/a><\/p>\n<p><a href=\"http:\/\/lattes.cnpq.br\/6431187483331345\" target=\"_blank\" rel=\"noopener noreferrer\">Jos\u00e9 Marcos Rodrigues Vieira<\/a><\/p>\n<p><a href=\"http:\/\/lattes.cnpq.br\/3227068749187761\" target=\"_blank\" rel=\"noopener noreferrer\">Juliana Cordeiro de Faria<\/a><\/p>\n<p><a href=\"http:\/\/lattes.cnpq.br\/4254363662704257\" target=\"_blank\" rel=\"noopener noreferrer\">Leandro Martins Zanitelli<\/a><\/p>\n<p><a href=\"http:\/\/lattes.cnpq.br\/2997553502679522\" target=\"_blank\" rel=\"noopener noreferrer\">Leonardo Macedo Poli<\/a><\/p>\n<p><a href=\"http:\/\/lattes.cnpq.br\/3612200644224606\" target=\"_blank\" rel=\"noopener noreferrer\">Leonardo Netto Parentoni<\/a><\/p>\n<p><a href=\"http:\/\/lattes.cnpq.br\/5149632271687692\" target=\"_blank\" rel=\"noopener noreferrer\">Lucas Costa de Oliveira<\/a><\/p>\n<p><a href=\"http:\/\/lattes.cnpq.br\/6380727220359910\" target=\"_blank\" rel=\"noopener noreferrer\">Marcelo Andrade F\u00e9res<\/a><\/p>\n<p><a href=\"http:\/\/lattes.cnpq.br\/3332097056536710\" target=\"_blank\" rel=\"noopener noreferrer\">Marcelo de Oliveira Milagres<\/a><\/p>\n<p><a href=\"http:\/\/lattes.cnpq.br\/6691591501135325\" target=\"_blank\" rel=\"noopener noreferrer\">Mariana Alves Lara<\/a><\/p>\n<p><a href=\"http:\/\/lattes.cnpq.br\/5766704083344603\" target=\"_blank\" rel=\"noopener noreferrer\">Nat\u00e1lia Cristina Chaves<\/a><\/p>\n<p><a href=\"http:\/\/lattes.cnpq.br\/2724058355070343\" target=\"_blank\" rel=\"noopener noreferrer\">Renata Christiana Vieira Maia<\/a><\/p>\n<p><a href=\"http:\/\/lattes.cnpq.br\/1454237991905708\" target=\"_blank\" rel=\"noopener noreferrer\">Renata Guimar\u00e3es Pompeu<\/a><\/p>\n<p><a href=\"http:\/\/lattes.cnpq.br\/8655351102126052\" target=\"_blank\" rel=\"noopener noreferrer\">Rodrigo Almeida Magalh\u00e3es<\/a><\/p>\n<p><a href=\"http:\/\/lattes.cnpq.br\/3733000082213611\" target=\"_blank\" rel=\"noopener noreferrer\">R\u00fabia Carneiro Neves<\/a><\/p>\n<p><a href=\"http:\/\/lattes.cnpq.br\/0191963506770659\" target=\"_blank\" rel=\"noopener noreferrer\">S\u00e9rgio Mour\u00e3o Corr\u00eaa Lima<\/a><\/p>\n<p><a href=\"http:\/\/lattes.cnpq.br\/6998162043069456\" target=\"_blank\" rel=\"noopener noreferrer\">Tereza Cristina Sorice Baracho Thibau<\/a><\/p>\n<p><a href=\"http:\/\/lattes.cnpq.br\/9296174173423695\" target=\"_blank\" rel=\"noopener noreferrer\">Yaska Fernanda de Lima Campos<\/a><\/p>\n<p><strong>Departamento de Direito e Processo Penal &#8211; DIN<\/strong><\/p>\n<p><a href=\"http:\/\/lattes.cnpq.br\/6149109996307398\" target=\"_blank\" rel=\"noopener noreferrer\">Carlos Augusto Canedo Gon\u00e7alves da Silva<\/a><\/p>\n<p><a href=\"http:\/\/lattes.cnpq.br\/1514296193975163\" target=\"_blank\" rel=\"noopener noreferrer\">Carlos Henrique Borlido Haddad<\/a><\/p>\n<p><a href=\"http:\/\/lattes.cnpq.br\/8604310021162721\" target=\"_blank\" rel=\"noopener noreferrer\">Daniela de Freitas Marques<\/a><\/p>\n<p><a href=\"http:\/\/lattes.cnpq.br\/0274220523119291\" target=\"_blank\" rel=\"noopener noreferrer\">Felipe Martins Pinto<\/a><\/p>\n<p><a href=\"http:\/\/lattes.cnpq.br\/5437743958846768\" target=\"_blank\" rel=\"noopener noreferrer\">Fernando Ant\u00f4nio Nogueira Galv\u00e3o da Rocha<\/a><\/p>\n<p><a href=\"http:\/\/lattes.cnpq.br\/0657217202573863\" target=\"_blank\" rel=\"noopener noreferrer\">Frederico Gomes de Almeida Horta<\/a><\/p>\n<p><a href=\"http:\/\/lattes.cnpq.br\/2123898930562743\" target=\"_blank\" rel=\"noopener noreferrer\">Hermes Vilchez Guerrero<\/a><\/p>\n<p><a href=\"http:\/\/lattes.cnpq.br\/5743559984353297\" target=\"_blank\" rel=\"noopener noreferrer\">J\u00falio C\u00e9sar Faria Zini<\/a><\/p>\n<p><a href=\"http:\/\/lattes.cnpq.br\/5388381867392010\" target=\"_blank\" rel=\"noopener noreferrer\">Leonardo Augusto Marinho Marques<\/a><\/p>\n<p><a href=\"http:\/\/lattes.cnpq.br\/3652733894640394\" target=\"_blank\" rel=\"noopener noreferrer\">Luis Augusto Sanzo Brodt<\/a><\/p>\n<p><a href=\"http:\/\/lattes.cnpq.br\/8420955402718496\" target=\"_blank\" rel=\"noopener noreferrer\">S\u00e9rgio Luiz Souza Ara\u00fajo<\/a><\/p>\n<p><a href=\"http:\/\/lattes.cnpq.br\/6090986439508650\" target=\"_blank\" rel=\"noopener noreferrer\">T\u00falio Lima Vianna<\/a><\/p>\n<p><strong>Departamento de Direito P\u00fablico &#8211; DIP<\/strong><\/p>\n<p><a href=\"http:\/\/lattes.cnpq.br\/2242753684555998\" target=\"_blank\" rel=\"noopener noreferrer\">Adamo Dias Alves<\/a><\/p>\n<p><a href=\"http:\/\/lattes.cnpq.br\/8283209959095168\" target=\"_blank\" rel=\"noopener noreferrer\">Adriana Campos Silva<\/a><\/p>\n<p>Adriano Alberto Smolarek<\/p>\n<p>Alexandre Ant\u00f4nio Alkmim Teixeira<\/p>\n<p>Alexandre Gustavo Melo Franco Bahia<\/p>\n<p><a href=\"http:\/\/lattes.cnpq.br\/5796728235487315\" target=\"_blank\" rel=\"noopener noreferrer\">Aziz Tuffi Saliba<\/a><\/p>\n<p><a href=\"http:\/\/lattes.cnpq.br\/9044160342461871\" target=\"_blank\" rel=\"noopener noreferrer\">Bernardo Gon\u00e7alves Alfredo Fernandes<\/a><\/p>\n<p><a href=\"http:\/\/lattes.cnpq.br\/9164455722578243\" target=\"_blank\" rel=\"noopener noreferrer\">Bruno Wanderley J\u00fanior<\/a><\/p>\n<p><a href=\"http:\/\/lattes.cnpq.br\/3173661801895798\" target=\"_blank\" rel=\"noopener noreferrer\">Carla Ribeiro Volpini Silva<\/a><\/p>\n<p><a href=\"http:\/\/lattes.cnpq.br\/3123980301720047\" target=\"_blank\" rel=\"noopener noreferrer\">Cristiana Maria Fortini Pinto e Silva<\/a><\/p>\n<p><a href=\"http:\/\/lattes.cnpq.br\/3860243568106899\" target=\"_blank\" rel=\"noopener noreferrer\">Daniel Gaio<\/a><\/p>\n<p><a href=\"http:\/\/buscatextual.cnpq.br\/buscatextual\/visualizacv.do?id=K4794529U9\" target=\"_blank\" rel=\"noopener noreferrer\">Daniela Mello Coelho Haikal<\/a><\/p>\n<p><a href=\"http:\/\/lattes.cnpq.br\/5252529965536226\" target=\"_blank\" rel=\"noopener noreferrer\">Davi Monteiro Diniz<\/a><\/p>\n<p><a href=\"http:\/\/lattes.cnpq.br\/3179808724747993\" target=\"_blank\" rel=\"noopener noreferrer\">Em\u00edlio Peluso Neder Meyer<\/a><\/p>\n<p><a href=\"http:\/\/lattes.cnpq.br\/0774773766995009\" target=\"_blank\" rel=\"noopener noreferrer\">Eurico Bitencourt Neto<\/a><\/p>\n<p><a href=\"http:\/\/lattes.cnpq.br\/8894679624874617\" target=\"_blank\" rel=\"noopener noreferrer\">Fabiano Teodoro de Rezende Lara<\/a><\/p>\n<p><a href=\"http:\/\/lattes.cnpq.br\/5769184361010463\" target=\"_blank\" rel=\"noopener noreferrer\">Fl\u00e1vio Couto Bernardes<\/a><\/p>\n<p><a href=\"http:\/\/lattes.cnpq.br\/7962143294679740\" target=\"_blank\" rel=\"noopener noreferrer\">Florivaldo Dutra Ara\u00fajo<\/a><\/p>\n<p><a href=\"http:\/\/lattes.cnpq.br\/9941806498785778\" target=\"_blank\" rel=\"noopener noreferrer\">Francisco de Castilho Prates<\/a><\/p>\n<p><span style=\"font-size: small;\"><span style=\"font-size: 12pt;\">Frederico Menezes Breyner<\/span> <\/span><\/p>\n<p>Gabriela Cristina Braga Navarro<\/p>\n<p><a href=\"http:\/\/lattes.cnpq.br\/8525677886136477\" target=\"_blank\" rel=\"noopener noreferrer\">Giovani Clark<\/a><\/p>\n<p><a href=\"http:\/\/lattes.cnpq.br\/6713925333676182\" target=\"_blank\" rel=\"noopener noreferrer\">Jamile Bergamaschine Mata Diz<\/a><\/p>\n<p>Jos\u00e9 Alfredo Borges<\/p>\n<p><a href=\"http:\/\/lattes.cnpq.br\/3280349700985398\" target=\"_blank\" rel=\"noopener noreferrer\">Jos\u00e9 Luiz Borges Horta<\/a><\/p>\n<p><a href=\"http:\/\/lattes.cnpq.br\/8271201946056867\" target=\"_blank\" rel=\"noopener noreferrer\">Jos\u00e9 Luiz Quadros de Magalh\u00e3es<\/a><\/p>\n<p><a href=\"http:\/\/lattes.cnpq.br\/9666480072599030\" target=\"_blank\" rel=\"noopener noreferrer\">Leandro Novais e Silva<\/a><\/p>\n<p><span style=\"font-size: small;\"><span style=\"font-size: 12pt;\">Leonardo Alves Correa<\/span> <\/span><\/p>\n<p><a href=\"http:\/\/lattes.cnpq.br\/0543628284746560\">Lucas Carlos Lima<\/a><\/p>\n<p><a href=\"http:\/\/lattes.cnpq.br\/0973738431683871\" target=\"_blank\" rel=\"noopener noreferrer\">Leonardo Nemer Caldeira Brant<\/a><\/p>\n<p><a href=\"http:\/\/lattes.cnpq.br\/1689455352518174\" target=\"_blank\" rel=\"noopener noreferrer\">Luciano de Ara\u00fajo Ferraz<\/a><\/p>\n<p><a href=\"http:\/\/lattes.cnpq.br\/4442732824534071\" target=\"_blank\" rel=\"noopener noreferrer\">Marcelo Andrade Cattoni de Oliveira<\/a><\/p>\n<p><a href=\"http:\/\/lattes.cnpq.br\/7649601416062501\" target=\"_blank\" rel=\"noopener noreferrer\">M\u00e1rcio Lu\u00eds de Oliveira<\/a><\/p>\n<p><a href=\"http:\/\/lattes.cnpq.br\/8213163806340232\" target=\"_blank\" rel=\"noopener noreferrer\">Maria Tereza Fonseca Dias<\/a><\/p>\n<p><a href=\"http:\/\/lattes.cnpq.br\/2284086832664522\" target=\"_blank\" rel=\"noopener noreferrer\">Onofre Alves Batista J\u00fanior<\/a><\/p>\n<p><a href=\"http:\/\/lattes.cnpq.br\/5287516035569471\" target=\"_blank\" rel=\"noopener noreferrer\">Paulo Roberto Coimbra Silva<\/a><\/p>\n<p><a href=\"http:\/\/lattes.cnpq.br\/5616314176209557\" target=\"_blank\" rel=\"noopener noreferrer\">Raoni Macedo Bielschowsky<\/a><\/p>\n<p><a href=\"http:\/\/lattes.cnpq.br\/8780363284231214\" target=\"_blank\" rel=\"noopener noreferrer\">Roberto Luiz Silva<\/a><\/p>\n<p><a href=\"http:\/\/lattes.cnpq.br\/1032742283143550\" target=\"_blank\" rel=\"noopener noreferrer\">Valter de Souza Lobato<\/a><\/p>\n<p><a href=\"http:\/\/lattes.cnpq.br\/0510123689775433\" target=\"_blank\" rel=\"noopener noreferrer\">Werther Botelho Spagnol<\/a><\/p>\n<p><strong>Departamento de Direito do Trabalho e Introdu\u00e7\u00e3o ao Estudo do Direito- DIT<\/strong><\/p>\n<p><a href=\"http:\/\/lattes.cnpq.br\/8356833900456422\" target=\"_blank\" rel=\"noopener noreferrer\">Adriana Goulart de Sena Orsini<\/a><\/p>\n<p><a href=\"http:\/\/lattes.cnpq.br\/7390484026988433\" target=\"_blank\" rel=\"noopener noreferrer\">Alexandre Travessoni Gomes Trivisonno<\/a><\/p>\n<p><a href=\"http:\/\/lattes.cnpq.br\/0041020568775520\" target=\"_blank\" rel=\"noopener noreferrer\">Andityas Soares de Moura Costa Matos<\/a><\/p>\n<p><a href=\"http:\/\/lattes.cnpq.br\/2532970268717614\" target=\"_blank\" rel=\"noopener noreferrer\">Ant\u00f4nio Gomes de Vasconcelos<\/a><\/p>\n<p><a href=\"http:\/\/lattes.cnpq.br\/1844425773463648\" target=\"_blank\" rel=\"noopener noreferrer\">Barbara Almeida Duarte<\/a><\/p>\n<p><a href=\"http:\/\/lattes.cnpq.br\/7229812227743668\" target=\"_blank\" rel=\"noopener noreferrer\">Camila Silva Nic\u00e1cio<\/a><\/p>\n<p><a href=\"http:\/\/lattes.cnpq.br\/0010322004110521\" target=\"_blank\" rel=\"noopener noreferrer\">Daniela Muradas Antunes<\/a><\/p>\n<p><a href=\"http:\/\/lattes.cnpq.br\/1828373618919886\" target=\"_blank\" rel=\"noopener noreferrer\">David Francisco Lopes Gomes<\/a><\/p>\n<p><a href=\"http:\/\/lattes.cnpq.br\/5436421144266385\" target=\"_blank\" rel=\"noopener noreferrer\">Fabiana de Menezes Soares<\/a><\/p>\n<p><a href=\"http:\/\/lattes.cnpq.br\/0945463330398836\" target=\"_blank\" rel=\"noopener noreferrer\">Fabr\u00edcio Bertini Pasquot Polido<\/a><\/p>\n<p><a href=\"http:\/\/lattes.cnpq.br\/2221823383151405\" target=\"_blank\" rel=\"noopener noreferrer\">Gabriel Rezende de Souza Pinto<\/a><\/p>\n<p><a href=\"http:\/\/lattes.cnpq.br\/6051232864493698\" target=\"_blank\" rel=\"noopener noreferrer\">Gustavo Seferian Scheffer Machado<\/a><\/p>\n<p><a href=\"http:\/\/lattes.cnpq.br\/5887911663531885\" target=\"_blank\" rel=\"noopener noreferrer\">Juliana Ces\u00e1rio Alvim Gomes<\/a><\/p>\n<p><a href=\"http:\/\/lattes.cnpq.br\/4027979889281587\" target=\"_blank\" rel=\"noopener noreferrer\">Juraciara Vieira Cardoso<\/a><\/p>\n<p><a href=\"http:\/\/lattes.cnpq.br\/692402434367347\" target=\"_blank\" rel=\"noopener noreferrer\">Karine Salgado<\/a><\/p>\n<p><a href=\"http:\/\/lattes.cnpq.br\/8820390638683747\" target=\"_blank\" rel=\"noopener noreferrer\">Laura Cristina Eiras Coelho Soares<\/a><\/p>\n<p><a href=\"http:\/\/lattes.cnpq.br\/9536102634454549\" target=\"_blank\" rel=\"noopener noreferrer\">Lisandra Moreira<\/a><\/p>\n<p><a href=\"http:\/\/lattes.cnpq.br\/7614011603921735\" target=\"_blank\" rel=\"noopener noreferrer\">L\u00edvia Mendes Moreira Miraglia<\/a><\/p>\n<p><a href=\"http:\/\/lattes.cnpq.br\/7242548325745686\" target=\"_blank\" rel=\"noopener noreferrer\">Lorena Martoni de Freitas<\/a><\/p>\n<p><a href=\"http:\/\/lattes.cnpq.br\/8108778104559805\" target=\"_blank\" rel=\"noopener noreferrer\">Marcella Furtado de Magalh\u00e3es Gomes<\/a><\/p>\n<p><a href=\"http:\/\/lattes.cnpq.br\/3883590920517833\" target=\"_blank\" rel=\"noopener noreferrer\">Marcelo Campos Galuppo<\/a><\/p>\n<p><a href=\"http:\/\/lattes.cnpq.br\/0645626939958600\" target=\"_blank\" rel=\"noopener noreferrer\">Marcelo Maciel Ramos<\/a><\/p>\n<p><a href=\"http:\/\/lattes.cnpq.br\/3781743161897964\" target=\"_blank\" rel=\"noopener noreferrer\">Marco Ant\u00f4nio Sousa Alves<\/a><\/p>\n<p><a href=\"http:\/\/lattes.cnpq.br\/7074003578919112\" target=\"_blank\" rel=\"noopener noreferrer\">Maria Fernanda Salcedo Repol\u00eas<\/a><\/p>\n<p><a href=\"http:\/\/lattes.cnpq.br\/5682159098769542\" target=\"_blank\" rel=\"noopener noreferrer\">Maria Rosaria Barbato<\/a><\/p>\n<p><a href=\"http:\/\/lattes.cnpq.br\/9693432157207273\" target=\"_blank\" rel=\"noopener noreferrer\">Mariah Brochado Ferreira<\/a><\/p>\n<p><a href=\"http:\/\/lattes.cnpq.br\/5009979325469402\" target=\"_blank\" rel=\"noopener noreferrer\">Milton Vasques Thibau de Almeida<\/a><\/p>\n<p><a href=\"http:\/\/lattes.cnpq.br\/6324277285347512\" target=\"_blank\" rel=\"noopener noreferrer\">M\u00f4nica Sette Lopes<\/a><\/p>\n<p><a href=\"http:\/\/lattes.cnpq.br\/0685837899874499\" target=\"_blank\" rel=\"noopener noreferrer\">Nath\u00e1lia Lipovetsky e Silva<\/a><\/p>\n<p><a href=\"http:\/\/lattes.cnpq.br\/2890333806124427\" target=\"_blank\" rel=\"noopener noreferrer\">Pablo Antonio Lago<\/a><\/p>\n<p><a href=\"http:\/\/lattes.cnpq.br\/1093377978448361\" target=\"_blank\" rel=\"noopener noreferrer\">Pedro Augusto Gravat\u00e1 Nicoli<\/a><\/p>\n<p><a href=\"http:\/\/lattes.cnpq.br\/0182414888427256\" target=\"_blank\" rel=\"noopener noreferrer\">Renato C\u00e9sar Cardoso<\/a><\/p>\n<p><a href=\"http:\/\/lattes.cnpq.br\/1363982529464255\" target=\"_blank\" rel=\"noopener noreferrer\">Ricardo Sontag<\/a><\/p>\n<p><a href=\"http:\/\/lattes.cnpq.br\/5179211509409728\" target=\"_blank\" rel=\"noopener noreferrer\">Roberto Vasconcelos Novaes<\/a><\/p>\n<p><a href=\"http:\/\/lattes.cnpq.br\/4992805338660663\" target=\"_blank\" rel=\"noopener noreferrer\">Sielen Barreto Caldas de Vilhena<\/a><\/p>\n<p><a href=\"http:\/\/lattes.cnpq.br\/8173573005064335\" target=\"_blank\" rel=\"noopener noreferrer\">Thiago Aguiar Simim<\/a><\/p>\n<p><a href=\"http:\/\/lattes.cnpq.br\/3304021503105782\" target=\"_blank\" rel=\"noopener noreferrer\">Thiago Lopes Decat<\/a><\/p>\n<p><a href=\"http:\/\/lattes.cnpq.br\/9752509896150589\" target=\"_blank\" rel=\"noopener noreferrer\">Thomas da Rosa de Bustamante<\/a><\/p>\n<p><a href=\"http:\/\/lattes.cnpq.br\/6613091677023706\" target=\"_blank\" rel=\"noopener noreferrer\">Victor Hugo Criscuolo Boson<\/a><\/p>\n<p><a href=\"http:\/\/lattes.cnpq.br\/0871083138441617\" target=\"_blank\" rel=\"noopener noreferrer\">Vitor Bartoletti Sartori<\/a><\/p>\n","protected":false},"excerpt":{"rendered":"<p>Clique no nome para acessar o Curr\u00edculo Lattes. Departamento de Direito e Processo Civil e Comercial \u2013 DIC Brunello Souza Stancioli Carla Vasconcelos Carvalho C\u00e9sar Augusto de Castro Fiuza Christian Sahb Batista Lopes Dierle Jos\u00e9 [&hellip;]<\/p>\n","protected":false},"author":1,"featured_media":0,"parent":0,"menu_order":0,"comment_status":"closed","ping_status":"closed","template":"","meta":{"footnotes":""},"class_list":["post-4051","page","type-page","status-publish","hentry"],"publishpress_future_action":{"enabled":false,"date":"2026-04-25 00:23:34","action":"change-status","newStatus":"draft","terms":[],"taxonomy":"","extraData":[]},"publishpress_future_workflow_manual_trigger":{"enabledWorkflows":[]},"_links":{"self":[{"href":"https:\/\/www.direito.ufmg.br\/index.php?rest_route=\/wp\/v2\/pages\/4051","targetHints":{"allow":["GET"]}}],"collection":[{"href":"https:\/\/www.direito.ufmg.br\/index.php?rest_route=\/wp\/v2\/pages"}],"about":[{"href":"https:\/\/www.direito.ufmg.br\/index.php?rest_route=\/wp\/v2\/types\/page"}],"author":[{"embeddable":true,"href":"https:\/\/www.direito.ufmg.br\/index.php?rest_route=\/wp\/v2\/users\/1"}],"replies":[{"embeddable":true,"href":"https:\/\/www.direito.ufmg.br\/index.php?rest_route=%2Fwp%2Fv2%2Fcomments&post=4051"}],"version-history":[{"count":0,"href":"https:\/\/www.direito.ufmg.br\/index.php?rest_route=\/wp\/v2\/pages\/4051\/revisions"}],"wp:attachment":[{"href":"https:\/\/www.direito.ufmg.br\/index.php?rest_route=%2Fwp%2Fv2%2Fmedia&parent=4051"}],"curies":[{"name":"wp","href":"https:\/\/api.w.org\/{rel}","templated":true}]}}