{"id":5688,"date":"2017-12-04T13:13:45","date_gmt":"2017-12-04T15:13:45","guid":{"rendered":"http:\/\/150.164.104.182:8080\/wordpress\/?page_id=5688"},"modified":"2019-06-03T19:01:49","modified_gmt":"2019-06-03T22:01:49","slug":"atas-da-congregacao-2013","status":"publish","type":"page","link":"https:\/\/www.direito.ufmg.br\/?page_id=5688","title":{"rendered":"Atas da Congrega\u00e7\u00e3o &#8211; 2013"},"content":{"rendered":"<table>\n<tbody>\n<tr style=\"background-color: #ffe7dc;\">\n<td><a href=\".\/images\/stories\/documentos\/atascongregacao\/ata06112013.pdf\" target=\"_blank\" rel=\"noopener noreferrer\">Ata da Reuni\u00e3o de 06 de novembro de 2013<\/a><\/td>\n<td><a href=\".\/images\/stories\/documentos\/atascongregacao\/ata06112013.pdf\" target=\"_blank\" rel=\"noopener noreferrer\"><img loading=\"lazy\" decoding=\"async\" class=\"alignnone wp-image-7683 size-full\" src=\"http:\/\/150.164.104.182:8080\/wordpress\/wp-content\/uploads\/2019\/05\/icone-pdficon.gif\" alt=\"\" width=\"34\" height=\"34\" \/><\/a><\/td>\n<\/tr>\n<tr style=\"background-color: #ffffff;\">\n<td><\/td>\n<td><\/td>\n<\/tr>\n<tr style=\"background-color: #ffe7dc;\">\n<td><a href=\".\/images\/stories\/documentos\/atascongregacao\/ata01102013.pdf\" target=\"_blank\" rel=\"noopener noreferrer\">Ata da Reuni\u00e3o de 01 de outubro de 2013<\/a><\/td>\n<td><a href=\".\/images\/stories\/documentos\/atascongregacao\/ata01102013.pdf\" target=\"_blank\" rel=\"noopener noreferrer\"><img loading=\"lazy\" decoding=\"async\" class=\"alignnone wp-image-7683 size-full\" src=\"http:\/\/150.164.104.182:8080\/wordpress\/wp-content\/uploads\/2019\/05\/icone-pdficon.gif\" alt=\"\" width=\"34\" height=\"34\" \/><\/a><\/td>\n<\/tr>\n<tr style=\"background-color: #ffffff;\">\n<td><\/td>\n<td><\/td>\n<\/tr>\n<tr style=\"background-color: #ffe7dc;\">\n<td><a href=\".\/images\/stories\/documentos\/atascongregacao\/ata18092013.pdf\" target=\"_blank\" rel=\"noopener noreferrer\">Ata da Reuni\u00e3o de 18 de setembro de 2013<\/a><\/td>\n<td><a href=\".\/images\/stories\/documentos\/atascongregacao\/ata18092013.pdf\" target=\"_blank\" rel=\"noopener noreferrer\"><img loading=\"lazy\" decoding=\"async\" class=\"alignnone wp-image-7683 size-full\" src=\"http:\/\/150.164.104.182:8080\/wordpress\/wp-content\/uploads\/2019\/05\/icone-pdficon.gif\" alt=\"\" width=\"34\" height=\"34\" \/><\/a><\/td>\n<\/tr>\n<tr style=\"background-color: #ffffff;\">\n<td><\/td>\n<td><\/td>\n<\/tr>\n<tr style=\"background-color: #ffe7dc;\">\n<td><a href=\".\/images\/stories\/documentos\/atascongregacao\/ata14082013ext.pdf\" target=\"_blank\" rel=\"noopener noreferrer\">Ata da Reuni\u00e3o de 14 de agosto de 2013 &#8211; Extraordin\u00e1ria<\/a><\/td>\n<td><a href=\".\/images\/stories\/documentos\/atascongregacao\/ata14082013ext.pdf\" target=\"_blank\" rel=\"noopener noreferrer\"><img loading=\"lazy\" decoding=\"async\" class=\"alignnone wp-image-7683 size-full\" src=\"http:\/\/150.164.104.182:8080\/wordpress\/wp-content\/uploads\/2019\/05\/icone-pdficon.gif\" alt=\"\" width=\"34\" height=\"34\" \/><\/a><\/td>\n<\/tr>\n<tr style=\"background-color: #ffffff;\">\n<td><\/td>\n<td><\/td>\n<\/tr>\n<tr style=\"background-color: #ffe7dc;\">\n<td><a href=\".\/images\/stories\/documentos\/atascongregacao\/ata08082013.pdf\" target=\"_blank\" rel=\"noopener noreferrer\">Ata da Reuni\u00e3o de 08 de agosto de 2013<\/a><\/td>\n<td><a href=\".\/images\/stories\/documentos\/atascongregacao\/ata08082013.pdf\" target=\"_blank\" rel=\"noopener noreferrer\"><img loading=\"lazy\" decoding=\"async\" class=\"alignnone wp-image-7683 size-full\" src=\"http:\/\/150.164.104.182:8080\/wordpress\/wp-content\/uploads\/2019\/05\/icone-pdficon.gif\" alt=\"\" width=\"34\" height=\"34\" \/><\/a><\/td>\n<\/tr>\n<tr style=\"background-color: #ffffff;\">\n<td><\/td>\n<td><\/td>\n<\/tr>\n<tr style=\"background-color: #ffe7dc;\">\n<td><a href=\"http:\/\/150.164.104.182:8080\/wordpress\/wp-content\/uploads\/2019\/04\/Projeto-Qualifica\u00e7\u00e3o-Ana-Luiza-Braga-Guatimosim.pdf\" target=\"_blank\" rel=\"noopener noreferrer\">Projeto Qualifica\u00e7\u00e3o &#8211; Ana Luiza Braga Guatimosim<\/a><\/td>\n<td><a href=\"http:\/\/150.164.104.182:8080\/wordpress\/wp-content\/uploads\/2019\/04\/Projeto-Qualifica\u00e7\u00e3o-Ana-Luiza-Braga-Guatimosim.pdf\" target=\"_blank\" rel=\"noopener noreferrer\"><img loading=\"lazy\" decoding=\"async\" class=\"alignnone wp-image-7683 size-full\" src=\"http:\/\/150.164.104.182:8080\/wordpress\/wp-content\/uploads\/2019\/05\/icone-pdficon.gif\" alt=\"\" width=\"34\" height=\"34\" \/><\/a><\/td>\n<\/tr>\n<tr style=\"background-color: #ffffff;\">\n<td><\/td>\n<td><\/td>\n<\/tr>\n<tr style=\"background-color: #ffe7dc;\">\n<td><a href=\".\/images\/stories\/documentos\/atascongregacao\/ata05082013ext.pdf\" target=\"_blank\" rel=\"noopener noreferrer\">Ata da Reuni\u00e3o de 05 de agosto de 2013 &#8211; Extraordin\u00e1ria<\/a><\/td>\n<td><a href=\".\/images\/stories\/documentos\/atascongregacao\/ata05082013ext.pdf\" target=\"_blank\" rel=\"noopener noreferrer\"><img loading=\"lazy\" decoding=\"async\" class=\"alignnone wp-image-7683 size-full\" src=\"http:\/\/150.164.104.182:8080\/wordpress\/wp-content\/uploads\/2019\/05\/icone-pdficon.gif\" alt=\"\" width=\"34\" height=\"34\" \/><\/a><\/td>\n<\/tr>\n<tr style=\"background-color: #ffffff;\">\n<td><\/td>\n<td><\/td>\n<\/tr>\n<tr style=\"background-color: #ffe7dc;\">\n<td><a href=\".\/images\/stories\/documentos\/atascongregacao\/ata01082013ext.pdf\" target=\"_blank\" rel=\"noopener noreferrer\">Ata da Reuni\u00e3o de 01 de agosto de 2013 &#8211; Extraordin\u00e1ria<\/a><\/td>\n<td><a href=\".\/images\/stories\/documentos\/atascongregacao\/ata01082013ext.pdf\" target=\"_blank\" rel=\"noopener noreferrer\"><img loading=\"lazy\" decoding=\"async\" class=\"alignnone wp-image-7683 size-full\" src=\"http:\/\/150.164.104.182:8080\/wordpress\/wp-content\/uploads\/2019\/05\/icone-pdficon.gif\" alt=\"\" width=\"34\" height=\"34\" \/><\/a><\/td>\n<\/tr>\n<tr style=\"background-color: #ffffff;\">\n<td><\/td>\n<td><\/td>\n<\/tr>\n<tr style=\"background-color: #ffe7dc;\">\n<td><a href=\".\/images\/stories\/documentos\/atascongregacao\/ata03072013ext.pdf\" target=\"_blank\" rel=\"noopener noreferrer\">Ata da Reuni\u00e3o de 03 de julho de 2013<\/a><\/td>\n<td><a href=\".\/images\/stories\/documentos\/atascongregacao\/ata03072013ext.pdf\" target=\"_blank\" rel=\"noopener noreferrer\"><img loading=\"lazy\" decoding=\"async\" class=\"alignnone wp-image-7683 size-full\" src=\"http:\/\/150.164.104.182:8080\/wordpress\/wp-content\/uploads\/2019\/05\/icone-pdficon.gif\" alt=\"\" width=\"34\" height=\"34\" \/><\/a><\/td>\n<\/tr>\n<tr style=\"background-color: #ffffff;\">\n<td><\/td>\n<td><\/td>\n<\/tr>\n<tr style=\"background-color: #ffe7dc;\">\n<td><a href=\".\/images\/stories\/documentos\/atascongregacao\/ata05062013.pdf\" target=\"_blank\" rel=\"noopener noreferrer\">Ata da Reuni\u00e3o de 05 de junho de 2013<\/a><\/td>\n<td><a href=\".\/images\/stories\/documentos\/atascongregacao\/ata05062013.pdf\" target=\"_blank\" rel=\"noopener noreferrer\"><img loading=\"lazy\" decoding=\"async\" class=\"alignnone wp-image-7683 size-full\" src=\"http:\/\/150.164.104.182:8080\/wordpress\/wp-content\/uploads\/2019\/05\/icone-pdficon.gif\" alt=\"\" width=\"34\" height=\"34\" \/><\/a><\/td>\n<\/tr>\n<tr style=\"background-color: #ffffff;\">\n<td><\/td>\n<td><\/td>\n<\/tr>\n<tr style=\"background-color: #ffe7dc;\">\n<td><a href=\".\/images\/stories\/documentos\/atascongregacao\/ata08052013.pdf\" target=\"_blank\" rel=\"noopener noreferrer\">Ata da Reuni\u00e3o de 08 de maio de 2013<\/a><\/td>\n<td><a href=\".\/images\/stories\/documentos\/atascongregacao\/ata08052013.pdf\" target=\"_blank\" rel=\"noopener noreferrer\"><img loading=\"lazy\" decoding=\"async\" class=\"alignnone wp-image-7683 size-full\" src=\"http:\/\/150.164.104.182:8080\/wordpress\/wp-content\/uploads\/2019\/05\/icone-pdficon.gif\" alt=\"\" width=\"34\" height=\"34\" \/><\/a><\/td>\n<\/tr>\n<tr style=\"background-color: #ffffff;\">\n<td><\/td>\n<td><\/td>\n<\/tr>\n<tr style=\"background-color: #ffe7dc;\">\n<td><a href=\".\/images\/stories\/documentos\/atascongregacao\/ata07032013.pdf\" target=\"_blank\" rel=\"noopener noreferrer\">Ata da Reuni\u00e3o de 07 de mar\u00e7o de 2013<\/a><\/td>\n<td><a href=\".\/images\/stories\/documentos\/atascongregacao\/ata07032013.pdf\" target=\"_blank\" rel=\"noopener noreferrer\"><img loading=\"lazy\" decoding=\"async\" class=\"alignnone wp-image-7683 size-full\" src=\"http:\/\/150.164.104.182:8080\/wordpress\/wp-content\/uploads\/2019\/05\/icone-pdficon.gif\" alt=\"\" width=\"34\" height=\"34\" \/><\/a><\/td>\n<\/tr>\n<\/tbody>\n<\/table>\n","protected":false},"excerpt":{"rendered":"<p>Ata da Reuni\u00e3o de 06 de novembro de 2013 Ata da Reuni\u00e3o de 01 de outubro de 2013 Ata da Reuni\u00e3o de 18 de setembro de 2013 Ata da Reuni\u00e3o de 14 de agosto de [&hellip;]<\/p>\n","protected":false},"author":1,"featured_media":0,"parent":0,"menu_order":0,"comment_status":"closed","ping_status":"closed","template":"","meta":{"footnotes":""},"class_list":["post-5688","page","type-page","status-publish","hentry"],"publishpress_future_action":{"enabled":false,"date":"2026-04-27 16:37:35","action":"change-status","newStatus":"draft","terms":[],"taxonomy":"","extraData":[]},"publishpress_future_workflow_manual_trigger":{"enabledWorkflows":[]},"_links":{"self":[{"href":"https:\/\/www.direito.ufmg.br\/index.php?rest_route=\/wp\/v2\/pages\/5688","targetHints":{"allow":["GET"]}}],"collection":[{"href":"https:\/\/www.direito.ufmg.br\/index.php?rest_route=\/wp\/v2\/pages"}],"about":[{"href":"https:\/\/www.direito.ufmg.br\/index.php?rest_route=\/wp\/v2\/types\/page"}],"author":[{"embeddable":true,"href":"https:\/\/www.direito.ufmg.br\/index.php?rest_route=\/wp\/v2\/users\/1"}],"replies":[{"embeddable":true,"href":"https:\/\/www.direito.ufmg.br\/index.php?rest_route=%2Fwp%2Fv2%2Fcomments&post=5688"}],"version-history":[{"count":0,"href":"https:\/\/www.direito.ufmg.br\/index.php?rest_route=\/wp\/v2\/pages\/5688\/revisions"}],"wp:attachment":[{"href":"https:\/\/www.direito.ufmg.br\/index.php?rest_route=%2Fwp%2Fv2%2Fmedia&parent=5688"}],"curies":[{"name":"wp","href":"https:\/\/api.w.org\/{rel}","templated":true}]}}