{"id":5807,"date":"2017-12-04T16:09:43","date_gmt":"2017-12-04T18:09:43","guid":{"rendered":"http:\/\/150.164.104.182:8080\/wordpress\/?page_id=5807"},"modified":"2025-05-23T10:13:32","modified_gmt":"2025-05-23T13:13:32","slug":"corpo-docente-dic","status":"publish","type":"page","link":"https:\/\/www.direito.ufmg.br\/?page_id=5807","title":{"rendered":"DIC &#8211; Corpo Docente"},"content":{"rendered":"<p><strong>\u2013 Direito Civil<\/strong><br \/>\nBrunello Souza Stancioli<br \/>\nC\u00e9sar Augusto de Castro Fiuza<br \/>\nChristian Sahb Batista Lopes<br \/>\nEdgard Audomar Marx Neto<br \/>\nElena de Carvalho Gomes<br \/>\nEster Camila Gomes Norato Rezende<br \/>\nF\u00e1bio Queiroz Pereira<br \/>\nGiordano Bruno Soares Roberto<br \/>\nLeandro Martins Zanitelli<br \/>\nLeonardo Macedo Poli<br \/>\nLucas Costa de Oliveira<br \/>\nMarcelo de Oliveira Milagres<br \/>\nRenata Guimar\u00e3es Pompeu<br \/>\nYaska Fernanda de Lima Campos<\/p>\n<p><strong>\u2013 Direito Processual Civil<\/strong><br \/>\nDierle Jos\u00e9 Coelho Nunes<br \/>\nEdilson Vitorelli Diniz Lima<br \/>\n\u00c9rico Andrade<br \/>\nFernando Gonzaga Jayme<br \/>\nGl\u00e1ucio Ferreira Maciel Gon\u00e7alves<br \/>\nJo\u00e3o Alberto de Almeida<br \/>\nJos\u00e9 Marcos Rodrigues Vieira<br \/>\nJuliana Cordeiro de Faria<br \/>\nRenata Christiana Vieira Maia<br \/>\nTereza Cristina Sorice Baracho Thibau<\/p>\n<p><strong>\u2013 Direito Empresarial<\/strong><br \/>\nEduardo Goulart Pimenta<br \/>\nFernanda Valle Versiani<br \/>\nLeonardo Netto Parentoni<br \/>\nMarcelo Andrade F\u00e9res<br \/>\nNat\u00e1lia Cristina Chaves<br \/>\nRodrigo Almeida Magalh\u00e3es<br \/>\nR\u00fabia Carneiro Neves<br \/>\nS\u00e9rgio Mour\u00e3o Corr\u00eaa Lima<\/p>\n<p><strong>\u2013 Direito Privado<\/strong><br \/>\nCarla Vasconcelos Carvalho<br \/>\nMariana Alves Lara<\/p>\n<p>&nbsp;<\/p>\n","protected":false},"excerpt":{"rendered":"<p>\u2013 Direito Civil Brunello Souza Stancioli C\u00e9sar Augusto de Castro Fiuza Christian Sahb Batista Lopes Edgard Audomar Marx Neto Elena de Carvalho Gomes Ester Camila Gomes Norato Rezende F\u00e1bio Queiroz Pereira Giordano Bruno Soares Roberto [&hellip;]<\/p>\n","protected":false},"author":1,"featured_media":0,"parent":0,"menu_order":0,"comment_status":"closed","ping_status":"closed","template":"","meta":{"footnotes":""},"class_list":["post-5807","page","type-page","status-publish","hentry"],"publishpress_future_action":{"enabled":false,"date":"2026-05-21 22:39:15","action":"change-status","newStatus":"draft","terms":[],"taxonomy":"","extraData":[]},"publishpress_future_workflow_manual_trigger":{"enabledWorkflows":[]},"_links":{"self":[{"href":"https:\/\/www.direito.ufmg.br\/index.php?rest_route=\/wp\/v2\/pages\/5807","targetHints":{"allow":["GET"]}}],"collection":[{"href":"https:\/\/www.direito.ufmg.br\/index.php?rest_route=\/wp\/v2\/pages"}],"about":[{"href":"https:\/\/www.direito.ufmg.br\/index.php?rest_route=\/wp\/v2\/types\/page"}],"author":[{"embeddable":true,"href":"https:\/\/www.direito.ufmg.br\/index.php?rest_route=\/wp\/v2\/users\/1"}],"replies":[{"embeddable":true,"href":"https:\/\/www.direito.ufmg.br\/index.php?rest_route=%2Fwp%2Fv2%2Fcomments&post=5807"}],"version-history":[{"count":0,"href":"https:\/\/www.direito.ufmg.br\/index.php?rest_route=\/wp\/v2\/pages\/5807\/revisions"}],"wp:attachment":[{"href":"https:\/\/www.direito.ufmg.br\/index.php?rest_route=%2Fwp%2Fv2%2Fmedia&parent=5807"}],"curies":[{"name":"wp","href":"https:\/\/api.w.org\/{rel}","templated":true}]}}