{"id":7268,"date":"2019-05-15T19:05:28","date_gmt":"2019-05-15T22:05:28","guid":{"rendered":"http:\/\/150.164.104.182:8080\/wordpress\/?page_id=7268"},"modified":"2019-06-10T21:21:09","modified_gmt":"2019-06-11T00:21:09","slug":"120-anos-historico","status":"publish","type":"page","link":"https:\/\/www.direito.ufmg.br\/?page_id=7268","title":{"rendered":"120 anos: Hist\u00f3rico"},"content":{"rendered":"<style>\ndiv {<br \/>  text-align: justify;<br \/>}<br \/><\/style>\n<table>\n<tbody>\n<tr>\n<td>A Escola Livre de Direito, atual Faculdade de Direito da UFMG, foi fundada no dia 10 de dezembro de 1892 na cidade de Ouro Preto, por iniciativa de um grupo particular de jovens que estudaram na Europa e que tinham ideias emancipadas para aquela \u00e9poca. Os fundadores da Faculdade de Direito foram advogados e juristas, como Afonso Augusto Moreira Pena (diretor), Francisco Luiz da Veiga (vice-diretor), Afonso Arinos de Melo Franco, Ant\u00f4nio Augusto de Lima, Levindo Ferreira Lopes, Francisco Silviano de Almeida Brand\u00e3o, entre outros.<br \/>\nEm 1898 a Faculdade de Direito foi transferida para Belo Horizonte. Localizada sempre na regi\u00e3o central, ela passou pela Rua Pernambuco, esquina com Cl\u00e1udio Manuel, e pela Rua da Bahia, esquina com Bernardo Guimar\u00e3es. Em 1901, sua instala\u00e7\u00e3o mudou-se para a Pra\u00e7a da Rep\u00fablica, atualmente Pra\u00e7a Afonso Arinos.Em 1958, o pr\u00e9dio antigo foi derrubado, surgindo em seu lugar o edif\u00edcio Villas-Boas, o edif\u00edcio Valle-Ferreira, inaugurado em 1990, e o edif\u00edcio-sede da Biblioteca, inaugurado em 1998.Atualmente, a Faculdade abrange o curso de Direito e o de Ci\u00eancias do Estado, que foi fundado no ano de 2008, e conta com um total de 2.536 alunos. Al\u00e9m disso, a unidade possui o CAAP (Centro Acad\u00eamico Afonso Pena), um dos mais tradicionais diret\u00f3rios de estudantes da UFMG, fundado em 1937, e o CACE (Centro Acad\u00eamico de Ci\u00eancias do Estado), fundado em outubro de 2010.\u00a0 Os departamentos da Faculdade de Direito dividem-se em Direito Civil, Direito Penal, Direito P\u00fablico, Direito do Trabalho e Introdu\u00e7\u00e3o ao Estudo de Direito.A escola conta ainda com \u00f3rg\u00e3os complementares, como a Biblioteca, fundada em Ouro Preto em 1892; Revista Brasileira de Estudos Pol\u00edticos, criada em 1956; N\u00facleo Interdisciplinar para Integra\u00e7\u00e3o de Ensino, Pesquisa e Extens\u00e3o (NIEPE), criado em 1994; Departamento de Assist\u00eancia Judici\u00e1ria (DAJ), fundado em 1958.Pelo fato de Afonso Pena ter sido um dos fundadores e o primeiro diretor da Faculdade de Direito da UFMG, ela \u00e9 chamada carinhosamente de Vetusta Casa de Afonso Pena por alunos, ex-alunos, professores e funcion\u00e1rios, e por toda a comunidade acad\u00eamica e jur\u00eddica que a integra.Desde a sua funda\u00e7\u00e3o, a Faculdade de Direito atua como unidade de ensino e centro formador de ideias relacionadas com o desenvolvimento sociopol\u00edtico do pa\u00eds. V\u00e1rios nomes ilustres\u2013 do ex-presidente da Rep\u00fablica Afonso Pena ao atual governador de Minas Gerais, Antonio Anastasia \u2013 fazem parte da sua hist\u00f3ria, que converge com a pr\u00f3pria hist\u00f3ria de Belo Horizonte.<\/p>\n<p>A Faculdade sempre foi um centro de estudantes politizados e preocupados com a luta pelos direitos e princ\u00edpios democr\u00e1ticos. Os alunos da Vetusta destacam-se pela sua intensa participa\u00e7\u00e3o pol\u00edtica, por exemplo, durante a Ditadura Militar, ao resistirem \u00e0 opress\u00e3o, lutando pelas liberdades civis, pelas elei\u00e7\u00f5es diretas e pelo processo de redemocratiza\u00e7\u00e3o do pa\u00eds.<\/p>\n<p>Em 2012 a Faculdade de Direito da UFMG completa 120 anos e, para a comemora\u00e7\u00e3o e homenagem \u00e0 Vetusta, \u00e9 preciso unir as gera\u00e7\u00f5es que fizeram parte da sua hist\u00f3ria, ressaltando a import\u00e2ncia da Faculdade para toda sociedade. O momento representa oportunidade de confraterniza\u00e7\u00e3o dos membros mais antigos com os mais recentes, com vistas em difundir as v\u00e1rias hist\u00f3rias, que perpassaram esses anos, e manter acesa a mem\u00f3ria da entidade.<\/td>\n<\/tr>\n<\/tbody>\n<\/table>\n","protected":false},"excerpt":{"rendered":"<p>A Escola Livre de Direito, atual Faculdade de Direito da UFMG, foi fundada no dia 10 de dezembro de 1892 na cidade de Ouro Preto, por iniciativa de um grupo particular de jovens que estudaram [&hellip;]<\/p>\n","protected":false},"author":1,"featured_media":0,"parent":0,"menu_order":0,"comment_status":"closed","ping_status":"closed","template":"","meta":{"footnotes":""},"class_list":["post-7268","page","type-page","status-publish","hentry"],"publishpress_future_action":{"enabled":false,"date":"2026-04-27 09:57:07","action":"change-status","newStatus":"draft","terms":[],"taxonomy":"","extraData":[]},"publishpress_future_workflow_manual_trigger":{"enabledWorkflows":[]},"_links":{"self":[{"href":"https:\/\/www.direito.ufmg.br\/index.php?rest_route=\/wp\/v2\/pages\/7268","targetHints":{"allow":["GET"]}}],"collection":[{"href":"https:\/\/www.direito.ufmg.br\/index.php?rest_route=\/wp\/v2\/pages"}],"about":[{"href":"https:\/\/www.direito.ufmg.br\/index.php?rest_route=\/wp\/v2\/types\/page"}],"author":[{"embeddable":true,"href":"https:\/\/www.direito.ufmg.br\/index.php?rest_route=\/wp\/v2\/users\/1"}],"replies":[{"embeddable":true,"href":"https:\/\/www.direito.ufmg.br\/index.php?rest_route=%2Fwp%2Fv2%2Fcomments&post=7268"}],"version-history":[{"count":0,"href":"https:\/\/www.direito.ufmg.br\/index.php?rest_route=\/wp\/v2\/pages\/7268\/revisions"}],"wp:attachment":[{"href":"https:\/\/www.direito.ufmg.br\/index.php?rest_route=%2Fwp%2Fv2%2Fmedia&parent=7268"}],"curies":[{"name":"wp","href":"https:\/\/api.w.org\/{rel}","templated":true}]}}