{"id":7277,"date":"2019-05-15T19:16:56","date_gmt":"2019-05-15T22:16:56","guid":{"rendered":"http:\/\/150.164.104.182:8080\/wordpress\/?page_id=7277"},"modified":"2019-06-28T15:25:41","modified_gmt":"2019-06-28T18:25:41","slug":"120-anos-eventos","status":"publish","type":"page","link":"https:\/\/www.direito.ufmg.br\/?page_id=7277","title":{"rendered":"120 anos: Eventos"},"content":{"rendered":"<p><strong>Aula Magna da ministra Eliana Calmon<\/strong><br \/>\nAula Magna da ministra Eliana Calmon, do Superior Tribunal de Justi\u00e7a, para abertura do ano letivo e in\u00edcio das comemora\u00e7\u00f5es dos 120 anos da Faculdade de Direito da UFMG. Aberto ao p\u00fablico, o evento aconteceu no dia 07 de mar\u00e7o de 2012, no audit\u00f3rio Alberto Deodato. Segundo a diretora da Faculdade, Professora Amanda Fl\u00e1vio de Oliveira, o convite \u00e0 Eliana Calmon foi uma forma de homenage\u00e1-la em sua luta por valores republicanos, como corregedora do Conselho Nacional de Justi\u00e7a (CNJ).<\/p>\n<p><strong>80 Anos da OAB<\/strong><br \/>\nNo dia 17 de maio a Faculdade de Direito realizou uma cerim\u00f4nia de homenagem aos 80 anos da sess\u00e3o de instala\u00e7\u00e3o da OAB, Se\u00e7\u00e3o Minas Gerais, que ocorreu aqui na Faculdade nesta mesma data, em 1932. A comemora\u00e7\u00e3o foi realizada no audit\u00f3rio Maximum Alberto Deodato e contou com a presen\u00e7a do presidente da OAB\/MG, Lu\u00eds Cl\u00e1udio Chaves, do tesoureiro da seccional, Ant\u00f4nio Fabr\u00edcio de Matos Gon\u00e7alves, do conselheiro federal, Raimundo C\u00e2ndido J\u00fanior e do professor Jair Leonardo Lopes, ex-presidente da Seccional e decano dos advogados mineiros. O evento foi aberto com a apresenta\u00e7\u00e3o de uma pe\u00e7a da trupe \u201cA Torto e a Direito\u201d, do programa P\u00f3los de Cidadania.<\/p>\n<p><strong>Semin\u00e1rio Internacional de Ci\u00eancias Penais<\/strong><br \/>\nEntre os dias 20 e 22 de agosto de 2012, o Departamento de Direito e Processo Penal da FDUFMG realizou o Semin\u00e1rio Internacional de Ci\u00eancias Penais, no \u00e2mbito das comemora\u00e7\u00f5es dos 120 anos da Faculdade de Direito. Na abertura do evento foi prestada uma homenagem a todos os professores que integraram o Departamento.<br \/>\nO Semin\u00e1rio apresentou palestras de conceituados especialistas brasileiros e estrangeiros, como a Embaixadora de El Salvador e membro do Comit\u00ea Jur\u00eddico Interamericano da Organiza\u00e7\u00e3o dos Estados Americanos (OEA), Ana Elizabeth Villalta, o Presidente do Instituto de Direito Penal Econ\u00f4mico Europeu e membro do Conselho Superior da Magistratura de Portugal, Jos\u00e9 de Faria Costa e o Professor da Universidade San Martin de Porres e da Universidade do Pac\u00edfico e membro da comiss\u00e3o de Reforma do C\u00f3digo Penal do Peru, Luiz Alberto Bramont Arias Torres. A abertura foi feita pelo Juiz da Corte Internacional de Justi\u00e7a e Ex-Presidente da Corte Interamericana de Direitos Humanos, Professor da UNB Ant\u00f4nio Augusto Can\u00e7ado Trindade.<\/p>\n<p><strong>Homenagem do Minist\u00e9rio P\u00fablico do Estado de Minas Gerais<\/strong><br \/>\nO Conselho da Medalha concedeu \u00e0 Faculdade de Direito da Universidade Federal de Minas Gerais a Medalha do M\u00e9rito do Minist\u00e9rio P\u00fablico do Estado de Minas Gerais Promotor de Justi\u00e7a Francisco Jos\u00e9 Lins do R\u00eago Santos \u2013 categoria Comenda \u2013 pela relevante contribui\u00e7\u00e3o prestada, durante os 120 anos de sua exist\u00eancia, \u00e0 sociedade e aos valores institucionais do Minist\u00e9rio P\u00fablico. A entrega ocorreu no dia 14 de setembro de 2012, \u00e0s 17 horas, na sede do Minist\u00e9rio P\u00fablico Estadual.<\/p>\n<p><strong>Comemora\u00e7\u00e3o do Dia do Servidor P\u00fablico<\/strong><br \/>\nEm abertura \u00e0 semana do servidor p\u00fablico, a jornalista e escritora Leila Ferreira proferiu palestra intitulada &#8220;A arte de ser leve&#8221;, no dia 22 de outubro, \u00e0s 17hs, na Sala da Congrega\u00e7\u00e3o.<\/p>\n<p><strong>Homenagem na C\u00e2mara dos Deputados em Bras\u00edlia<\/strong><br \/>\nNo dia 30 de outubro, \u00e0s 10hs, a C\u00e2mara dos Deputados realizou sess\u00e3o solene em homenagem aos 120 anos da Faculdade de Direito. O requerente foi o Deputado Gabriel Guimar\u00e3es. Estiverem presentes, em nome da Faculdade, a Diretora, Professora Amanda Fl\u00e1vio de Oliveira, o Vice-Diretor, Professor Fernando Jayme, e o representante da Comiss\u00e3o dos 120 anos, Professor Hermes Guerrero. A Professora Amanda proferiu discurso destacando as pessoas que integram e integraram a Institui\u00e7\u00e3o, em toda a sua hist\u00f3ria. O v\u00eddeo da sess\u00e3o solene pode ser assistido em:<br \/>\n<a href=\"http:\/\/www2.camara.leg.br\/atividade-legislativa\/webcamara\/videoArquivo?codSessao=00021653\" target=\"_blank\" rel=\"noopener noreferrer\">http:\/\/www2.camara.leg.br\/atividade-legislativa\/webcamara\/videoArquivo?codSessao=00021653<\/a><\/p>\n<p><strong>Comemora\u00e7\u00e3o oficial dos 120 anos \u2013 10 de dezembro de 2012<\/strong><br \/>\nNo dia 10 de dezembro de 2012, \u00e0s 20hs, ocorreu a cerim\u00f4nia oficial de 120 anos de Funda\u00e7ao da Faculdade de Direito. Na ocasi\u00e3o, foram homenageados os formandos das Turmas de 1962 e 1987, pelos 50 e 25 anos de formatura, respectivamente. O Professor Joaquim Carlos Salgado foi o orador da Turma de 1962. O Procurador de Justi\u00e7a Antonio de Padova Marchi Junior foi o orador da Turma de 1987. Foram homeageados, tamb\u00e9m, os ex-alunos acad\u00eamicos da Academia Mineira de Letras e Academia Mineira de Letras Jur\u00eddicas. O Dr. Orlando Vaz proferiu discurso em nome da Academia Mineira de Letras, por ele presidida. Em seguida, o Ministro Carlos Velloso proferiu discurso sobre as Contribui\u00e7\u00f5es da Faculdade de Direito da UFMG para o Supremo Tribunal Federal e os Tribunais Superiores. O evento foi encerrado com o lan\u00e7amento da Rbep \u2013 Revista Brasileira de Estudos Pol\u00edticos \u2013 comemorativa dos 120 anos e um coquetel.<br \/>\n<a href=\".\/wp-content\/uploads\/2019\/05\/Discurso120anosCVelloso.pdf\" target=\"_blank\" rel=\"noopener noreferrer\">Clique para baixar: Discurso do Ministro Carlos Velloso<\/a><\/p>\n<p><strong>Homenagem do Governador Antonio Anastasia aos 120 anos<\/strong><br \/>\nNo dia 12 de dezembro de 2012, \u00e0s 20hs, o Governador Antonio Anastasia ofereceu coquetel no Pal\u00e1cio da Liberdade em homenagem aos 120 anos da Faculdade de Direito da UFMG. Foram convidados professores e ex-professores, alunos e ex-alunos, servidores e ex-servidores.<\/p>\n","protected":false},"excerpt":{"rendered":"<p>Aula Magna da ministra Eliana Calmon Aula Magna da ministra Eliana Calmon, do Superior Tribunal de Justi\u00e7a, para abertura do ano letivo e in\u00edcio das comemora\u00e7\u00f5es dos 120 anos da Faculdade de Direito da UFMG. [&hellip;]<\/p>\n","protected":false},"author":1,"featured_media":0,"parent":0,"menu_order":0,"comment_status":"closed","ping_status":"closed","template":"","meta":{"footnotes":""},"class_list":["post-7277","page","type-page","status-publish","hentry"],"publishpress_future_action":{"enabled":false,"date":"2026-04-27 11:20:43","action":"change-status","newStatus":"draft","terms":[],"taxonomy":"","extraData":[]},"publishpress_future_workflow_manual_trigger":{"enabledWorkflows":[]},"_links":{"self":[{"href":"https:\/\/www.direito.ufmg.br\/index.php?rest_route=\/wp\/v2\/pages\/7277","targetHints":{"allow":["GET"]}}],"collection":[{"href":"https:\/\/www.direito.ufmg.br\/index.php?rest_route=\/wp\/v2\/pages"}],"about":[{"href":"https:\/\/www.direito.ufmg.br\/index.php?rest_route=\/wp\/v2\/types\/page"}],"author":[{"embeddable":true,"href":"https:\/\/www.direito.ufmg.br\/index.php?rest_route=\/wp\/v2\/users\/1"}],"replies":[{"embeddable":true,"href":"https:\/\/www.direito.ufmg.br\/index.php?rest_route=%2Fwp%2Fv2%2Fcomments&post=7277"}],"version-history":[{"count":0,"href":"https:\/\/www.direito.ufmg.br\/index.php?rest_route=\/wp\/v2\/pages\/7277\/revisions"}],"wp:attachment":[{"href":"https:\/\/www.direito.ufmg.br\/index.php?rest_route=%2Fwp%2Fv2%2Fmedia&parent=7277"}],"curies":[{"name":"wp","href":"https:\/\/api.w.org\/{rel}","templated":true}]}}