{"id":7719,"date":"2019-05-27T20:37:23","date_gmt":"2019-05-27T23:37:23","guid":{"rendered":"http:\/\/150.164.104.182:8080\/wordpress\/?page_id=7719"},"modified":"2019-06-28T13:52:59","modified_gmt":"2019-06-28T16:52:59","slug":"portarias-de-2012","status":"publish","type":"page","link":"https:\/\/www.direito.ufmg.br\/?page_id=7719","title":{"rendered":"Portarias de 2012"},"content":{"rendered":"<table>\n<tbody>\n<tr style=\"background-color: #fff8dc;\">\n<td><a href=\".\/wp-content\/uploads\/2019\/05\/port2012-073.jpg\" target=\"_blank\" rel=\"noopener noreferrer\">Portaria 073\/2012 de 26 de dezembro de 2012 &#8211; Hor\u00e1rio de Funcionamento de 26\/12\/2012 a 20\/01\/2013<\/a><\/td>\n<td style=\"width: 38px;\"><a href=\".\/wp-content\/uploads\/2019\/05\/port2012-073.jpg\" target=\"_blank\" rel=\"noopener noreferrer\"><img loading=\"lazy\" decoding=\"async\" class=\"alignnone wp-image-7989 size-full\" src=\".\/wp-content\/uploads\/2019\/05\/icone-jpgicon.gif\" alt=\"\" width=\"34\" height=\"34\" \/><\/a><\/td>\n<\/tr>\n<tr style=\"background-color: #ffffff;\">\n<td><\/td>\n<td><\/td>\n<\/tr>\n<tr style=\"background-color: #fff8dc;\">\n<td><a href=\".\/wp-content\/uploads\/2019\/05\/port2012-039.jpg\" target=\"_blank\" rel=\"noopener noreferrer\">Portaria 039\/2012 de 29 de julho de 2012 &#8211; Nomeia Coordenador Interino do Curso de Ci\u00eancia do Estado<\/a><\/td>\n<td style=\"width: 38px;\"><a href=\".\/wp-content\/uploads\/2019\/05\/port2012-039.jpg\" target=\"_blank\" rel=\"noopener noreferrer\"><img loading=\"lazy\" decoding=\"async\" class=\"alignnone wp-image-7989 size-full\" src=\".\/wp-content\/uploads\/2019\/05\/icone-jpgicon.gif\" alt=\"\" width=\"34\" height=\"34\" \/><\/a><\/td>\n<\/tr>\n<tr style=\"background-color: #ffffff;\">\n<td><\/td>\n<td><\/td>\n<\/tr>\n<tr style=\"background-color: #fff8dc;\">\n<td><a href=\".\/wp-content\/uploads\/2019\/05\/port2012-038.jpg\" target=\"_blank\" rel=\"noopener noreferrer\">Portaria 038\/2012 de 29 de julho de 2012 &#8211; Dispensa a Coordena\u00e7\u00e3o Atual do Curso de Ci\u00eancia do Estado<\/a><\/td>\n<td style=\"width: 38px;\"><a href=\".\/wp-content\/uploads\/2019\/05\/port2012-038.jpg\" target=\"_blank\" rel=\"noopener noreferrer\"><img loading=\"lazy\" decoding=\"async\" class=\"alignnone wp-image-7989 size-full\" src=\".\/wp-content\/uploads\/2019\/05\/icone-jpgicon.gif\" alt=\"\" width=\"34\" height=\"34\" \/><\/a><\/td>\n<\/tr>\n<tr>\n<td><\/td>\n<td><\/td>\n<\/tr>\n<\/tbody>\n<\/table>\n","protected":false},"excerpt":{"rendered":"<p>Portaria 073\/2012 de 26 de dezembro de 2012 &#8211; Hor\u00e1rio de Funcionamento de 26\/12\/2012 a 20\/01\/2013 Portaria 039\/2012 de 29 de julho de 2012 &#8211; Nomeia Coordenador Interino do Curso de Ci\u00eancia do Estado Portaria [&hellip;]<\/p>\n","protected":false},"author":1,"featured_media":0,"parent":0,"menu_order":0,"comment_status":"closed","ping_status":"closed","template":"","meta":{"footnotes":""},"class_list":["post-7719","page","type-page","status-publish","hentry"],"publishpress_future_action":{"enabled":false,"date":"2026-04-27 13:45:40","action":"change-status","newStatus":"draft","terms":[],"taxonomy":"","extraData":[]},"publishpress_future_workflow_manual_trigger":{"enabledWorkflows":[]},"_links":{"self":[{"href":"https:\/\/www.direito.ufmg.br\/index.php?rest_route=\/wp\/v2\/pages\/7719","targetHints":{"allow":["GET"]}}],"collection":[{"href":"https:\/\/www.direito.ufmg.br\/index.php?rest_route=\/wp\/v2\/pages"}],"about":[{"href":"https:\/\/www.direito.ufmg.br\/index.php?rest_route=\/wp\/v2\/types\/page"}],"author":[{"embeddable":true,"href":"https:\/\/www.direito.ufmg.br\/index.php?rest_route=\/wp\/v2\/users\/1"}],"replies":[{"embeddable":true,"href":"https:\/\/www.direito.ufmg.br\/index.php?rest_route=%2Fwp%2Fv2%2Fcomments&post=7719"}],"version-history":[{"count":0,"href":"https:\/\/www.direito.ufmg.br\/index.php?rest_route=\/wp\/v2\/pages\/7719\/revisions"}],"wp:attachment":[{"href":"https:\/\/www.direito.ufmg.br\/index.php?rest_route=%2Fwp%2Fv2%2Fmedia&parent=7719"}],"curies":[{"name":"wp","href":"https:\/\/api.w.org\/{rel}","templated":true}]}}