{"id":7737,"date":"2019-05-27T20:50:02","date_gmt":"2019-05-27T23:50:02","guid":{"rendered":"http:\/\/150.164.104.182:8080\/wordpress\/?page_id=7737"},"modified":"2019-06-28T13:53:20","modified_gmt":"2019-06-28T16:53:20","slug":"portarias-de-2013","status":"publish","type":"page","link":"https:\/\/www.direito.ufmg.br\/?page_id=7737","title":{"rendered":"Portarias de 2013"},"content":{"rendered":"<table>\n<tbody>\n<tr style=\"background-color: #fff8dc;\">\n<td style=\"height: 40px;\"><a href=\".\/wp-content\/uploads\/2019\/05\/port2013-119.pdf\" target=\"_blank\" rel=\"noopener noreferrer\">Portaria 119 de 10 de dezembro de 2013 &#8211; Hor\u00e1rio de Funcionamento de 16\/12\/2013 a 02\/02\/2014<\/a><\/td>\n<td style=\"height: 40px;\"><a href=\".\/wp-content\/uploads\/2019\/05\/port2013-119.pdf\" target=\"_blank\" rel=\"noopener noreferrer\"><img loading=\"lazy\" decoding=\"async\" class=\"alignnone wp-image-7683 size-full\" src=\".\/wp-content\/uploads\/2019\/05\/icone-pdficon.gif\" alt=\"\" width=\"34\" height=\"34\" \/><\/a><\/td>\n<\/tr>\n<tr style=\"background-color: #ffffff;\">\n<td><\/td>\n<td><\/td>\n<\/tr>\n<tr style=\"background-color: #fff8dc;\">\n<td style=\"height: 40px;\"><a href=\".\/wp-content\/uploads\/2019\/05\/port2013-110.pdf\" target=\"_blank\" rel=\"noopener noreferrer\">Portaria 110 de 11 de novembro de 2013 &#8211; Nomea\u00e7\u00e3o de Coordenador e Sub-coordenador do Programa de<br \/>\nP\u00f3s-Gradua\u00e7\u00e3o em Direito<\/a><\/td>\n<td style=\"width: 38px; height: 40px;\"><a href=\".\/wp-content\/uploads\/2019\/05\/port2013-110.pdf\" target=\"_blank\" rel=\"noopener noreferrer\"><img loading=\"lazy\" decoding=\"async\" class=\"alignnone wp-image-7683 size-full\" src=\".\/wp-content\/uploads\/2019\/05\/icone-pdficon.gif\" alt=\"\" width=\"34\" height=\"34\" \/><\/a><\/td>\n<\/tr>\n<tr style=\"background-color: #ffffff;\">\n<td><\/td>\n<td><\/td>\n<\/tr>\n<tr style=\"background-color: #fff8dc;\">\n<td style=\"height: 40px;\"><a href=\".\/wp-content\/uploads\/2019\/05\/port2013-103.pdf\" target=\"_blank\" rel=\"noopener noreferrer\">Portaria 103 de 29 de outubro de 2013 &#8211; Procedimento Administrativo de Avalia\u00e7\u00e3o de Desempenho Acad\u00eamico<br \/>\npara progress\u00e3o vertical \u00e0 classe de Professor Associado<\/a><\/td>\n<td style=\"height: 40px;\"><a href=\".\/wp-content\/uploads\/2019\/05\/port2013-103.pdf\" target=\"_blank\" rel=\"noopener noreferrer\"><img loading=\"lazy\" decoding=\"async\" class=\"alignnone wp-image-7683 size-full\" src=\".\/wp-content\/uploads\/2019\/05\/icone-pdficon.gif\" alt=\"\" width=\"34\" height=\"34\" \/><\/a><\/td>\n<\/tr>\n<tr style=\"height: 24px;\">\n<td><\/td>\n<td><\/td>\n<\/tr>\n<tr style=\"background-color: #fff8dc;\">\n<td style=\"height: 40px;\"><a href=\".\/wp-content\/uploads\/2019\/05\/port2013-090.pdf\" target=\"_blank\" rel=\"noopener noreferrer\">Portaria 090\/2013 de 07 de outubro de 2013 &#8211; Instaura Processo Administrativo Disciplinar contra os discentes<br \/>\nenvolvidos no &#8220;trote&#8221; e torna sem efeito a portaria 059 de 03 de julho de 2013<\/a><\/td>\n<td style=\"height: 40px;\"><a href=\".\/wp-content\/uploads\/2019\/05\/port2013-090.pdf\" target=\"_blank\" rel=\"noopener noreferrer\"><img loading=\"lazy\" decoding=\"async\" class=\"alignnone wp-image-7683 size-full\" src=\".\/wp-content\/uploads\/2019\/05\/icone-pdficon.gif\" alt=\"\" width=\"34\" height=\"34\" \/><\/a><\/td>\n<\/tr>\n<tr style=\"background-color: #ffffff;\">\n<td><\/td>\n<td><\/td>\n<\/tr>\n<tr style=\"background-color: #fff8dc;\">\n<td style=\"height: 40px;\"><a href=\".\/wp-content\/uploads\/2019\/05\/port2013-078.pdf\" target=\"_blank\" rel=\"noopener noreferrer\">Portaria 078\/2013 de 27 de agosto de 2013 &#8211; Nomea\u00e7\u00e3o de Coordenador <em>pro tempore<\/em> para o Programa de<br \/>\nP\u00f3s-Gradua\u00e7\u00e3o em Direito<\/a><\/td>\n<td style=\"height: 40px;\"><a href=\".\/wp-content\/uploads\/2019\/05\/port2013-078.pdf\" target=\"_blank\" rel=\"noopener noreferrer\"><img loading=\"lazy\" decoding=\"async\" class=\"alignnone wp-image-7683 size-full\" src=\".\/wp-content\/uploads\/2019\/05\/icone-pdficon.gif\" alt=\"\" width=\"34\" height=\"34\" \/><\/a><\/td>\n<\/tr>\n<tr style=\"background-color: #ffffff;\">\n<td><\/td>\n<td><\/td>\n<\/tr>\n<tr style=\"background-color: #fff8dc;\">\n<td style=\"height: 40px;\"><a href=\".\/wp-content\/uploads\/2019\/05\/port2013-077.pdf\" target=\"_blank\" rel=\"noopener noreferrer\">Portaria 077\/2013 de 27 de agosto de 2013 &#8211; Procedimento Administrativo de Avalia\u00e7\u00e3o de Desempenho Acad\u00eamico<br \/>\npara progress\u00e3o vertical \u00e0 classe de Professor Associado<\/a><\/td>\n<td style=\"height: 40px;\"><a href=\".\/wp-content\/uploads\/2019\/05\/port2013-077.pdf\" target=\"_blank\" rel=\"noopener noreferrer\"><img loading=\"lazy\" decoding=\"async\" class=\"alignnone wp-image-7683 size-full\" src=\".\/wp-content\/uploads\/2019\/05\/icone-pdficon.gif\" alt=\"\" width=\"34\" height=\"34\" \/><\/a><\/td>\n<\/tr>\n<tr style=\"background-color: #ffffff;\">\n<td><\/td>\n<td><\/td>\n<\/tr>\n<tr style=\"background-color: #fff8dc;\">\n<td style=\"height: 40px;\"><a href=\".\/wp-content\/uploads\/2019\/05\/port2013-059.pdf\" target=\"_blank\" rel=\"noopener noreferrer\">Portaria 059\/2013 de 03 de julho de 2013 &#8211; Instaura\u00e7\u00e3o de Processo Administrativo Disciplinar contra os discentes<br \/>\nenvolvidos no &#8220;trote&#8221; de 15\/03\/2013<\/a><\/td>\n<td style=\"height: 40px;\"><a href=\".\/wp-content\/uploads\/2019\/05\/port2013-059.pdf\" target=\"_blank\" rel=\"noopener noreferrer\"><img loading=\"lazy\" decoding=\"async\" class=\"alignnone wp-image-7683 size-full\" src=\".\/wp-content\/uploads\/2019\/05\/icone-pdficon.gif\" alt=\"\" width=\"34\" height=\"34\" \/><\/a><\/td>\n<\/tr>\n<tr style=\"background-color: #ffffff;\">\n<td><\/td>\n<td><\/td>\n<\/tr>\n<tr style=\"background-color: #fff8dc;\">\n<td style=\"height: 40px;\"><a href=\".\/wp-content\/uploads\/2019\/05\/port2013-030.pdf\" target=\"_blank\" rel=\"noopener noreferrer\">Portaria 030\/2013 de 18 de abril de 2013 &#8211; Prorroga prazo fixado pela portaria 018 de 19 de mar\u00e7o de 2013<\/a><\/td>\n<td style=\"height: 40px;\"><a href=\".\/wp-content\/uploads\/2019\/05\/port2013-030.pdf\" target=\"_blank\" rel=\"noopener noreferrer\"><img loading=\"lazy\" decoding=\"async\" class=\"alignnone wp-image-7683 size-full\" src=\".\/wp-content\/uploads\/2019\/05\/icone-pdficon.gif\" alt=\"\" width=\"34\" height=\"34\" \/><\/a><\/td>\n<\/tr>\n<tr style=\"background-color: #ffffff;\">\n<td><\/td>\n<td><\/td>\n<\/tr>\n<tr style=\"background-color: #fff8dc;\">\n<td style=\"height: 40px;\"><a href=\".\/wp-content\/uploads\/2019\/05\/port2013-021.pdf\" target=\"_blank\" rel=\"noopener noreferrer\">Portaria 021\/2013 de 22 de mar\u00e7o de 2013 &#8211; Suspens\u00e3o dos eventos festivos discentes<\/a><\/td>\n<td style=\"height: 40px;\"><a href=\".\/wp-content\/uploads\/2019\/05\/port2013-021.pdf\" target=\"_blank\" rel=\"noopener noreferrer\"><img loading=\"lazy\" decoding=\"async\" class=\"alignnone wp-image-7683 size-full\" src=\".\/wp-content\/uploads\/2019\/05\/icone-pdficon.gif\" alt=\"\" width=\"34\" height=\"34\" \/><\/a><\/td>\n<\/tr>\n<tr style=\"background-color: #ffffff;\">\n<td><\/td>\n<td><\/td>\n<\/tr>\n<tr style=\"background-color: #fff8dc;\">\n<td style=\"height: 40px;\"><a href=\".\/wp-content\/uploads\/2019\/05\/port2013-018.pdf\" target=\"_blank\" rel=\"noopener noreferrer\">Portaria 018\/2013 de 19 de mar\u00e7o de 2013 &#8211; Designa Comiss\u00e3o de Sindic\u00e2ncia para apura\u00e7\u00e3o dos eventos<br \/>\nocorridos no dia 15\/03\/2013<\/a><\/td>\n<td style=\"height: 40px;\"><a href=\".\/wp-content\/uploads\/2019\/05\/port2013-018.pdf\" target=\"_blank\" rel=\"noopener noreferrer\"><img loading=\"lazy\" decoding=\"async\" class=\"alignnone wp-image-7683 size-full\" src=\".\/wp-content\/uploads\/2019\/05\/icone-pdficon.gif\" alt=\"\" width=\"34\" height=\"34\" \/><\/a><\/td>\n<\/tr>\n<tr style=\"background-color: #ffffff;\">\n<td><\/td>\n<td><\/td>\n<\/tr>\n<tr style=\"background-color: #fff8dc;\">\n<td style=\"height: 63px;\"><a href=\".\/wp-content\/uploads\/2019\/05\/port2013-007.jpg\" target=\"_blank\" rel=\"noopener noreferrer\">Portaria 007\/2013 de 07 de fevereiro de 2013 &#8211; Hor\u00e1rio de Funcionamento de 07\/02\/2013 a 03\/03\/2013<\/a><\/td>\n<td style=\"width: 38px;\"><a href=\".\/wp-content\/uploads\/2019\/05\/port2013-007.jpg\" target=\"_blank\" rel=\"noopener noreferrer\"><img loading=\"lazy\" decoding=\"async\" class=\"alignnone wp-image-7989 size-full\" src=\".\/wp-content\/uploads\/2019\/05\/icone-jpgicon.gif\" alt=\"\" width=\"34\" height=\"34\" \/><\/a><\/td>\n<\/tr>\n<tr style=\"background-color: #ffffff;\">\n<td><\/td>\n<td><\/td>\n<\/tr>\n<\/tbody>\n<\/table>\n","protected":false},"excerpt":{"rendered":"<p>Portaria 119 de 10 de dezembro de 2013 &#8211; Hor\u00e1rio de Funcionamento de 16\/12\/2013 a 02\/02\/2014 Portaria 110 de 11 de novembro de 2013 &#8211; Nomea\u00e7\u00e3o de Coordenador e Sub-coordenador do Programa de P\u00f3s-Gradua\u00e7\u00e3o em [&hellip;]<\/p>\n","protected":false},"author":1,"featured_media":0,"parent":0,"menu_order":0,"comment_status":"closed","ping_status":"closed","template":"","meta":{"footnotes":""},"class_list":["post-7737","page","type-page","status-publish","hentry"],"publishpress_future_action":{"enabled":false,"date":"2026-04-28 18:04:28","action":"change-status","newStatus":"draft","terms":[],"taxonomy":"","extraData":[]},"publishpress_future_workflow_manual_trigger":{"enabledWorkflows":[]},"_links":{"self":[{"href":"https:\/\/www.direito.ufmg.br\/index.php?rest_route=\/wp\/v2\/pages\/7737","targetHints":{"allow":["GET"]}}],"collection":[{"href":"https:\/\/www.direito.ufmg.br\/index.php?rest_route=\/wp\/v2\/pages"}],"about":[{"href":"https:\/\/www.direito.ufmg.br\/index.php?rest_route=\/wp\/v2\/types\/page"}],"author":[{"embeddable":true,"href":"https:\/\/www.direito.ufmg.br\/index.php?rest_route=\/wp\/v2\/users\/1"}],"replies":[{"embeddable":true,"href":"https:\/\/www.direito.ufmg.br\/index.php?rest_route=%2Fwp%2Fv2%2Fcomments&post=7737"}],"version-history":[{"count":0,"href":"https:\/\/www.direito.ufmg.br\/index.php?rest_route=\/wp\/v2\/pages\/7737\/revisions"}],"wp:attachment":[{"href":"https:\/\/www.direito.ufmg.br\/index.php?rest_route=%2Fwp%2Fv2%2Fmedia&parent=7737"}],"curies":[{"name":"wp","href":"https:\/\/api.w.org\/{rel}","templated":true}]}}