{"id":7797,"date":"2019-05-29T18:51:56","date_gmt":"2019-05-29T21:51:56","guid":{"rendered":"http:\/\/150.164.104.182:8080\/wordpress\/?page_id=7797"},"modified":"2019-06-28T13:53:57","modified_gmt":"2019-06-28T16:53:57","slug":"portarias-de-2014","status":"publish","type":"page","link":"https:\/\/www.direito.ufmg.br\/?page_id=7797","title":{"rendered":"Portarias de 2014"},"content":{"rendered":"<table>\n<tbody>\n<tr style=\"background-color: #fff8dc;\">\n<td><a href=\".\/wp-content\/uploads\/2019\/05\/port2014-081.pdf\" target=\"_blank\" rel=\"noopener noreferrer\">Portaria 081\/2014 de 29 de outubro de 2014 &#8211; Procedimento Administrativo de Avalia\u00e7\u00e3o de Desempenho<br \/>\nAcad\u00eamico para progress\u00e3o vertical \u00e0 classe de Professor<\/a><\/td>\n<td><a href=\".\/wp-content\/uploads\/2019\/05\/port2014-081.pdf\" target=\"_blank\" rel=\"noopener noreferrer\"><img loading=\"lazy\" decoding=\"async\" class=\"alignnone wp-image-7683 size-full\" src=\".\/wp-content\/uploads\/2019\/05\/icone-pdficon.gif\" alt=\"\" width=\"34\" height=\"34\" \/><\/a><\/td>\n<\/tr>\n<tr style=\"background-color: #ffffff;\">\n<td><\/td>\n<td><\/td>\n<\/tr>\n<tr style=\"background-color: #fff8dc;\">\n<td><a href=\".\/wp-content\/uploads\/2019\/05\/port2014-060.pdf\" target=\"_blank\" rel=\"noopener noreferrer\">Portaria 060\/2014 de 10 de setembro de 2014 &#8211; Designa Junta Eleitoral para consulta pr\u00e9via \u00e0 comunidade<br \/>\nrelativa \u00e0 escolha de Diretor da Faculdade de Direito da UFMG<\/a><\/td>\n<td><a href=\".\/wp-content\/uploads\/2019\/05\/port2014-060.pdf\" target=\"_blank\" rel=\"noopener noreferrer\"><img loading=\"lazy\" decoding=\"async\" class=\"alignnone wp-image-7683 size-full\" src=\".\/wp-content\/uploads\/2019\/05\/icone-pdficon.gif\" alt=\"\" width=\"34\" height=\"34\" \/><\/a><\/td>\n<\/tr>\n<tr style=\"height: 24px;\">\n<td><\/td>\n<td><\/td>\n<\/tr>\n<tr style=\"background-color: #fff8dc;\">\n<td><a href=\".\/wp-content\/uploads\/2019\/05\/port2014-ufmg5953.pdf\" target=\"_blank\" rel=\"noopener noreferrer\">Portaria UFMG 5953 de 04 de setembro de 2014 &#8211; Cess\u00e3o da Profa Dra Amanda Fl\u00e1vio de Oliveira ao STF<\/a><\/td>\n<td><a href=\".\/wp-content\/uploads\/2019\/05\/port2014-ufmg5953.pdf\" target=\"_blank\" rel=\"noopener noreferrer\"><img loading=\"lazy\" decoding=\"async\" class=\"alignnone wp-image-7683 size-full\" src=\".\/wp-content\/uploads\/2019\/05\/icone-pdficon.gif\" alt=\"\" width=\"34\" height=\"34\" \/><\/a><\/td>\n<\/tr>\n<tr style=\"background-color: #ffffff;\">\n<td><\/td>\n<td><\/td>\n<\/tr>\n<tr style=\"background-color: #fff8dc;\">\n<td><a href=\".\/wp-content\/uploads\/2019\/05\/port2014-059.pdf\" target=\"_blank\" rel=\"noopener noreferrer\">Portaria 059\/2014 de 09 de setembro de 2014 &#8211; Cancelamento das aulas do dia 09\/09\/2014<\/a><\/td>\n<td><a href=\".\/wp-content\/uploads\/2019\/05\/port2014-059.pdf\" target=\"_blank\" rel=\"noopener noreferrer\"><img loading=\"lazy\" decoding=\"async\" class=\"alignnone wp-image-7683 size-full\" src=\".\/wp-content\/uploads\/2019\/05\/icone-pdficon.gif\" alt=\"\" width=\"34\" height=\"34\" \/><\/a><\/td>\n<\/tr>\n<tr style=\"background-color: #ffffff;\">\n<td><\/td>\n<td><\/td>\n<\/tr>\n<tr style=\"background-color: #fff8dc;\">\n<td><a href=\".\/wp-content\/uploads\/2019\/05\/port2014-053.pdf\" target=\"_blank\" rel=\"noopener noreferrer\">Portaria 053\/2014 de 25 de agosto de 2014 &#8211; Procedimento Administrativo de Avalia\u00e7\u00e3o de Desempenho<br \/>\nAcad\u00eamico para progress\u00e3o vertical \u00e0 classe de Professor Associado<\/a><\/td>\n<td><a href=\".\/wp-content\/uploads\/2019\/05\/port2014-053.pdf\" target=\"_blank\" rel=\"noopener noreferrer\"><img loading=\"lazy\" decoding=\"async\" class=\"alignnone wp-image-7683 size-full\" src=\".\/wp-content\/uploads\/2019\/05\/icone-pdficon.gif\" alt=\"\" width=\"34\" height=\"34\" \/><\/a><\/td>\n<\/tr>\n<tr style=\"background-color: #ffffff;\">\n<td><\/td>\n<td><\/td>\n<\/tr>\n<tr style=\"background-color: #fff8dc;\">\n<td><a href=\".\/wp-content\/uploads\/2019\/05\/port2014-038.pdf\" target=\"_blank\" rel=\"noopener noreferrer\">Portaria 038\/2014 de 09 de junho de 2014 &#8211; Hor\u00e1rio de Funcionamento de 12\/06\/2014 a 03\/08\/2014<\/a><\/td>\n<td><a href=\".\/wp-content\/uploads\/2019\/05\/port2014-038.pdf\" target=\"_blank\" rel=\"noopener noreferrer\"><img loading=\"lazy\" decoding=\"async\" class=\"alignnone wp-image-7683 size-full\" src=\".\/wp-content\/uploads\/2019\/05\/icone-pdficon.gif\" alt=\"\" width=\"34\" height=\"34\" \/><\/a><\/td>\n<\/tr>\n<tr style=\"background-color: #ffffff;\">\n<td><\/td>\n<td><\/td>\n<\/tr>\n<tr style=\"background-color: #fff8dc;\">\n<td><a href=\".\/wp-content\/uploads\/2019\/05\/port2014-035.pdf\" target=\"_blank\" rel=\"noopener noreferrer\">Portaria 035\/2014 de 04 de junho de 2014 &#8211; Designa comiss\u00e3o para analisar e propor altera\u00e7\u00f5es na<br \/>\norganiza\u00e7\u00e3o e execu\u00e7\u00e3o das atividades do NPJ e DAJ<\/a><\/td>\n<td><a href=\".\/wp-content\/uploads\/2019\/05\/port2014-035.pdf\" target=\"_blank\" rel=\"noopener noreferrer\"><img loading=\"lazy\" decoding=\"async\" class=\"alignnone wp-image-7683 size-full\" src=\".\/wp-content\/uploads\/2019\/05\/icone-pdficon.gif\" alt=\"\" width=\"34\" height=\"34\" \/><\/a><\/td>\n<\/tr>\n<tr style=\"background-color: #ffffff;\">\n<td><\/td>\n<td><\/td>\n<\/tr>\n<tr style=\"background-color: #fff8dc;\">\n<td><a href=\".\/wp-content\/uploads\/2019\/05\/port2014-026.pdf\" target=\"_blank\" rel=\"noopener noreferrer\">Portaria 026\/2014 de 22 de abril de 2014 &#8211; Altera em parte a Portaria 090 de 07 de outubro de 2013,<br \/>\nprorrogando o prazo da comiss\u00e3o de instaura\u00e7\u00e3o do processo do trote<\/a><\/td>\n<td><a href=\".\/wp-content\/uploads\/2019\/05\/port2014-026.pdf\" target=\"_blank\" rel=\"noopener noreferrer\"><img loading=\"lazy\" decoding=\"async\" class=\"alignnone wp-image-7683 size-full\" src=\".\/wp-content\/uploads\/2019\/05\/icone-pdficon.gif\" alt=\"\" width=\"34\" height=\"34\" \/><\/a><\/td>\n<\/tr>\n<tr style=\"background-color: #ffffff;\">\n<td><\/td>\n<td><\/td>\n<\/tr>\n<tr style=\"background-color: #fff8dc;\">\n<td><a href=\".\/wp-content\/uploads\/2019\/05\/port2014-010.pdf\" target=\"_blank\" rel=\"noopener noreferrer\">Portaria 010\/2014 de 18 de fevereiro de 2014 &#8211; Designa Coordenador para o N\u00facleo Interdisciplinar<br \/>\npara a Integra\u00e7\u00e3o do Ensino, Pesquisa e Extens\u00e3o &#8211; NIEPE<\/a><\/td>\n<td><a href=\".\/wp-content\/uploads\/2019\/05\/port2014-010.pdf\" target=\"_blank\" rel=\"noopener noreferrer\"><img loading=\"lazy\" decoding=\"async\" class=\"alignnone wp-image-7683 size-full\" src=\".\/wp-content\/uploads\/2019\/05\/icone-pdficon.gif\" alt=\"\" width=\"34\" height=\"34\" \/><\/a><\/td>\n<\/tr>\n<\/tbody>\n<\/table>\n","protected":false},"excerpt":{"rendered":"<p>Portaria 081\/2014 de 29 de outubro de 2014 &#8211; Procedimento Administrativo de Avalia\u00e7\u00e3o de Desempenho Acad\u00eamico para progress\u00e3o vertical \u00e0 classe de Professor Portaria 060\/2014 de 10 de setembro de 2014 &#8211; Designa Junta Eleitoral [&hellip;]<\/p>\n","protected":false},"author":1,"featured_media":0,"parent":0,"menu_order":0,"comment_status":"closed","ping_status":"closed","template":"","meta":{"footnotes":""},"class_list":["post-7797","page","type-page","status-publish","hentry"],"publishpress_future_action":{"enabled":false,"date":"2026-04-27 16:50:44","action":"change-status","newStatus":"draft","terms":[],"taxonomy":"","extraData":[]},"publishpress_future_workflow_manual_trigger":{"enabledWorkflows":[]},"_links":{"self":[{"href":"https:\/\/www.direito.ufmg.br\/index.php?rest_route=\/wp\/v2\/pages\/7797","targetHints":{"allow":["GET"]}}],"collection":[{"href":"https:\/\/www.direito.ufmg.br\/index.php?rest_route=\/wp\/v2\/pages"}],"about":[{"href":"https:\/\/www.direito.ufmg.br\/index.php?rest_route=\/wp\/v2\/types\/page"}],"author":[{"embeddable":true,"href":"https:\/\/www.direito.ufmg.br\/index.php?rest_route=\/wp\/v2\/users\/1"}],"replies":[{"embeddable":true,"href":"https:\/\/www.direito.ufmg.br\/index.php?rest_route=%2Fwp%2Fv2%2Fcomments&post=7797"}],"version-history":[{"count":0,"href":"https:\/\/www.direito.ufmg.br\/index.php?rest_route=\/wp\/v2\/pages\/7797\/revisions"}],"wp:attachment":[{"href":"https:\/\/www.direito.ufmg.br\/index.php?rest_route=%2Fwp%2Fv2%2Fmedia&parent=7797"}],"curies":[{"name":"wp","href":"https:\/\/api.w.org\/{rel}","templated":true}]}}