{"id":8074,"date":"2019-06-03T18:14:25","date_gmt":"2019-06-03T21:14:25","guid":{"rendered":"http:\/\/150.164.104.182:8080\/wordpress\/?page_id=8074"},"modified":"2019-06-28T13:55:26","modified_gmt":"2019-06-28T16:55:26","slug":"portarias-de-2018-2","status":"publish","type":"page","link":"https:\/\/www.direito.ufmg.br\/?page_id=8074","title":{"rendered":"Portarias de 2018"},"content":{"rendered":"<table>\n<tbody>\n<tr style=\"background-color: #fff8dc;\">\n<td><a href=\".\/wp-content\/uploads\/2019\/06\/port2018-069.pdf\" target=\"_blank\" rel=\"noopener noreferrer\">Portaria 69 de 09 de Novembro de 2018 &#8211; Comiss\u00e3o Examinadora do Concurso P\u00fablico de Provas e<br \/>\nT\u00edtulos para Professor Adjunto DIP<\/a><\/td>\n<td><a href=\".\/wp-content\/uploads\/2019\/06\/port2018-069.pdf\" target=\"_blank\" rel=\"noopener noreferrer\"><img loading=\"lazy\" decoding=\"async\" class=\"alignnone wp-image-7683 size-full\" src=\".\/wp-content\/uploads\/2019\/05\/icone-pdficon.gif\" alt=\"\" width=\"34\" height=\"34\" \/><\/a><\/td>\n<\/tr>\n<tr style=\"background-color: #ffffff;\">\n<td><\/td>\n<td><\/td>\n<\/tr>\n<tr style=\"background-color: #fff8dc;\">\n<td><a href=\".\/wp-content\/uploads\/2019\/06\/port2018-045.pdf\" target=\"_blank\" rel=\"noopener noreferrer\">Portaria 045 de 07 de Agosto de 2018 &#8211; Promo\u00e7\u00e3o a Professor Associado<\/a><\/td>\n<td><a href=\".\/wp-content\/uploads\/2019\/06\/port2018-045.pdf\" target=\"_blank\" rel=\"noopener noreferrer\"><img loading=\"lazy\" decoding=\"async\" class=\"alignnone wp-image-7683 size-full\" src=\".\/wp-content\/uploads\/2019\/05\/icone-pdficon.gif\" alt=\"\" width=\"34\" height=\"34\" \/><\/a><\/td>\n<\/tr>\n<tr style=\"background-color: #ffffff;\">\n<td><\/td>\n<td><\/td>\n<\/tr>\n<tr style=\"background-color: #fff8dc;\">\n<td><a href=\".\/wp-content\/uploads\/2019\/06\/port2018-043.pdf\" target=\"_blank\" rel=\"noopener noreferrer\">Portaria 043 de 25 de Julho de 2018 &#8211; Promo\u00e7\u00e3o a Professor Associado<\/a><\/td>\n<td><a href=\".\/wp-content\/uploads\/2019\/06\/port2018-043.pdf\" target=\"_blank\" rel=\"noopener noreferrer\"><img loading=\"lazy\" decoding=\"async\" class=\"alignnone wp-image-7683 size-full\" src=\".\/wp-content\/uploads\/2019\/05\/icone-pdficon.gif\" alt=\"\" width=\"34\" height=\"34\" \/><\/a><\/td>\n<\/tr>\n<tr style=\"background-color: #ffffff;\">\n<td><\/td>\n<td><\/td>\n<\/tr>\n<tr style=\"background-color: #fff8dc;\">\n<td><a href=\".\/wp-content\/uploads\/2019\/06\/port2018-023.pdf\" target=\"_blank\" rel=\"noopener noreferrer\">Portaria 023 de 16 de Maio de 2018 &#8211; Promo\u00e7\u00e3o a Professor Associado<\/a><\/td>\n<td><a href=\".\/wp-content\/uploads\/2019\/06\/port2018-023.pdf\" target=\"_blank\" rel=\"noopener noreferrer\"><img loading=\"lazy\" decoding=\"async\" class=\"alignnone wp-image-7683 size-full\" src=\".\/wp-content\/uploads\/2019\/05\/icone-pdficon.gif\" alt=\"\" width=\"34\" height=\"34\" \/><\/a><\/td>\n<\/tr>\n<\/tbody>\n<\/table>\n","protected":false},"excerpt":{"rendered":"<p>Portaria 69 de 09 de Novembro de 2018 &#8211; Comiss\u00e3o Examinadora do Concurso P\u00fablico de Provas e T\u00edtulos para Professor Adjunto DIP Portaria 045 de 07 de Agosto de 2018 &#8211; Promo\u00e7\u00e3o a Professor Associado [&hellip;]<\/p>\n","protected":false},"author":1,"featured_media":0,"parent":0,"menu_order":0,"comment_status":"closed","ping_status":"closed","template":"","meta":{"footnotes":""},"class_list":["post-8074","page","type-page","status-publish","hentry"],"publishpress_future_action":{"enabled":false,"date":"2026-04-29 12:52:06","action":"change-status","newStatus":"draft","terms":[],"taxonomy":"","extraData":[]},"publishpress_future_workflow_manual_trigger":{"enabledWorkflows":[]},"_links":{"self":[{"href":"https:\/\/www.direito.ufmg.br\/index.php?rest_route=\/wp\/v2\/pages\/8074","targetHints":{"allow":["GET"]}}],"collection":[{"href":"https:\/\/www.direito.ufmg.br\/index.php?rest_route=\/wp\/v2\/pages"}],"about":[{"href":"https:\/\/www.direito.ufmg.br\/index.php?rest_route=\/wp\/v2\/types\/page"}],"author":[{"embeddable":true,"href":"https:\/\/www.direito.ufmg.br\/index.php?rest_route=\/wp\/v2\/users\/1"}],"replies":[{"embeddable":true,"href":"https:\/\/www.direito.ufmg.br\/index.php?rest_route=%2Fwp%2Fv2%2Fcomments&post=8074"}],"version-history":[{"count":0,"href":"https:\/\/www.direito.ufmg.br\/index.php?rest_route=\/wp\/v2\/pages\/8074\/revisions"}],"wp:attachment":[{"href":"https:\/\/www.direito.ufmg.br\/index.php?rest_route=%2Fwp%2Fv2%2Fmedia&parent=8074"}],"curies":[{"name":"wp","href":"https:\/\/api.w.org\/{rel}","templated":true}]}}