{"id":8086,"date":"2019-06-03T18:23:12","date_gmt":"2019-06-03T21:23:12","guid":{"rendered":"http:\/\/150.164.104.182:8080\/wordpress\/?page_id=8086"},"modified":"2019-12-09T12:58:36","modified_gmt":"2019-12-09T15:58:36","slug":"portarias-de-2019","status":"publish","type":"page","link":"https:\/\/www.direito.ufmg.br\/?page_id=8086","title":{"rendered":"Portarias de 2019"},"content":{"rendered":"<p>&nbsp;<\/p>\n<table>\n<tbody>\n<tr style=\"background-color: #fff8dc;\">\n<td><a href=\"..\/wp-content\/uploads\/portarias\/2019\/portaria062.pdf\">Portaria 062 de 06 de dezembro de 2019 &#8211; Hor\u00e1rio de f\u00e9rias<\/a><\/td>\n<td style=\"width: 38px;\"><\/td>\n<\/tr>\n<tr style=\"background-color: #ffffff;\">\n<td><\/td>\n<td><\/td>\n<\/tr>\n<tr style=\"background-color: #fff8dc;\">\n<td><a href=\"..\/wp-content\/uploads\/portarias\/2019\/portaria044.pdf\">Portaria 044 de 26 de setembro de 2019 &#8211; Comiss\u00e3o examinadora do concurso do edital 452<\/a><\/td>\n<td style=\"width: 38px;\"><a href=\".\/wp-content\/uploads\/2019\/06\/port2019-004.pdf\" target=\"_blank\" rel=\"noopener noreferrer\"><img loading=\"lazy\" decoding=\"async\" class=\"alignnone wp-image-7450 size-full\" src=\".\/wp-content\/uploads\/2019\/05\/icone-pdficon.gif\" alt=\"\" width=\"34\" height=\"34\" \/><\/a><\/td>\n<\/tr>\n<tr style=\"background-color: #ffffff;\">\n<td><\/td>\n<td><\/td>\n<\/tr>\n<tr style=\"background-color: #fff8dc;\">\n<td><a href=\"..\/wp-content\/uploads\/portarias\/2019\/portaria032.pdf\">Portaria 032 de 8 de julho de 2019 &#8211; Hor\u00e1rio de f\u00e9rias<\/a><\/td>\n<td style=\"width: 38px;\"><\/td>\n<\/tr>\n<tr style=\"background-color: #ffffff;\">\n<td><\/td>\n<td><\/td>\n<\/tr>\n<tr style=\"background-color: #fff8dc;\">\n<td><a href=\".\/wp-content\/uploads\/2019\/06\/port2019-004.pdf\" target=\"_blank\" rel=\"noopener noreferrer\">Portaria 004 de 18 de Fevereiro de 2019 &#8211; Luto Oficial<\/a><\/td>\n<td style=\"width: 38px;\"><a href=\".\/wp-content\/uploads\/2019\/06\/port2019-004.pdf\" target=\"_blank\" rel=\"noopener noreferrer\"><img loading=\"lazy\" decoding=\"async\" class=\"alignnone wp-image-7450 size-full\" src=\".\/wp-content\/uploads\/2019\/05\/icone-pdficon.gif\" alt=\"\" width=\"34\" height=\"34\" \/><\/a><\/td>\n<\/tr>\n<\/tbody>\n<\/table>\n<p>&nbsp;<\/p>\n","protected":false},"excerpt":{"rendered":"<p>&nbsp; Portaria 062 de 06 de dezembro de 2019 &#8211; Hor\u00e1rio de f\u00e9rias Portaria 044 de 26 de setembro de 2019 &#8211; Comiss\u00e3o examinadora do concurso do edital 452 Portaria 032 de 8 de julho [&hellip;]<\/p>\n","protected":false},"author":1,"featured_media":0,"parent":0,"menu_order":0,"comment_status":"closed","ping_status":"closed","template":"","meta":{"footnotes":""},"class_list":["post-8086","page","type-page","status-publish","hentry"],"publishpress_future_action":{"enabled":false,"date":"2026-04-29 19:33:00","action":"change-status","newStatus":"draft","terms":[],"taxonomy":"","extraData":[]},"publishpress_future_workflow_manual_trigger":{"enabledWorkflows":[]},"_links":{"self":[{"href":"https:\/\/www.direito.ufmg.br\/index.php?rest_route=\/wp\/v2\/pages\/8086","targetHints":{"allow":["GET"]}}],"collection":[{"href":"https:\/\/www.direito.ufmg.br\/index.php?rest_route=\/wp\/v2\/pages"}],"about":[{"href":"https:\/\/www.direito.ufmg.br\/index.php?rest_route=\/wp\/v2\/types\/page"}],"author":[{"embeddable":true,"href":"https:\/\/www.direito.ufmg.br\/index.php?rest_route=\/wp\/v2\/users\/1"}],"replies":[{"embeddable":true,"href":"https:\/\/www.direito.ufmg.br\/index.php?rest_route=%2Fwp%2Fv2%2Fcomments&post=8086"}],"version-history":[{"count":0,"href":"https:\/\/www.direito.ufmg.br\/index.php?rest_route=\/wp\/v2\/pages\/8086\/revisions"}],"wp:attachment":[{"href":"https:\/\/www.direito.ufmg.br\/index.php?rest_route=%2Fwp%2Fv2%2Fmedia&parent=8086"}],"curies":[{"name":"wp","href":"https:\/\/api.w.org\/{rel}","templated":true}]}}