{"id":8213,"date":"2019-06-07T19:14:02","date_gmt":"2019-06-07T22:14:02","guid":{"rendered":"http:\/\/150.164.104.182:8080\/wordpress\/?page_id=8213"},"modified":"2019-07-05T20:25:21","modified_gmt":"2019-07-05T23:25:21","slug":"dic-horarios","status":"publish","type":"page","link":"https:\/\/www.direito.ufmg.br\/?page_id=8213","title":{"rendered":"DIT \u2013 Hor\u00e1rios"},"content":{"rendered":"<p><a href=\"https:\/\/www2.ufmg.br\/direito\">Hor\u00e1rios de disciplinas do curso de Direito<\/a><\/p>\n<p><a href=\"https:\/\/cienciasdoestado.direito.ufmg.br\/\">Hor\u00e1rios de disciplinas do curso de Ci\u00eancias do Estado<\/a><\/p>\n","protected":false},"excerpt":{"rendered":"<p>Hor\u00e1rios de disciplinas do curso de Direito Hor\u00e1rios de disciplinas do curso de Ci\u00eancias do Estado<\/p>\n","protected":false},"author":1,"featured_media":0,"parent":0,"menu_order":0,"comment_status":"closed","ping_status":"closed","template":"","meta":{"footnotes":""},"class_list":["post-8213","page","type-page","status-publish","hentry"],"publishpress_future_action":{"enabled":false,"date":"2026-05-21 22:39:15","action":"change-status","newStatus":"draft","terms":[],"taxonomy":"","extraData":[]},"publishpress_future_workflow_manual_trigger":{"enabledWorkflows":[]},"_links":{"self":[{"href":"https:\/\/www.direito.ufmg.br\/index.php?rest_route=\/wp\/v2\/pages\/8213","targetHints":{"allow":["GET"]}}],"collection":[{"href":"https:\/\/www.direito.ufmg.br\/index.php?rest_route=\/wp\/v2\/pages"}],"about":[{"href":"https:\/\/www.direito.ufmg.br\/index.php?rest_route=\/wp\/v2\/types\/page"}],"author":[{"embeddable":true,"href":"https:\/\/www.direito.ufmg.br\/index.php?rest_route=\/wp\/v2\/users\/1"}],"replies":[{"embeddable":true,"href":"https:\/\/www.direito.ufmg.br\/index.php?rest_route=%2Fwp%2Fv2%2Fcomments&post=8213"}],"version-history":[{"count":0,"href":"https:\/\/www.direito.ufmg.br\/index.php?rest_route=\/wp\/v2\/pages\/8213\/revisions"}],"wp:attachment":[{"href":"https:\/\/www.direito.ufmg.br\/index.php?rest_route=%2Fwp%2Fv2%2Fmedia&parent=8213"}],"curies":[{"name":"wp","href":"https:\/\/api.w.org\/{rel}","templated":true}]}}