{"id":8223,"date":"2019-06-07T19:15:38","date_gmt":"2019-06-07T22:15:38","guid":{"rendered":"http:\/\/150.164.104.182:8080\/wordpress\/?page_id=8223"},"modified":"2019-09-13T12:06:36","modified_gmt":"2019-09-13T15:06:36","slug":"dit-extensao","status":"publish","type":"page","link":"https:\/\/www.direito.ufmg.br\/?page_id=8223","title":{"rendered":"DIT \u2013 Extens\u00e3o"},"content":{"rendered":"<p>&#8220;&#8221;A Extens\u00e3o Universit\u00e1ria, sob o princ\u00edpio constitucional de indissociabilidade entre ensino, pesquisa e extens\u00e3o, \u00e9 um processo interdisciplinar educativo, cultural, cient\u00edfico e pol\u00edtico que promove a intera\u00e7\u00e3o transformadora entre universidade e outros setores da sociedade\u201d (F\u00f3rum de Pr\u00f3-Reitores de Extens\u00e3o das Universidades P\u00fablicas Brasileiras, 2010).<br \/>\nNessa perspectiva, a extens\u00e3o \u00e9, ao lado do ensino e da pesquisa, uma das dimens\u00f5es essenciais da atividade acad\u00eamica.<br \/>\nConforme disposto no\u00a0Regimento da UFMG:<br \/>\nArt. 60.\u00a0A extens\u00e3o \u00e9 processo educativo, art\u00edstico, cultural e cient\u00edfico, articulado com o ensino e a pesquisa, de forma indissoci\u00e1vel, cujo objetivo \u00e9 ampliar a rela\u00e7\u00e3o da Universidade com a sociedade.<br \/>\n\u00a7 1o\u00a0As atividades de extens\u00e3o, nas \u00e1reas t\u00e9cnica, cient\u00edfica, art\u00edstica e cultural, ser\u00e3o realizadas sob as formas de programas, projetos, cursos, assessoramentos, presta\u00e7\u00e3o de servi\u00e7os e\/ou consultorias, entre outras.<br \/>\n\u00a7 2o\u00a0As atividades de extens\u00e3o integrar\u00e3o os planos de trabalho tanto dos docentes envolvidos em sua realiza\u00e7\u00e3o, como das Unidades que as promovem.<br \/>\nArt. 61.\u00a0As atividades de extens\u00e3o envolver\u00e3o instrumentos de fomento, interc\u00e2mbio e dissemina\u00e7\u00e3o, em conformidade com as diretrizes estabelecidas pelo Conselho de Ensino, Pesquisa e Extens\u00e3o.<br \/>\nArt. 62.\u00a0O Colegiado Superior de cada Unidade estabelecer\u00e1 formas de aprova\u00e7\u00e3o e acompanhamento das atividades de pesquisa e extens\u00e3o e da presta\u00e7\u00e3o de servi\u00e7os em seu respectivo \u00e2mbito.<br \/>\nNa Faculdade de Direito, as atividades de extens\u00e3o s\u00e3o centralizadas no N\u00facleo Interdisciplinar de Ensino, Pesquisa e Extens\u00e3o (NIEPE), que atua como \u00f3rg\u00e3o de planejamento, divulga\u00e7\u00e3o e assessoramento das atividades de extens\u00e3o na Faculdade de Direito da UFMG, compreendida no sentido amplo de educa\u00e7\u00e3o continuada e projetos de alcance social abertos a comunidade.<\/p>\n<p>Nas suas compet\u00eancias institucionais o NIEPE, junto \u00e0s demais unidades da UFMG, trabalha de acordo com o Conselho de Ensino, Pesquisa e Extens\u00e3o da UFMG (CEPE). Al\u00e9m disso, quando necess\u00e1rio, interm\u00e9dia contatos entre Pr\u00f3-Reitoria de Extens\u00e3o (PROEX) e demais \u00f3rg\u00e3os envolvidos naquelas atividades, favorecendo contados, conv\u00eanios e capta\u00e7\u00e3o de recursos para o andamento dos trabalhos de extens\u00e3o.<\/p>\n<p><a href=\"http:\/\/niepe.direito.ufmg.br\/?page_id=1477\" target=\"_blank\" rel=\"noopener noreferrer\">Extens\u00e3o<\/a><\/p>\n<p><a href=\"http:\/\/niepe.direito.ufmg.br\/?page_id=1516\" target=\"_blank\" rel=\"noopener noreferrer\">Grupos de Estudo<\/a><\/p>\n<p><a href=\"http:\/\/niepe.direito.ufmg.br\/?page_id=1471\" target=\"_blank\" rel=\"noopener noreferrer\">Bolsas<\/a><\/p>\n","protected":false},"excerpt":{"rendered":"<p>&#8220;&#8221;A Extens\u00e3o Universit\u00e1ria, sob o princ\u00edpio constitucional de indissociabilidade entre ensino, pesquisa e extens\u00e3o, \u00e9 um processo interdisciplinar educativo, cultural, cient\u00edfico e pol\u00edtico que promove a intera\u00e7\u00e3o transformadora entre universidade e outros setores da sociedade\u201d [&hellip;]<\/p>\n","protected":false},"author":1,"featured_media":0,"parent":0,"menu_order":0,"comment_status":"closed","ping_status":"closed","template":"","meta":{"footnotes":""},"class_list":["post-8223","page","type-page","status-publish","hentry"],"publishpress_future_action":{"enabled":false,"date":"2026-04-27 11:23:06","action":"change-status","newStatus":"draft","terms":[],"taxonomy":"","extraData":[]},"publishpress_future_workflow_manual_trigger":{"enabledWorkflows":[]},"_links":{"self":[{"href":"https:\/\/www.direito.ufmg.br\/index.php?rest_route=\/wp\/v2\/pages\/8223","targetHints":{"allow":["GET"]}}],"collection":[{"href":"https:\/\/www.direito.ufmg.br\/index.php?rest_route=\/wp\/v2\/pages"}],"about":[{"href":"https:\/\/www.direito.ufmg.br\/index.php?rest_route=\/wp\/v2\/types\/page"}],"author":[{"embeddable":true,"href":"https:\/\/www.direito.ufmg.br\/index.php?rest_route=\/wp\/v2\/users\/1"}],"replies":[{"embeddable":true,"href":"https:\/\/www.direito.ufmg.br\/index.php?rest_route=%2Fwp%2Fv2%2Fcomments&post=8223"}],"version-history":[{"count":0,"href":"https:\/\/www.direito.ufmg.br\/index.php?rest_route=\/wp\/v2\/pages\/8223\/revisions"}],"wp:attachment":[{"href":"https:\/\/www.direito.ufmg.br\/index.php?rest_route=%2Fwp%2Fv2%2Fmedia&parent=8223"}],"curies":[{"name":"wp","href":"https:\/\/api.w.org\/{rel}","templated":true}]}}