{"id":8239,"date":"2019-06-07T19:19:12","date_gmt":"2019-06-07T22:19:12","guid":{"rendered":"http:\/\/150.164.104.182:8080\/wordpress\/?page_id=8239"},"modified":"2020-03-10T07:19:49","modified_gmt":"2020-03-10T10:19:49","slug":"din-o-departamento","status":"publish","type":"page","link":"https:\/\/www.direito.ufmg.br\/?page_id=8239","title":{"rendered":"DIN \u2013 Departamento de Direito e Processo Penal \u2013 O Departamento"},"content":{"rendered":"<p>Chefe do departamento<br \/>\nProfessor Leonardo Augusto Marinho Marques<\/p>\n<p>Sub-chefe do Departamento<br \/>\nProfessor Carlos Augusto Can\u00eado Gon\u00e7alves da Silva<\/p>\n<p>Secret\u00e1ria<br \/>\nLudmila Machado Wanderley<\/p>\n<p>Email: <a href=\"mailto:din@direito.ufmg.br\">din@direito.ufmg.br<\/a><br \/>\nTelefone: (31) 3409-8650<\/p>\n","protected":false},"excerpt":{"rendered":"<p>Chefe do departamento Professor Leonardo Augusto Marinho Marques Sub-chefe do Departamento Professor Carlos Augusto Can\u00eado Gon\u00e7alves da Silva Secret\u00e1ria Ludmila Machado Wanderley Email: din@direito.ufmg.br Telefone: (31) 3409-8650<\/p>\n","protected":false},"author":1,"featured_media":0,"parent":0,"menu_order":0,"comment_status":"closed","ping_status":"closed","template":"","meta":{"footnotes":""},"class_list":["post-8239","page","type-page","status-publish","hentry"],"publishpress_future_action":{"enabled":false,"date":"2026-05-20 00:49:34","action":"change-status","newStatus":"draft","terms":[],"taxonomy":"","extraData":[]},"publishpress_future_workflow_manual_trigger":{"enabledWorkflows":[]},"_links":{"self":[{"href":"https:\/\/www.direito.ufmg.br\/index.php?rest_route=\/wp\/v2\/pages\/8239","targetHints":{"allow":["GET"]}}],"collection":[{"href":"https:\/\/www.direito.ufmg.br\/index.php?rest_route=\/wp\/v2\/pages"}],"about":[{"href":"https:\/\/www.direito.ufmg.br\/index.php?rest_route=\/wp\/v2\/types\/page"}],"author":[{"embeddable":true,"href":"https:\/\/www.direito.ufmg.br\/index.php?rest_route=\/wp\/v2\/users\/1"}],"replies":[{"embeddable":true,"href":"https:\/\/www.direito.ufmg.br\/index.php?rest_route=%2Fwp%2Fv2%2Fcomments&post=8239"}],"version-history":[{"count":0,"href":"https:\/\/www.direito.ufmg.br\/index.php?rest_route=\/wp\/v2\/pages\/8239\/revisions"}],"wp:attachment":[{"href":"https:\/\/www.direito.ufmg.br\/index.php?rest_route=%2Fwp%2Fv2%2Fmedia&parent=8239"}],"curies":[{"name":"wp","href":"https:\/\/api.w.org\/{rel}","templated":true}]}}