{"id":8242,"date":"2019-06-07T19:19:32","date_gmt":"2019-06-07T22:19:32","guid":{"rendered":"http:\/\/150.164.104.182:8080\/wordpress\/?page_id=8242"},"modified":"2020-03-19T17:23:51","modified_gmt":"2020-03-19T20:23:51","slug":"din-corpo-docente","status":"publish","type":"page","link":"https:\/\/www.direito.ufmg.br\/?page_id=8242","title":{"rendered":"DIN \u2013 Corpo Docente"},"content":{"rendered":"<p>Efetivos:<\/p>\n<p>1- Carlos Augusto Can\u00eado Gon\u00e7alves da Silva<br \/>\n2- Carlos Henrique Borlido Haddad<br \/>\n3- Daniela de Freitas Marques<br \/>\n4- Felipe Martins Pinto<br \/>\n5- Fernando Ant\u00f4nio Nogueira Galv\u00e3o da Rocha<br \/>\n6- Frederico Gomes de Almeida Horta<br \/>\n7- Hermes Vilchez Guerrero<br \/>\n8- J\u00falio C\u00e9sar Faria Zini<br \/>\n9- Leonardo Augusto Marinho Marques<br \/>\n10- Luis Augusto Sanzo Brodt<br \/>\n11- S\u00e9rgio Luiz Souza Araujo<br \/>\n12- T\u00falio Lima Vianna<\/p>\n<p>Substituto:<\/p>\n<p>1- Tarc\u00edsio Maciel Chaves de Mendon\u00e7a<\/p>\n","protected":false},"excerpt":{"rendered":"<p>Efetivos: 1- Carlos Augusto Can\u00eado Gon\u00e7alves da Silva 2- Carlos Henrique Borlido Haddad 3- Daniela de Freitas Marques 4- Felipe Martins Pinto 5- Fernando Ant\u00f4nio Nogueira Galv\u00e3o da Rocha 6- Frederico Gomes de Almeida Horta [&hellip;]<\/p>\n","protected":false},"author":1,"featured_media":0,"parent":0,"menu_order":0,"comment_status":"closed","ping_status":"closed","template":"","meta":{"footnotes":""},"class_list":["post-8242","page","type-page","status-publish","hentry"],"publishpress_future_action":{"enabled":false,"date":"2026-05-20 03:55:22","action":"change-status","newStatus":"draft","terms":[],"taxonomy":"","extraData":[]},"publishpress_future_workflow_manual_trigger":{"enabledWorkflows":[]},"_links":{"self":[{"href":"https:\/\/www.direito.ufmg.br\/index.php?rest_route=\/wp\/v2\/pages\/8242","targetHints":{"allow":["GET"]}}],"collection":[{"href":"https:\/\/www.direito.ufmg.br\/index.php?rest_route=\/wp\/v2\/pages"}],"about":[{"href":"https:\/\/www.direito.ufmg.br\/index.php?rest_route=\/wp\/v2\/types\/page"}],"author":[{"embeddable":true,"href":"https:\/\/www.direito.ufmg.br\/index.php?rest_route=\/wp\/v2\/users\/1"}],"replies":[{"embeddable":true,"href":"https:\/\/www.direito.ufmg.br\/index.php?rest_route=%2Fwp%2Fv2%2Fcomments&post=8242"}],"version-history":[{"count":0,"href":"https:\/\/www.direito.ufmg.br\/index.php?rest_route=\/wp\/v2\/pages\/8242\/revisions"}],"wp:attachment":[{"href":"https:\/\/www.direito.ufmg.br\/index.php?rest_route=%2Fwp%2Fv2%2Fmedia&parent=8242"}],"curies":[{"name":"wp","href":"https:\/\/api.w.org\/{rel}","templated":true}]}}