{"id":8250,"date":"2019-06-07T19:38:03","date_gmt":"2019-06-07T22:38:03","guid":{"rendered":"http:\/\/150.164.104.182:8080\/wordpress\/?page_id=8250"},"modified":"2022-03-09T08:05:36","modified_gmt":"2022-03-09T11:05:36","slug":"din-grupos-de-estudo","status":"publish","type":"page","link":"https:\/\/www.direito.ufmg.br\/?page_id=8250","title":{"rendered":"DIN \u2013 Grupos de Estudo"},"content":{"rendered":"<p>(1) Grupo de Estudos de Direito Empresarial \u2013 GEPE \u2013 Orientador: Prof. Frederico Gomes de Almeida Horta.<\/p>\n<p>(2) Projeto Casa Verde \u2013 Criminologia e Democracia \u2013 Orientador: Prof. Carlos Augusto Can\u00eado Gon\u00e7alves da Silva.<\/p>\n<p>(3) Projeto de Grupo de Estudos \u201cAtua\u00e7\u00e3o das Partes e Poder de Decis\u00e3o do Juiz no Processo Penal\u201d &#8211; Orientador: Prof. J\u00falio C\u00e9sar Faria Zini.<\/p>\n<p>(4) Criminalidade Econ\u00f4mica &#8211; Coordena\u00e7\u00e3o: Profa. Sheila Jorge Selim de Sales e Prof. Lu\u00eds Augusto Sanzo Brodt.<\/p>\n<p>(5) Grupo de Estudos da Cl\u00ednica de Trabalho Escravo e Tr\u00e1fico de Pessoas &#8211; Orientadores: Prof. Carlos Henrique Borlido Haddad e Profa.L\u00edvia Mendes Moreira Miraglia.<\/p>\n<p>(6) Grupo de Estudos: aspectos processuais penais do Pacote Anticrime (GEPPA) &#8211; Orientador: Prof. Felipe Martins Pinto.<\/p>\n<p>(7) Grupo de Estudos \u201cCompliance Criminal\u201d &#8211; Orientador: Prof. Fernando Ant\u00f4nio Nogueira Galv\u00e3o da Rocha.<\/p>\n<p>(8) Grupo de Estudos: Crit\u00e9rios de aplica\u00e7\u00e3o de pena: an\u00e1lise de precedentes de relatoria da Des. Jane Silva- Orientador: Prof. Felipe Martins Pinto.<\/p>\n<p>(9) Grupo de Estudos \u201c\u00d9tero e Fic\u00e7\u00e3o Cient\u00edfica: Uma Percep\u00e7\u00e3o de G\u00eanero nas Narrativas Dist\u00f3picas\u201d \u2013 Orientador: Prof.Carlos Augusto Can\u00eado Gon\u00e7alves da Silva.<\/p>\n<p>(10) Grupo de Estudos \u201cDireito Penal e Cinema\u201d \u2013 Orientador: Prof. Fernando Ant\u00f4nio Nogueira Galv\u00e3o da Rocha.<\/p>\n<p>(11) Grupo de Estudos em Crimes Contra a Mulher \u2013 Feminic\u00eddio \u2013 Orientador: Prof. Carlos Augusto Can\u00eado Gon\u00e7alves da Silva.<\/p>\n<p>(12) Grupo de estudos: Casa Verde \u2013 Puni\u00e7\u00e3o e Estrutura Social \u2013 Coordenador: Prof. Carlos Augusto Can\u00eado Gon\u00e7alves da Silva.<\/p>\n<p>(13) Gelpe Ufmg: Grupo De Estudos Em Legisla\u00e7\u00e3o Penal Especial \u2013 Coordenador: Prof. Frederico Gomes de Almeida Horta.<\/p>\n","protected":false},"excerpt":{"rendered":"<p>(1) Grupo de Estudos de Direito Empresarial \u2013 GEPE \u2013 Orientador: Prof. Frederico Gomes de Almeida Horta. (2) Projeto Casa Verde \u2013 Criminologia e Democracia \u2013 Orientador: Prof. Carlos Augusto Can\u00eado Gon\u00e7alves da Silva. (3) [&hellip;]<\/p>\n","protected":false},"author":1,"featured_media":0,"parent":0,"menu_order":0,"comment_status":"closed","ping_status":"closed","template":"","meta":{"footnotes":""},"class_list":["post-8250","page","type-page","status-publish","hentry"],"publishpress_future_action":{"enabled":false,"date":"2026-05-20 03:55:22","action":"change-status","newStatus":"draft","terms":[],"taxonomy":"","extraData":[]},"publishpress_future_workflow_manual_trigger":{"enabledWorkflows":[]},"_links":{"self":[{"href":"https:\/\/www.direito.ufmg.br\/index.php?rest_route=\/wp\/v2\/pages\/8250","targetHints":{"allow":["GET"]}}],"collection":[{"href":"https:\/\/www.direito.ufmg.br\/index.php?rest_route=\/wp\/v2\/pages"}],"about":[{"href":"https:\/\/www.direito.ufmg.br\/index.php?rest_route=\/wp\/v2\/types\/page"}],"author":[{"embeddable":true,"href":"https:\/\/www.direito.ufmg.br\/index.php?rest_route=\/wp\/v2\/users\/1"}],"replies":[{"embeddable":true,"href":"https:\/\/www.direito.ufmg.br\/index.php?rest_route=%2Fwp%2Fv2%2Fcomments&post=8250"}],"version-history":[{"count":0,"href":"https:\/\/www.direito.ufmg.br\/index.php?rest_route=\/wp\/v2\/pages\/8250\/revisions"}],"wp:attachment":[{"href":"https:\/\/www.direito.ufmg.br\/index.php?rest_route=%2Fwp%2Fv2%2Fmedia&parent=8250"}],"curies":[{"name":"wp","href":"https:\/\/api.w.org\/{rel}","templated":true}]}}