{"id":8261,"date":"2019-06-07T19:41:17","date_gmt":"2019-06-07T22:41:17","guid":{"rendered":"http:\/\/150.164.104.182:8080\/wordpress\/?page_id=8261"},"modified":"2020-04-17T16:59:55","modified_gmt":"2020-04-17T19:59:55","slug":"din-programa-das-disciplinas","status":"publish","type":"page","link":"https:\/\/www.direito.ufmg.br\/?page_id=8261","title":{"rendered":"DIN \u2013 Programa das disciplinas"},"content":{"rendered":"<p>Disciplinas obrigat\u00f3rias:<\/p>\n<p><a href=\"..\/wp-content\/uploads\/din\/obrigatorias\/DIN101.pdf\" target=\"_blank\" rel=\"noopener noreferrer\">Direito Penal I<\/a><br \/>\n<a href=\"..\/wp-content\/uploads\/din\/obrigatorias\/DIN102.pdf\" target=\"_blank\" rel=\"noopener noreferrer\">Direito Penal II<\/a><br \/>\n<a href=\"..\/wp-content\/uploads\/din\/obrigatorias\/DIN103.pdf\" target=\"_blank\" rel=\"noopener noreferrer\">Direito Penal III<\/a><br \/>\n<a href=\"..\/wp-content\/uploads\/din\/obrigatorias\/DIN104.pdf\" target=\"_blank\" rel=\"noopener noreferrer\">Direito Penal IV<\/a><br \/>\n<a href=\"..\/wp-content\/uploads\/din\/obrigatorias\/DIN105.pdf\" target=\"_blank\" rel=\"noopener noreferrer\">Direito Processual Penal I<\/a><br \/>\n<a href=\"..\/wp-content\/uploads\/din\/obrigatorias\/DIN106.pdf\" target=\"_blank\" rel=\"noopener noreferrer\">Direito Processual Penal II<\/a><\/p>\n<p>Disciplinas optativas:<\/p>\n<p><a href=\"..\/wp-content\/uploads\/din\/optativas\/APM005.pdf\" target=\"_blank\" rel=\"noopener noreferrer\">Medicina Legal<\/a><br \/>\n<a href=\"..\/wp-content\/uploads\/din\/optativas\/DIN012.pdf\" target=\"_blank\" rel=\"noopener noreferrer\">Cl\u00ednica de Trabalho Escravo e Tr\u00e1fico de Pessoas<\/a><br \/>\n<a href=\"..\/wp-content\/uploads\/din\/optativas\/DIN017.pdf\" target=\"_blank\" rel=\"noopener noreferrer\">O negro e o Habeas Corpus na Transi\u00e7\u00e3o do Imp\u00e9rio para a Rep\u00fablica<\/a><br \/>\n<a href=\"..\/wp-content\/uploads\/din\/optativas\/DIN017_devido.pdf\" target=\"_blank\" rel=\"noopener noreferrer\">Devido Processo Penal e Defesa Criminal<\/a><\/p>\n<p>&nbsp;<\/p>\n","protected":false},"excerpt":{"rendered":"<p>Disciplinas obrigat\u00f3rias: Direito Penal I Direito Penal II Direito Penal III Direito Penal IV Direito Processual Penal I Direito Processual Penal II Disciplinas optativas: Medicina Legal Cl\u00ednica de Trabalho Escravo e Tr\u00e1fico de Pessoas O [&hellip;]<\/p>\n","protected":false},"author":1,"featured_media":0,"parent":0,"menu_order":0,"comment_status":"closed","ping_status":"closed","template":"","meta":{"footnotes":""},"class_list":["post-8261","page","type-page","status-publish","hentry"],"publishpress_future_action":{"enabled":false,"date":"2026-04-23 20:55:46","action":"change-status","newStatus":"draft","terms":[],"taxonomy":"","extraData":[]},"publishpress_future_workflow_manual_trigger":{"enabledWorkflows":[]},"_links":{"self":[{"href":"https:\/\/www.direito.ufmg.br\/index.php?rest_route=\/wp\/v2\/pages\/8261","targetHints":{"allow":["GET"]}}],"collection":[{"href":"https:\/\/www.direito.ufmg.br\/index.php?rest_route=\/wp\/v2\/pages"}],"about":[{"href":"https:\/\/www.direito.ufmg.br\/index.php?rest_route=\/wp\/v2\/types\/page"}],"author":[{"embeddable":true,"href":"https:\/\/www.direito.ufmg.br\/index.php?rest_route=\/wp\/v2\/users\/1"}],"replies":[{"embeddable":true,"href":"https:\/\/www.direito.ufmg.br\/index.php?rest_route=%2Fwp%2Fv2%2Fcomments&post=8261"}],"version-history":[{"count":0,"href":"https:\/\/www.direito.ufmg.br\/index.php?rest_route=\/wp\/v2\/pages\/8261\/revisions"}],"wp:attachment":[{"href":"https:\/\/www.direito.ufmg.br\/index.php?rest_route=%2Fwp%2Fv2%2Fmedia&parent=8261"}],"curies":[{"name":"wp","href":"https:\/\/api.w.org\/{rel}","templated":true}]}}