{"id":8268,"date":"2019-06-07T19:42:55","date_gmt":"2019-06-07T22:42:55","guid":{"rendered":"http:\/\/150.164.104.182:8080\/wordpress\/?page_id=8268"},"modified":"2025-09-02T10:36:25","modified_gmt":"2025-09-02T13:36:25","slug":"dip-corpo-docente","status":"publish","type":"page","link":"https:\/\/www.direito.ufmg.br\/?page_id=8268","title":{"rendered":"DIP \u2013 Corpo Docente"},"content":{"rendered":"<p><a href=\"http:\/\/lattes.cnpq.br\/2162607115118731\" target=\"_blank\" rel=\"noopener noreferrer\"><span style=\"font-family: Arial; font-size: medium;\">Adamo Dias Alves<\/span><\/a><br \/>\nAdriano Alberto Smolarek<br \/>\nAlexandre Ant\u00f4nio Alkmim Teixeira<br \/>\nAlexandre Gustavo Melo Franco Bahia<br \/>\n<a href=\"http:\/\/lattes.cnpq.br\/5796728235487315\" target=\"_blank\" rel=\"noopener noreferrer\"><span style=\"font-family: Arial; font-size: medium;\">Aziz Tuffi Saliba<\/span><\/a><br \/>\n<a href=\"http:\/\/lattes.cnpq.br\/9044160342461871\" target=\"_blank\" rel=\"noopener noreferrer\"><span style=\"font-family: Arial; font-size: medium;\">Bernardo Gon\u00e7alves Alfredo Fernandes<\/span><\/a><br \/>\n<a href=\"http:\/\/lattes.cnpq.br\/9164455722578243\" target=\"_blank\" rel=\"noopener noreferrer\"><span style=\"font-family: Arial; font-size: medium;\">Bruno Wanderley J\u00fanior<\/span><\/a><br \/>\n<a href=\"http:\/\/lattes.cnpq.br\/3173661801895798\" target=\"_blank\" rel=\"noopener noreferrer\"><span style=\"font-family: Arial; font-size: medium;\">Carla Ribeiro Volpini Silva<\/span><\/a><br \/>\n<a href=\"http:\/\/lattes.cnpq.br\/3123980301720047\" target=\"_blank\" rel=\"noopener noreferrer\"><span style=\"font-family: Arial; font-size: medium;\">Cristiana Maria Fortini Pinto e Silva<\/span><\/a><br \/>\n<a href=\"http:\/\/lattes.cnpq.br\/3860243568106899\" target=\"_blank\" rel=\"noopener noreferrer\"><span style=\"font-family: Arial; font-size: medium;\">Daniel Gaio<\/span><\/a><br \/>\n<a href=\"http:\/\/buscatextual.cnpq.br\/buscatextual\/visualizacv.do?id=K4794529U9\" target=\"_blank\" rel=\"noopener noreferrer\"><span style=\"font-family: Arial; font-size: medium;\">Daniela Mello Coelho Haikal<\/span><\/a><br \/>\n<span style=\"font-family: Arial; font-size: medium;\">Davi Monteiro Diniz<\/span><br \/>\n<a href=\"http:\/\/lattes.cnpq.br\/3179808724747993\" target=\"_blank\" rel=\"noopener noreferrer\"><span style=\"font-family: Arial; font-size: medium;\">Em\u00edlio Peluso Neder Meyer<\/span><\/a><br \/>\n<a href=\"http:\/\/lattes.cnpq.br\/0774773766995009\" target=\"_blank\" rel=\"noopener noreferrer\"><span style=\"font-family: Arial; font-size: medium;\">Eurico Bitencourt Neto<\/span><\/a><br \/>\n<a href=\"http:\/\/lattes.cnpq.br\/8894679624874617\" target=\"_blank\" rel=\"noopener noreferrer\"><span style=\"font-family: Arial; font-size: medium;\">Fabiano Teodoro de Rezende Lara<\/span><\/a><br \/>\n<a href=\"http:\/\/lattes.cnpq.br\/5769184361010463\" target=\"_blank\" rel=\"noopener noreferrer\"><span style=\"font-family: Arial; font-size: medium;\">Fl\u00e1vio Couto Bernardes<\/span><\/a><br \/>\n<a href=\"http:\/\/lattes.cnpq.br\/7962143294679740\" target=\"_blank\" rel=\"noopener noreferrer\"><span style=\"font-family: Arial; font-size: medium;\">Florivaldo Dutra Ara\u00fajo<\/span><\/a><br \/>\n<a href=\"http:\/\/lattes.cnpq.br\/9941806498785778\" target=\"_blank\" rel=\"noopener noreferrer\"><span style=\"font-family: Arial; font-size: medium;\">Francisco de Castilho Prates<\/span><\/a><br \/>\n<span style=\"font-size: small;\"><span style=\"font-size: 12pt;\">Frederico Menezes Breyner<\/span> <\/span><br \/>\nGabriela Cristina Braga Navarro<br \/>\n<a href=\"http:\/\/lattes.cnpq.br\/8525677886136477\" target=\"_blank\" rel=\"noopener noreferrer\"><span style=\"font-family: Arial; font-size: medium;\">Giovani Clark<\/span><\/a><br \/>\n<a href=\"http:\/\/lattes.cnpq.br\/6713925333676182\" target=\"_blank\" rel=\"noopener noreferrer\"><span style=\"font-family: Arial; font-size: medium;\">Jamile Bergamaschine Mata Diz<\/span><\/a><br \/>\n<span style=\"font-family: Arial; font-size: medium;\">Jos\u00e9 Alfredo Borges<\/span><br \/>\n<a href=\"http:\/\/lattes.cnpq.br\/3280349700985398\" target=\"_blank\" rel=\"noopener noreferrer\"><span style=\"font-family: Arial; font-size: medium;\">Jos\u00e9 Luiz Borges Horta<\/span><\/a><br \/>\n<a href=\"http:\/\/lattes.cnpq.br\/8271201946056867\" target=\"_blank\" rel=\"noopener noreferrer\"><span style=\"font-family: Arial; font-size: medium;\">Jos\u00e9 Luiz Quadros de Magalh\u00e3es<\/span><\/a><br \/>\n<a href=\"http:\/\/lattes.cnpq.br\/9666480072599030\" target=\"_blank\" rel=\"noopener noreferrer\"><span style=\"font-family: Arial; font-size: medium;\">Leandro Novais e Silva<\/span><\/a><br \/>\n<span style=\"font-size: small;\"><span style=\"font-size: 12pt;\">Leonardo Alves Correa<\/span> <\/span><br \/>\n<a href=\"http:\/\/lattes.cnpq.br\/0973738431683871\" target=\"_blank\" rel=\"noopener noreferrer\"><span style=\"font-family: Arial; font-size: medium;\">Leonardo Nemer Caldeira Brant<\/span><\/a><br \/>\n<a href=\"http:\/\/lattes.cnpq.br\/0543628284746560\" target=\"_blank\" rel=\"noopener noreferrer\"><span style=\"font-family: Arial; font-size: medium;\">Lucas Carlos Lima<\/span><\/a><br \/>\n<a href=\"http:\/\/lattes.cnpq.br\/1689455352518174\" target=\"_blank\" rel=\"noopener noreferrer\"><span style=\"font-family: Arial; font-size: medium;\">Luciano de Ara\u00fajo Ferraz<\/span><\/a><br \/>\n<a href=\"http:\/\/lattes.cnpq.br\/4442732824534071\" target=\"_blank\" rel=\"noopener noreferrer\"><span style=\"font-family: Arial; font-size: medium;\">Marcelo Andrade Cattoni de Oliveira<\/span><\/a><br \/>\n<a href=\"http:\/\/lattes.cnpq.br\/7649601416062501\" target=\"_blank\" rel=\"noopener noreferrer\"><span style=\"font-family: Arial; font-size: medium;\">M\u00e1rcio Lu\u00eds de Oliveira<\/span><\/a><br \/>\n<a href=\"http:\/\/lattes.cnpq.br\/8213163806340232\" target=\"_blank\" rel=\"noopener noreferrer\"><span style=\"font-family: Arial; font-size: medium;\">Maria Tereza Fonseca Dias<\/span><\/a><br \/>\n<a href=\"http:\/\/lattes.cnpq.br\/2284086832664522\" target=\"_blank\" rel=\"noopener noreferrer\"><span style=\"font-family: Arial; font-size: medium;\">Onofre Alves Batista J\u00fanior<\/span><\/a><br \/>\n<a href=\"http:\/\/lattes.cnpq.br\/5287516035569471\" target=\"_blank\" rel=\"noopener noreferrer\"><span style=\"font-family: Arial; font-size: medium;\">Paulo Roberto Coimbra Silva<\/span><\/a><br \/>\n<a href=\"http:\/\/lattes.cnpq.br\/5616314176209557\" target=\"_blank\" rel=\"noopener noreferrer\"><span style=\"font-family: Arial; font-size: medium;\">Raoni Macedo Bielschowsky<\/span><\/a><br \/>\n<a href=\"http:\/\/lattes.cnpq.br\/8780363284231214\" target=\"_blank\" rel=\"noopener noreferrer\"><span style=\"font-family: Arial; font-size: medium;\">Roberto Luiz Silva<\/span><\/a><br \/>\n<span style=\"font-family: Arial; font-size: medium;\">Valter de Souza Lobato<\/span><br \/>\n<a href=\"http:\/\/lattes.cnpq.br\/0510123689775433\" target=\"_blank\" rel=\"noopener noreferrer\"><span style=\"font-family: Arial; font-size: medium;\">Werther Botelho Spagnol<\/span><\/a><span style=\"font-size: small;\">\u00a0<\/span><\/p>\n","protected":false},"excerpt":{"rendered":"<p>Adamo Dias Alves Adriano Alberto Smolarek Alexandre Ant\u00f4nio Alkmim Teixeira Alexandre Gustavo Melo Franco Bahia Aziz Tuffi Saliba Bernardo Gon\u00e7alves Alfredo Fernandes Bruno Wanderley J\u00fanior Carla Ribeiro Volpini Silva Cristiana Maria Fortini Pinto e Silva [&hellip;]<\/p>\n","protected":false},"author":1,"featured_media":0,"parent":0,"menu_order":0,"comment_status":"closed","ping_status":"closed","template":"","meta":{"footnotes":""},"class_list":["post-8268","page","type-page","status-publish","hentry"],"publishpress_future_action":{"enabled":false,"date":"2026-05-20 03:55:22","action":"change-status","newStatus":"draft","terms":[],"taxonomy":"","extraData":[]},"publishpress_future_workflow_manual_trigger":{"enabledWorkflows":[]},"_links":{"self":[{"href":"https:\/\/www.direito.ufmg.br\/index.php?rest_route=\/wp\/v2\/pages\/8268","targetHints":{"allow":["GET"]}}],"collection":[{"href":"https:\/\/www.direito.ufmg.br\/index.php?rest_route=\/wp\/v2\/pages"}],"about":[{"href":"https:\/\/www.direito.ufmg.br\/index.php?rest_route=\/wp\/v2\/types\/page"}],"author":[{"embeddable":true,"href":"https:\/\/www.direito.ufmg.br\/index.php?rest_route=\/wp\/v2\/users\/1"}],"replies":[{"embeddable":true,"href":"https:\/\/www.direito.ufmg.br\/index.php?rest_route=%2Fwp%2Fv2%2Fcomments&post=8268"}],"version-history":[{"count":0,"href":"https:\/\/www.direito.ufmg.br\/index.php?rest_route=\/wp\/v2\/pages\/8268\/revisions"}],"wp:attachment":[{"href":"https:\/\/www.direito.ufmg.br\/index.php?rest_route=%2Fwp%2Fv2%2Fmedia&parent=8268"}],"curies":[{"name":"wp","href":"https:\/\/api.w.org\/{rel}","templated":true}]}}