{"id":8274,"date":"2019-06-07T19:43:33","date_gmt":"2019-06-07T22:43:33","guid":{"rendered":"http:\/\/150.164.104.182:8080\/wordpress\/?page_id=8274"},"modified":"2020-03-21T10:37:09","modified_gmt":"2020-03-21T13:37:09","slug":"dip-horarios","status":"publish","type":"page","link":"https:\/\/www.direito.ufmg.br\/?page_id=8274","title":{"rendered":"DIP \u2013 Hor\u00e1rios"},"content":{"rendered":"<table style=\"border-collapse: collapse; width: 57.3869%; height: 48px;\">\n<tbody>\n<tr style=\"height: 24px;\">\n<td style=\"width: 33.3333%; text-align: center; height: 24px;\">\u00a0Obrigat\u00f3rias<\/td>\n<td style=\"width: 33.3333%; text-align: center; height: 24px;\">Optativas<\/td>\n<\/tr>\n<tr style=\"height: 24px;\">\n<td style=\"width: 33.3333%; text-align: center; height: 24px;\"><a href=\"https:\/\/www.direito.ufmg.br\/wp-content\/uploads\/2020\/03\/Hor\u00e1rio-Obrigat\u00f3ria-Gradua\u00e7\u00e3o-2020-1-modelo-Colgrad.pdf\">2020<\/a><\/td>\n<td style=\"width: 33.3333%; text-align: center; height: 24px;\"><a href=\"https:\/\/www.direito.ufmg.br\/wp-content\/uploads\/2020\/03\/Optativas-2020-1.pdf\">2020<\/a><\/td>\n<\/tr>\n<tr>\n<td style=\"width: 33.3333%; text-align: center;\"><a href=\"https:\/\/www.direito.ufmg.br\/wp-content\/uploads\/2020\/03\/Hor\u00e1rio-Obrigat\u00f3ria-Gradua\u00e7\u00e3o-2019-2-modelo-Colgrad.pdf\">2019<\/a><\/td>\n<td style=\"width: 33.3333%; text-align: center;\"><a href=\"https:\/\/www.direito.ufmg.br\/wp-content\/uploads\/2020\/03\/Hor\u00e1rios-Optativas-Gradua\u00e7\u00e3o-2019-2.pdf\">2019<\/a><\/td>\n<\/tr>\n<\/tbody>\n<\/table>\n","protected":false},"excerpt":{"rendered":"<p>\u00a0Obrigat\u00f3rias Optativas 2020 2020 2019 2019<\/p>\n","protected":false},"author":1,"featured_media":0,"parent":0,"menu_order":0,"comment_status":"closed","ping_status":"closed","template":"","meta":{"footnotes":""},"class_list":["post-8274","page","type-page","status-publish","hentry"],"publishpress_future_action":{"enabled":false,"date":"2026-04-24 00:39:15","action":"change-status","newStatus":"draft","terms":[],"taxonomy":"","extraData":[]},"publishpress_future_workflow_manual_trigger":{"enabledWorkflows":[]},"_links":{"self":[{"href":"https:\/\/www.direito.ufmg.br\/index.php?rest_route=\/wp\/v2\/pages\/8274","targetHints":{"allow":["GET"]}}],"collection":[{"href":"https:\/\/www.direito.ufmg.br\/index.php?rest_route=\/wp\/v2\/pages"}],"about":[{"href":"https:\/\/www.direito.ufmg.br\/index.php?rest_route=\/wp\/v2\/types\/page"}],"author":[{"embeddable":true,"href":"https:\/\/www.direito.ufmg.br\/index.php?rest_route=\/wp\/v2\/users\/1"}],"replies":[{"embeddable":true,"href":"https:\/\/www.direito.ufmg.br\/index.php?rest_route=%2Fwp%2Fv2%2Fcomments&post=8274"}],"version-history":[{"count":0,"href":"https:\/\/www.direito.ufmg.br\/index.php?rest_route=\/wp\/v2\/pages\/8274\/revisions"}],"wp:attachment":[{"href":"https:\/\/www.direito.ufmg.br\/index.php?rest_route=%2Fwp%2Fv2%2Fmedia&parent=8274"}],"curies":[{"name":"wp","href":"https:\/\/api.w.org\/{rel}","templated":true}]}}