{"id":8278,"date":"2019-06-07T19:43:56","date_gmt":"2019-06-07T22:43:56","guid":{"rendered":"http:\/\/150.164.104.182:8080\/wordpress\/?page_id=8278"},"modified":"2023-05-23T15:15:49","modified_gmt":"2023-05-23T18:15:49","slug":"dip-o-departamento","status":"publish","type":"page","link":"https:\/\/www.direito.ufmg.br\/?page_id=8278","title":{"rendered":"DIP \u2013 O Departamento"},"content":{"rendered":"<p><span style=\"font-size: small;\">Chefe: Professora Carla Ribeiro Volpini Silva<\/span><br \/>\n<span style=\"font-size: small;\">Subchefe: Professor M\u00e1rcio Lu\u00eds de Oliveira<\/span><br \/>\n<span style=\"font-size: small;\">Secretaria: Ivon\u00e9lia Soares da Silva Lisboa<\/span><\/p>\n","protected":false},"excerpt":{"rendered":"<p>Chefe: Professora Carla Ribeiro Volpini Silva Subchefe: Professor M\u00e1rcio Lu\u00eds de Oliveira Secretaria: Ivon\u00e9lia Soares da Silva Lisboa<\/p>\n","protected":false},"author":1,"featured_media":0,"parent":0,"menu_order":0,"comment_status":"closed","ping_status":"closed","template":"","meta":{"footnotes":""},"class_list":["post-8278","page","type-page","status-publish","hentry"],"publishpress_future_action":{"enabled":false,"date":"2026-04-27 12:16:58","action":"change-status","newStatus":"draft","terms":[],"taxonomy":"","extraData":[]},"publishpress_future_workflow_manual_trigger":{"enabledWorkflows":[]},"_links":{"self":[{"href":"https:\/\/www.direito.ufmg.br\/index.php?rest_route=\/wp\/v2\/pages\/8278","targetHints":{"allow":["GET"]}}],"collection":[{"href":"https:\/\/www.direito.ufmg.br\/index.php?rest_route=\/wp\/v2\/pages"}],"about":[{"href":"https:\/\/www.direito.ufmg.br\/index.php?rest_route=\/wp\/v2\/types\/page"}],"author":[{"embeddable":true,"href":"https:\/\/www.direito.ufmg.br\/index.php?rest_route=\/wp\/v2\/users\/1"}],"replies":[{"embeddable":true,"href":"https:\/\/www.direito.ufmg.br\/index.php?rest_route=%2Fwp%2Fv2%2Fcomments&post=8278"}],"version-history":[{"count":0,"href":"https:\/\/www.direito.ufmg.br\/index.php?rest_route=\/wp\/v2\/pages\/8278\/revisions"}],"wp:attachment":[{"href":"https:\/\/www.direito.ufmg.br\/index.php?rest_route=%2Fwp%2Fv2%2Fmedia&parent=8278"}],"curies":[{"name":"wp","href":"https:\/\/api.w.org\/{rel}","templated":true}]}}