{"id":8561,"date":"2019-06-12T20:24:20","date_gmt":"2019-06-12T23:24:20","guid":{"rendered":"http:\/\/150.164.104.182:8080\/wordpress\/?page_id=8561"},"modified":"2019-06-28T11:31:12","modified_gmt":"2019-06-28T14:31:12","slug":"solicitacao-de-passagens-e-diarias","status":"publish","type":"page","link":"https:\/\/www.direito.ufmg.br\/?page_id=8561","title":{"rendered":"Solicita\u00e7\u00e3o de Passagens e Di\u00e1rias"},"content":{"rendered":"<p>Belo Horizonte, 05 de maio de 2016<\/p>\n<p><span style=\"font-size: 14pt;\">Assunto: <strong><em>Orienta\u00e7\u00f5es com vistas \u00e0 adequa\u00e7\u00e3o dos procedimentos formais para a solicita\u00e7\u00e3o, concess\u00e3o e presta\u00e7\u00e3o de contas de di\u00e1rias, passagens e hospedagens.<\/em><\/strong><\/span><\/p>\n<p>Prezados Servidores,<\/p>\n<p>Visando sanar inconsist\u00eancias apontadas pelo relat\u00f3rio da auditoria interna, apresentamos orienta\u00e7\u00f5es quanto \u00e0 formaliza\u00e7\u00e3o de pedidos de concess\u00e3o de di\u00e1rias, passagens a\u00e9reas e hospedagem e respectiva presta\u00e7\u00e3o de contas.<\/p>\n<p>1. DA INSTRU\u00c7\u00c3O DOS PEDIDOS<\/p>\n<p>As solicita\u00e7\u00f5es de concess\u00e3o de di\u00e1rias e passagens para os deslocamentos no pa\u00eds dever\u00e3o ser encaminhadas para aprova\u00e7\u00e3o do diretor com anteced\u00eancia m\u00ednima de 15 (quinze) dias e dever\u00e3o ser instru\u00eddas com clareza.<\/p>\n<p>DOCUMENTA\u00c7\u00c3O: Para Concess\u00e3o de Passagens ou Di\u00e1rias formul\u00e1rio pr\u00f3prio dispon\u00edvel no final da p\u00e1gina contendo:<\/p>\n<p>Identifica\u00e7\u00e3o do benefici\u00e1rio com nome completo, v\u00ednculo (servidor, convidado ou colaborador eventual), RG, CPF, cargo, designa\u00e7\u00e3o, matr\u00edcula no SlAPE quando servidor p\u00fablico federal e, especificamente para pagamento de di\u00e1rias, dados banc\u00e1rios do proposto (Banco, ag\u00eancia e n\u00famero da conta corrente);<\/p>\n<p>Informa\u00e7\u00e3o a respeito do local, per\u00edodo de afastamento e descri\u00e7\u00e3o dos servi\u00e7os a serem executados (anexar documentos que comprovem a necessidade da viagem, tais como: convite, programa\u00e7\u00e3o, folder contendo as datas e hor\u00e1rios de presen\u00e7a do proposto);<\/p>\n<p>Nas circunst\u00e2ncias em que os afastamentos incluam s\u00e1bados, domingos e feriados, expressa justificativa anexando, inclusive, elementos de comprova\u00e7\u00e3o formal da necessidade da participa\u00e7\u00e3o do benefici\u00e1rio.<\/p>\n<p>Quaisquer altera\u00e7\u00f5es de data ou hor\u00e1rio de v\u00f4o ocorrer\u00e3o por inteira responsabilidade do proposto.<\/p>\n<p>2. DA PRESTA\u00c7\u00c3O DE CONTAS<\/p>\n<p>a) O benefici\u00e1rio de passagens e di\u00e1rias dever\u00e1 prestar contas, no prazo m\u00e1ximo de 05 (cinco) dias ap\u00f3s o retorno, acompanhada de relat\u00f3rio circunstanciado sobre a viagem e seus objetivos, documentos comprobat\u00f3rios da presta\u00e7\u00e3o do servi\u00e7o e\/ou participa\u00e7\u00e3o do benefici\u00e1rio nas atividades previstas, caso haja, e dos canhotos dos cart\u00f5es de embarque.<\/p>\n<p>b) A n\u00e3o presta\u00e7\u00e3o de constas impossibilita a concess\u00e3o de novas di\u00e1rias e passagens, at\u00e9 que seja efetuada a devida comprova\u00e7\u00e3o e regularizada a pend\u00eancia;<\/p>\n<p>c) Na impossibilidade do convidado ou colaborador eventual apresentar a presta\u00e7\u00e3o de contas, a responsabilidade ser\u00e1 do solicitante;<\/p>\n<p>d) Ser\u00e3o restitu\u00eddas ao er\u00e1rio, no prazo de 05(cinco) dias, as di\u00e1rias recebidas pelo benefici\u00e1rio quando, por qualquer circunst\u00e2ncia, n\u00e3o ocorrer o afastamento bem como as di\u00e1rias recebidas em excesso na hip\u00f3tese de o servidor retornar \u00e0 sede em prazo inferior ao previsto para seu afastamento.<\/p>\n<p>3 CONCLUS\u00c3O<\/p>\n<p>Os processos demandam tempo para sua efetiva execu\u00e7\u00e3o, por isso \u00e9 de suma import\u00e2ncia a colabora\u00e7\u00e3o de todos enviando os pedidos tempestivamente para que o estabelecido no Decreto n\u00ba 5.992, de 19 de dezembro de 2006 e demais legisla\u00e7\u00f5es pertinentes sejam rigorosamente cumpridos.<\/p>\n<p>Atenciosamente,<\/p>\n<p>Fernando Gonzaga Jayme<\/p>\n<p>Diretor da Faculdade de Direito<\/p>\n<table>\n<tbody>\n<tr style=\"background-color: #ffe7dc;\">\n<td><strong><a href=\"..\/wp-content\/uploads\/2019\/06\/formulario-diaria.xls\" target=\"_blank\" rel=\"noopener noreferrer\">Formul\u00e1rio de Solicita\u00e7\u00e3o &#8211; Di\u00e1rias<\/a><\/strong><\/td>\n<td><a href=\"http:\/\/150.164.104.182:8080\/wordpress\/wp-content\/uploads\/2019\/06\/formulario-diaria.xls\" target=\"_blank\" rel=\"noopener noreferrer\"><img loading=\"lazy\" decoding=\"async\" class=\"aligncenter wp-image-8568 size-full\" src=\"http:\/\/150.164.104.182:8080\/wordpress\/wp-content\/uploads\/2019\/06\/icone-excel.png\" alt=\"\" width=\"30\" height=\"30\" \/><\/a><\/td>\n<\/tr>\n<tr style=\"background-color: #ffffff;\">\n<td><\/td>\n<td><\/td>\n<\/tr>\n<tr style=\"background-color: #ffe7dc;\">\n<td><strong><a href=\"..\/wp-content\/uploads\/2019\/06\/formulario-passagem.xls\" target=\"_blank\" rel=\"noopener noreferrer\">Formul\u00e1rio de Solicita\u00e7\u00e3o &#8211; Passagens<\/a><\/strong><\/td>\n<td><a href=\".\/wp-content\/uploads\/2019\/06\/formulario-passagem.xls\" target=\"_blank\" rel=\"noopener noreferrer\"><img loading=\"lazy\" decoding=\"async\" class=\"aligncenter wp-image-8568 size-full\" src=\"http:\/\/150.164.104.182:8080\/wordpress\/wp-content\/uploads\/2019\/06\/icone-excel.png\" alt=\"\" width=\"30\" height=\"30\" \/><\/a><\/td>\n<\/tr>\n<\/tbody>\n<\/table>\n","protected":false},"excerpt":{"rendered":"<p>Belo Horizonte, 05 de maio de 2016 Assunto: Orienta\u00e7\u00f5es com vistas \u00e0 adequa\u00e7\u00e3o dos procedimentos formais para a solicita\u00e7\u00e3o, concess\u00e3o e presta\u00e7\u00e3o de contas de di\u00e1rias, passagens e hospedagens. Prezados Servidores, Visando sanar inconsist\u00eancias apontadas [&hellip;]<\/p>\n","protected":false},"author":1,"featured_media":0,"parent":0,"menu_order":0,"comment_status":"closed","ping_status":"closed","template":"","meta":{"footnotes":""},"class_list":["post-8561","page","type-page","status-publish","hentry"],"publishpress_future_action":{"enabled":false,"date":"2026-04-26 09:12:26","action":"change-status","newStatus":"draft","terms":[],"taxonomy":"","extraData":[]},"publishpress_future_workflow_manual_trigger":{"enabledWorkflows":[]},"_links":{"self":[{"href":"https:\/\/www.direito.ufmg.br\/index.php?rest_route=\/wp\/v2\/pages\/8561","targetHints":{"allow":["GET"]}}],"collection":[{"href":"https:\/\/www.direito.ufmg.br\/index.php?rest_route=\/wp\/v2\/pages"}],"about":[{"href":"https:\/\/www.direito.ufmg.br\/index.php?rest_route=\/wp\/v2\/types\/page"}],"author":[{"embeddable":true,"href":"https:\/\/www.direito.ufmg.br\/index.php?rest_route=\/wp\/v2\/users\/1"}],"replies":[{"embeddable":true,"href":"https:\/\/www.direito.ufmg.br\/index.php?rest_route=%2Fwp%2Fv2%2Fcomments&post=8561"}],"version-history":[{"count":0,"href":"https:\/\/www.direito.ufmg.br\/index.php?rest_route=\/wp\/v2\/pages\/8561\/revisions"}],"wp:attachment":[{"href":"https:\/\/www.direito.ufmg.br\/index.php?rest_route=%2Fwp%2Fv2%2Fmedia&parent=8561"}],"curies":[{"name":"wp","href":"https:\/\/api.w.org\/{rel}","templated":true}]}}