{"id":8580,"date":"2019-06-12T20:55:11","date_gmt":"2019-06-12T23:55:11","guid":{"rendered":"http:\/\/150.164.104.182:8080\/wordpress\/?page_id=8580"},"modified":"2026-04-17T15:38:41","modified_gmt":"2026-04-17T18:38:41","slug":"transparencia","status":"publish","type":"page","link":"https:\/\/www.direito.ufmg.br\/?page_id=8580","title":{"rendered":"Transpar\u00eancia"},"content":{"rendered":"<p>&#8220;Com o fim de salvaguardar a transpar\u00eancia administrativa, nos termos da Lei n\u00ba12.527, de 18 de novembro de 2011, o \u00f3rg\u00e3o ou entidade dever\u00e1 disponibilizar, mensalmente, na se\u00e7\u00e3o espec\u00edfica de acesso \u00e0 informa\u00e7\u00e3o de seu s\u00edtio na Internet, a ordem cronol\u00f3gica de seus pagamentos, bem como as justificativas que fundamentam a eventual quebra da ordem.&#8221;<\/p>\n<p><em>Fonte: INSTRU\u00c7\u00c3O NORMATIVA N\u00ba2, DE 6 de DEZEMBRO DE 2016, Artigo 5\u00ba, \u00a72\u00ba<\/em><\/p>\n<table style=\"width: 36.1773%; border-style: outset; height: 319px;\" border=\"1\" width=\"36.1773%\" cellpadding=\"2\">\n<tbody>\n<tr style=\"height: 60px;\">\n<td style=\"width: 119.18%; height: 45px;\" colspan=\"13\">\n<p style=\"text-align: center;\"><strong><span style=\"font-size: 14pt;\">Rela\u00e7\u00e3o Mensal de Pagamentos<\/span><br \/>\n<\/strong><\/p>\n<\/td>\n<\/tr>\n<tr style=\"background-color: #ffe7dc;\">\n<td style=\"width: 26.0648%; height: 24px;\"><strong>Ano<\/strong><\/td>\n<td style=\"text-align: center; width: 93.1154%; height: 24px;\" colspan=\"12\"><strong>M\u00eas<\/strong><\/td>\n<\/tr>\n<tr style=\"height: 24px;\">\n<td style=\"width: 26.0648%; height: 24px;\"><strong>2026<br \/>\n<\/strong><\/td>\n<td style=\"width: 1.95313%; text-align: center; height: 24px;\"><a href=\"https:\/\/www.direito.ufmg.br\/wp-content\/uploads\/2026\/02\/Planilha-de-Fornecedores-para-Site-Faculdade-de-Direito-2026_01.pdf\">Jan\/2026<\/a><\/td>\n<td style=\"width: 6.85484%; text-align: center; height: 24px;\"><a href=\"https:\/\/www.direito.ufmg.br\/wp-content\/uploads\/2026\/03\/Planilha-de-Fornecedores-para-Site-Faculdade-de-Direito-2026_02.pdf\">Fev\/2026<\/a><\/td>\n<td style=\"width: 7.8629%; text-align: center; height: 24px;\"><a href=\"https:\/\/www.direito.ufmg.br\/wp-content\/uploads\/2026\/04\/Planilha-de-Fornecedores-para-Site-Faculdade-de-Direito-2026_03.pdf\">Mar\/2026<\/a><\/td>\n<td style=\"width: 7.25806%; text-align: center; height: 24px;\"><\/td>\n<td style=\"width: 7.25806%; text-align: center; height: 24px;\"><\/td>\n<td style=\"width: 7.25806%; text-align: center; height: 24px;\"><\/td>\n<td style=\"width: 6.25%; text-align: center; height: 24px;\"><\/td>\n<td style=\"width: 7.25806%; text-align: center; height: 24px;\"><\/td>\n<td style=\"width: 6.25%; text-align: center; height: 24px;\"><\/td>\n<td style=\"width: 7.05645%; text-align: center; height: 24px;\"><\/td>\n<td style=\"width: 7.66129%; text-align: center; height: 24px;\"><\/td>\n<td style=\"width: 20.1945%; text-align: center; height: 24px;\"><\/td>\n<\/tr>\n<tr style=\"height: 24px;\">\n<td style=\"width: 26.0648%; height: 24px;\"><strong>2025<\/strong><\/td>\n<td style=\"width: 1.95313%; text-align: center; height: 24px;\"><a href=\"https:\/\/www.direito.ufmg.br\/wp-content\/uploads\/2025\/03\/Planilha-de-Fornecedores-para-Site-Faculdade-de-Direito_012025.pdf\">Jan\/2025<\/a><\/td>\n<td style=\"width: 6.85484%; text-align: center; height: 24px;\"><a href=\"https:\/\/www.direito.ufmg.br\/wp-content\/uploads\/2025\/03\/Planilha-de-Fornecedores-para-Site-Faculdade-de-Direito_022025.pdf\">Fev\/2025<\/a><\/td>\n<td style=\"width: 7.8629%; text-align: center; height: 24px;\"><a href=\"https:\/\/www.direito.ufmg.br\/wp-content\/uploads\/2025\/04\/Planilha-de-Fornecedores-para-Site-Faculdade-de-Direito_032025.pdf\">Mar\/2025<\/a><\/td>\n<td style=\"width: 7.25806%; text-align: center; height: 24px;\"><a href=\"https:\/\/www.direito.ufmg.br\/wp-content\/uploads\/2025\/05\/Planilha-de-Fornecedores-para-Site-Faculdade-de-Direito_042025.pdf\">Abr\/2025<\/a><\/td>\n<td style=\"width: 7.25806%; text-align: center; height: 24px;\"><a href=\"https:\/\/www.direito.ufmg.br\/wp-content\/uploads\/2025\/06\/Planilha-de-Fornecedores-para-Site-Faculdade-de-Direito_052025.pdf\">Mai\/2025<\/a><\/td>\n<td style=\"width: 7.25806%; text-align: center; height: 24px;\"><a href=\"https:\/\/www.direito.ufmg.br\/wp-content\/uploads\/2025\/08\/Planilha-de-Fornecedores-para-Site-Faculdade-de-Direito_062025.pdf\">Jun\/2025<\/a><\/td>\n<td style=\"width: 6.25%; text-align: center; height: 24px;\"><a href=\"https:\/\/www.direito.ufmg.br\/wp-content\/uploads\/2025\/08\/Planilha-de-Fornecedores-para-Site-Faculdade-de-Direito_072025.pdf\">Jul\/2025<\/a><\/td>\n<td style=\"width: 7.25806%; text-align: center; height: 24px;\"><a href=\"https:\/\/www.direito.ufmg.br\/wp-content\/uploads\/2025\/09\/Planilha-de-Fornecedores-para-Site-Faculdade-de-Direito_082025.pdf\">Ago\/2025<\/a><\/td>\n<td style=\"width: 6.25%; text-align: center; height: 24px;\"><a href=\"https:\/\/www.direito.ufmg.br\/wp-content\/uploads\/2025\/10\/Planilha-de-Fornecedores-para-Site-Faculdade-de-Direito_092025.pdf\">Set\/2024<\/a><\/td>\n<td style=\"width: 7.05645%; text-align: center; height: 24px;\"><a href=\"https:\/\/www.direito.ufmg.br\/wp-content\/uploads\/2025\/12\/Planilha-de-Fornecedores-para-Site-Faculdade-de-Direito_102025.pdf\">Out\/2025<\/a><\/td>\n<td style=\"width: 7.66129%; text-align: center; height: 24px;\"><a href=\"https:\/\/www.direito.ufmg.br\/wp-content\/uploads\/2025\/12\/Planilha-de-Fornecedores-para-Site-Faculdade-de-Direito_112025.pdf\">Nov\/2025<\/a><\/td>\n<td style=\"width: 20.1945%; text-align: center; height: 24px;\"><a href=\"https:\/\/www.direito.ufmg.br\/wp-content\/uploads\/2026\/01\/Planilha-de-Fornecedores-para-Site-Faculdade-de-Direito_122025.pdf\">Dez\/2025<\/a><\/td>\n<\/tr>\n<tr style=\"height: 24px;\">\n<td style=\"width: 26.0648%; height: 24px;\"><strong>2024<\/strong><\/td>\n<td style=\"width: 1.95313%; text-align: center; height: 24px;\"><a href=\"https:\/\/www.direito.ufmg.br\/wp-content\/uploads\/2024\/03\/Planilha-de-Fornecedores-para-Site-Faculdade-de-Direito-2024.pdf\">Jan\/2024<\/a><\/td>\n<td style=\"width: 6.85484%; text-align: center; height: 24px;\"><a href=\"https:\/\/www.direito.ufmg.br\/wp-content\/uploads\/2024\/03\/Planilha-de-Fornecedores-para-Site-Faculdade-de-Direito-02-2024.pdf\">Fev\/2024<\/a><\/td>\n<td style=\"width: 7.8629%; text-align: center; height: 24px;\"><a href=\"https:\/\/www.direito.ufmg.br\/wp-content\/uploads\/2024\/04\/Planilha-de-Fornecedores-para-Site-Faculdade-de-Direito-03-2024.pdf\">Mar\/2024<\/a><\/td>\n<td style=\"width: 7.25806%; text-align: center; height: 24px;\"><a href=\"https:\/\/www.direito.ufmg.br\/wp-content\/uploads\/2024\/05\/Planilha-de-Fornecedores-para-Site-Faculdade-de-Direito-04-2024.pdf\">Abr\/2024<\/a><\/td>\n<td style=\"width: 7.25806%; text-align: center; height: 24px;\"><a href=\"https:\/\/www.direito.ufmg.br\/wp-content\/uploads\/2024\/06\/Planilha-de-Fornecedores-para-Site-Faculdade-de-Direito-05-2024.pdf\">Mai\/2024<\/a><\/td>\n<td style=\"width: 7.25806%; text-align: center; height: 24px;\"><a href=\"https:\/\/www.direito.ufmg.br\/wp-content\/uploads\/2024\/07\/Planilha-de-Fornecedores-para-Site-Faculdade-de-Direito-06-2024.pdf\">Jun\/2023<\/a><\/td>\n<td style=\"width: 6.25%; text-align: center; height: 24px;\"><a href=\"https:\/\/www.direito.ufmg.br\/wp-content\/uploads\/2024\/08\/Planilha-de-Fornecedores-para-Site-Faculdade-de-Direito-07-2024.pdf\">Jul\/2023<\/a><\/td>\n<td style=\"width: 7.25806%; text-align: center; height: 24px;\"><a href=\"https:\/\/www.direito.ufmg.br\/wp-content\/uploads\/2024\/09\/Planilha-de-Fornecedores-para-Site-Faculdade-de-Direito-08-2024.pdf\">Ago\/2024<\/a><\/td>\n<td style=\"width: 6.25%; text-align: center; height: 24px;\"><a href=\"https:\/\/www.direito.ufmg.br\/wp-content\/uploads\/2024\/10\/Planilha-de-Fornecedores-para-Site-Faculdade-de-Direito-09-2024.pdf\">Set\/2024<\/a><\/td>\n<td style=\"width: 7.05645%; text-align: center; height: 24px;\"><a href=\"https:\/\/www.direito.ufmg.br\/wp-content\/uploads\/2024\/11\/Planilha-de-Fornecedores-para-Site-Faculdade-de-Direito-10-2024.pdf\">Out\/2024<\/a><\/td>\n<td style=\"width: 7.66129%; text-align: center; height: 24px;\"><a href=\"https:\/\/www.direito.ufmg.br\/wp-content\/uploads\/2024\/12\/Planilha-de-Fornecedores-para-Site-Faculdade-de-Direito-11-2024.pdf\">Nov\/2024<\/a><\/td>\n<td style=\"width: 20.1945%; text-align: center; height: 24px;\"><a href=\"https:\/\/www.direito.ufmg.br\/wp-content\/uploads\/2025\/01\/Planilha-de-Fornecedores-para-Site-Faculdade-de-Direito-12-2024.pdf\">Dez\/2024<\/a><\/td>\n<\/tr>\n<tr style=\"height: 24px;\">\n<td style=\"width: 26.0648%; height: 24px;\"><strong>2023<\/strong><\/td>\n<td style=\"width: 1.95313%; text-align: center; height: 24px;\"><a href=\"https:\/\/www.direito.ufmg.br\/wp-content\/uploads\/2023\/02\/Planilha-de-Fornecedores-para-Site-Faculdade-de-Direito-012023.pdf\">Jan\/2023<\/a><\/td>\n<td style=\"width: 6.85484%; text-align: center; height: 24px;\"><a href=\"https:\/\/www.direito.ufmg.br\/wp-content\/uploads\/2023\/03\/Planilha-de-Fornecedores-para-Site-Faculdade-de-Direito-2023_022023.pdf\">Fev\/2023<\/a><\/td>\n<td style=\"width: 7.8629%; text-align: center; height: 24px;\"><a href=\"https:\/\/www.direito.ufmg.br\/wp-content\/uploads\/2023\/04\/Planilha-de-Fornecedores-para-Site-Faculdade-de-Direito-032023.pdf\">Mar\/2023<\/a><\/td>\n<td style=\"width: 7.25806%; text-align: center; height: 24px;\"><a href=\"https:\/\/www.direito.ufmg.br\/wp-content\/uploads\/2023\/05\/Planilha-de-Fornecedores-para-Site-Faculdade-de-Direito-2023_04.pdf\">Abr\/2023<\/a><\/td>\n<td style=\"width: 7.25806%; text-align: center; height: 24px;\"><a href=\"https:\/\/www.direito.ufmg.br\/wp-content\/uploads\/2023\/07\/Planilha-de-Fornecedores-para-Site-Faculdade-de-Direito-0520231.pdf\">Mai\/2023<\/a><\/td>\n<td style=\"width: 7.25806%; text-align: center; height: 24px;\"><a href=\"https:\/\/www.direito.ufmg.br\/wp-content\/uploads\/2023\/07\/Planilha-de-Fornecedores-para-Site-Faculdade-de-Direito_062023.pdf\">Jun\/2023<\/a><\/td>\n<td style=\"width: 6.25%; text-align: center; height: 24px;\"><a href=\"https:\/\/www.direito.ufmg.br\/wp-content\/uploads\/2023\/08\/Planilha-de-Fornecedores-para-Site-Faculdade-de-Direito_072023.pdf\">Jul\/2023<\/a><\/td>\n<td style=\"width: 7.25806%; text-align: center; height: 24px;\"><a href=\"https:\/\/www.direito.ufmg.br\/wp-content\/uploads\/2023\/09\/Planilha-Fornecedor_082023.pdf\">Ago\/2023<\/a><\/td>\n<td style=\"width: 6.25%; text-align: center; height: 24px;\"><a href=\"https:\/\/www.direito.ufmg.br\/wp-content\/uploads\/2023\/10\/Planilha-de-Fornecedores-para-Site-Faculdade-de-Direito_092023.pdf\">Set\/2023<\/a><\/td>\n<td style=\"width: 7.05645%; text-align: center; height: 24px;\"><a href=\"https:\/\/www.direito.ufmg.br\/wp-content\/uploads\/2023\/11\/Planilha-de-Fornecedores-para-Site-Faculdade-de-Direito_102023.pdf\">Out\/2023<\/a><\/td>\n<td style=\"width: 7.66129%; text-align: center; height: 24px;\"><a href=\"https:\/\/www.direito.ufmg.br\/wp-content\/uploads\/2023\/12\/Planilha-de-Fornecedores-para-Site-Faculdade-de-Direito_112023.pdf\">Nov\/2023<\/a><\/td>\n<td style=\"width: 20.1945%; text-align: center; height: 24px;\"><a href=\"https:\/\/www.direito.ufmg.br\/wp-content\/uploads\/2024\/01\/Planilha-de-Fornecedores-para-Site-Faculdade-de-Direito_122023.pdf\">Dez\/2023<\/a><\/td>\n<\/tr>\n<tr style=\"height: 24px;\">\n<td style=\"width: 26.0648%; height: 24px;\"><strong>2022<\/strong><\/td>\n<td style=\"width: 1.95313%; text-align: center; height: 24px;\"><a href=\".\/wp-content\/uploads\/2022\/02\/planilha-fornecedores-para-site-faculdade-de-direito_012022.pdf\">Jan\/2022<\/a><\/td>\n<td style=\"width: 6.85484%; text-align: center; height: 24px;\"><a href=\".\/wp-content\/uploads\/2022\/03\/Planilha-de-Fornecedores-para-Site-Faculdade-de-Direito-2022-marco.pdf\">Fev\/2022<\/a><\/td>\n<td style=\"width: 7.8629%; text-align: center; height: 24px;\"><a href=\".\/wp-content\/uploads\/2022\/04\/Planilha-de-Fornecedores-para-Site-Faculdade-de-Direito-2022.pdf\">Mar\/2022<\/a><\/td>\n<td style=\"width: 7.25806%; text-align: center; height: 24px;\"><a href=\".\/wp-content\/uploads\/2022\/05\/Planilha-de-Fornecedores-para-Site-Faculdade-de-Direito-042022.pdf\">Abr\/2021<\/a><\/td>\n<td style=\"width: 7.25806%; text-align: center; height: 24px;\"><a href=\".\/wp-content\/uploads\/2022\/06\/Planilha-de-Fornecedores-para-Site-Faculdade-de-Direito-2022_051.pdf\">Mai\/2022<\/a><\/td>\n<td style=\"width: 7.25806%; text-align: center; height: 24px;\"><a href=\".\/wp-content\/uploads\/2022\/07\/Planilha-de-Fornecedores-para-Site-Faculdade-de-Direito-2022_06.pdf\">Jun\/2022<\/a><\/td>\n<td style=\"width: 6.25%; text-align: center; height: 24px;\"><a href=\".\/wp-content\/uploads\/2022\/08\/Planilha-de-Fornecedores-para-Site-Faculdade-de-Direito-2022_07.pdf\">Jul\/2022<\/a><\/td>\n<td style=\"width: 7.25806%; text-align: center; height: 24px;\"><a href=\".\/wp-content\/uploads\/2022\/09\/Planilha-de-Fornecedores-para-Site-Faculdade-de-Direito-2022_08.pdf\">Ago\/2022<\/a><\/td>\n<td style=\"width: 6.25%; text-align: center; height: 24px;\"><a href=\".\/wp-content\/uploads\/2022\/10\/Planilha-de-Fornecedores-para-Site-Faculdade-de-Direito-2022_09.pdf\">Set\/2022<\/a><\/td>\n<td style=\"width: 7.05645%; text-align: center; height: 24px;\"><a href=\".\/wp-content\/uploads\/2022\/12\/Planilha-de-Fornecedores-para-Site-Faculdade-de-Direito-2022_102.pdf\">Out\/2022<\/a><\/td>\n<td style=\"width: 7.66129%; text-align: center; height: 24px;\"><a href=\".\/wp-content\/uploads\/2022\/12\/Planilha-de-Fornecedores-para-Site-Faculdade-de-Direito-2022_11.pdf\">Nov\/2022<\/a><\/td>\n<td style=\"width: 20.1945%; text-align: center; height: 24px;\"><a href=\".\/wp-content\/uploads\/2023\/01\/Planilha-de-Fornecedores-para-Site-Faculdade-de-Direito-2022_12.pdf\">Dez\/2022<\/a><\/td>\n<\/tr>\n<tr style=\"height: 24px;\">\n<td style=\"width: 26.0648%; height: 24px;\"><strong>2021<\/strong><\/td>\n<td style=\"width: 1.95313%; text-align: center; height: 24px;\"><a href=\"https:\/\/www.direito.ufmg.br\/wp-content\/uploads\/2021\/02\/PLANILHA-FORNECEDORES-PARA-SITE-FACULDADE-DE-DIREITO-0121-1.pdf\">Jan\/2021<\/a><\/td>\n<td style=\"width: 6.85484%; text-align: center; height: 24px;\"><a href=\"https:\/\/www.direito.ufmg.br\/wp-content\/uploads\/2021\/03\/planilha-fornecedores-para-site-faculdade-de-direito_Fev_21.pdf\">Fev\/2021<\/a><\/td>\n<td style=\"width: 7.8629%; text-align: center; height: 24px;\"><a href=\".\/wp-content\/uploads\/transparencia\/pagtos\/2021\/pagamentos032021.pdf\">Mar\/2021<\/a><\/td>\n<td style=\"width: 7.25806%; text-align: center; height: 24px;\"><a href=\".\/wp-content\/uploads\/2022\/02\/PLANILHA-FORNECEDORES-PARA-SITE-FACULDADE-DE-DIREITO_042021-1.pdf\">Abr\/2021<\/a><\/td>\n<td style=\"width: 7.25806%; text-align: center; height: 24px;\"><a href=\".\/wp-content\/uploads\/transparencia\/pagtos\/2021\/pagamentos052021.pdf\">Mai\/2021<\/a><\/td>\n<td style=\"width: 7.25806%; text-align: center; height: 24px;\"><a href=\".\/wp-content\/uploads\/transparencia\/pagtos\/2021\/pagamentos062021.pdf\">Jun\/2021<\/a><\/td>\n<td style=\"width: 6.25%; text-align: center; height: 24px;\"><a href=\".\/wp-content\/uploads\/transparencia\/pagtos\/2021\/pagamentos072021.pdf\">Jul\/2021<\/a><\/td>\n<td style=\"width: 7.25806%; text-align: center; height: 24px;\"><a href=\"..\/wp-content\/uploads\/transparencia\/pagtos\/2021\/pagamentos082021.pdf\">Ago\/2021<\/a><\/td>\n<td style=\"width: 6.25%; text-align: center; height: 24px;\"><a href=\"..\/wp-content\/uploads\/transparencia\/pagtos\/2021\/pagamentos092021.pdf\">Set\/2021<\/a><\/td>\n<td style=\"width: 7.05645%; text-align: center; height: 24px;\"><a href=\"..\/wp-content\/uploads\/transparencia\/pagtos\/2021\/pagamentos102021.pdf\">Out\/2021<\/a><\/td>\n<td style=\"width: 7.66129%; text-align: center; height: 24px;\"><a href=\"..\/wp-content\/uploads\/transparencia\/pagtos\/2021\/pagamentos112021.pdf\">Nov\/2021<\/a><\/td>\n<td style=\"width: 20.1945%; text-align: center; height: 24px;\"><a href=\".\/wp-content\/uploads\/2022\/02\/planilha-fornecedores-para-site-faculdade-de-direito_dez21.pdf\">Dez\/2021<\/a><\/td>\n<\/tr>\n<tr style=\"height: 24px;\">\n<td style=\"width: 26.0648%; height: 24px;\"><strong>2020<br \/>\n<\/strong><\/td>\n<td style=\"width: 1.95313%; text-align: center; height: 24px;\"><a href=\"https:\/\/www.direito.ufmg.br\/wp-content\/uploads\/2020\/02\/Planilha-Pagamento-Fornecedores-para-Site-da-FD-Janeiro-20.pdf\">Jan\/2020<\/a><\/td>\n<td style=\"width: 6.85484%; text-align: center; height: 24px;\"><a href=\"https:\/\/www.direito.ufmg.br\/wp-content\/uploads\/2020\/04\/pagamentos2020-02.pdf\">Fev\/2020<\/a><\/td>\n<td style=\"width: 7.8629%; text-align: center; height: 24px;\"><a href=\"https:\/\/www.direito.ufmg.br\/wp-content\/uploads\/2020\/04\/pagamentos2020-03.pdf\">Mar\/2020<\/a><\/td>\n<td style=\"width: 7.25806%; text-align: center; height: 24px;\"><a href=\"https:\/\/www.direito.ufmg.br\/wp-content\/uploads\/2020\/05\/pagamentos2020-04.pdf\">Abr\/2020<\/a><\/td>\n<td style=\"width: 7.25806%; text-align: center; height: 24px;\"><a href=\"https:\/\/www.direito.ufmg.br\/wp-content\/uploads\/2020\/06\/PLANILHA-FORNECEDORES-PARA-SITE-FACULDADE-DE-DIREITO-REF-052020.pdf\">Mai\/2020<\/a><\/td>\n<td style=\"width: 7.25806%; text-align: center; height: 24px;\"><a href=\"https:\/\/www.direito.ufmg.br\/wp-content\/uploads\/2020\/07\/PLANILHA-FORNECEDORES-PARA-SITE-FACULDADE-DE-DIREITO-REF_062020-1.pdf\">Jun\/2020<\/a><\/td>\n<td style=\"width: 6.25%; text-align: center; height: 24px;\"><a href=\"https:\/\/www.direito.ufmg.br\/wp-content\/uploads\/2020\/09\/PLANILHA-FORNECEDORES-PARA-SITE-FACULDADE-DE-DIREITO-05-08-2020.pdf\">Jul\/2020<\/a><\/td>\n<td style=\"width: 7.25806%; text-align: center; height: 24px;\"><a href=\"https:\/\/www.direito.ufmg.br\/wp-content\/uploads\/2020\/09\/planilha-fornecedores-para-site-faculdade-de-direito_082020.pdf\">Ago\/2020<\/a><\/td>\n<td style=\"width: 6.25%; text-align: center; height: 24px;\"><a href=\"https:\/\/www.direito.ufmg.br\/wp-content\/uploads\/2020\/10\/PLANILHA-FORNECEDORES-PARA-SITE-FACULDADE-DE-DIREITO_092020.pdf\">Set\/2020<\/a><\/td>\n<td style=\"width: 7.05645%; text-align: center; height: 24px;\"><a href=\"https:\/\/www.direito.ufmg.br\/wp-content\/uploads\/2020\/11\/planilha-fornecedores-para-site-faculdade-de-direito_102020-1.pdf\">Out\/2020<\/a><\/td>\n<td style=\"width: 7.66129%; text-align: center; height: 24px;\"><a href=\".\/wp-content\/uploads\/2020\/12\/PLANILHA-FORNECEDORES-PARA-SITE-FACULDADE-DE-DIREITO-4.pdf\">Nov\/2020<\/a><\/td>\n<td style=\"width: 20.1945%; text-align: center; height: 24px;\"><a href=\"https:\/\/www.direito.ufmg.br\/wp-content\/uploads\/2021\/01\/pagtos122020.pdf\">Dez\/2020<\/a><\/td>\n<\/tr>\n<tr style=\"height: 24px;\">\n<td style=\"width: 26.0648%; height: 24px;\"><strong>2019<\/strong><\/td>\n<td style=\"width: 1.95313%; text-align: center; height: 24px;\"><a href=\".\/wp-content\/uploads\/2019\/06\/pagamentos2019-01.pdf\" target=\"_blank\" rel=\"noopener noreferrer\">Jan\/2019<\/a><\/td>\n<td style=\"width: 6.85484%; text-align: center; height: 24px;\"><a href=\".\/wp-content\/uploads\/2019\/06\/pagamentos2019-02.pdf\" target=\"_blank\" rel=\"noopener noreferrer\">Fev\/2019<\/a><\/td>\n<td style=\"width: 7.8629%; text-align: center; height: 24px;\"><a href=\".\/wp-content\/uploads\/2019\/06\/pagamentos2019-03.pdf\" target=\"_blank\" rel=\"noopener noreferrer\">Mar\/2019<\/a><\/td>\n<td style=\"width: 7.25806%; text-align: center; height: 24px;\"><a href=\".\/wp-content\/uploads\/2019\/06\/pagamentos2019-04.pdf\" target=\"_blank\" rel=\"noopener noreferrer\">Abr\/2019<\/a><\/td>\n<td style=\"width: 7.25806%; text-align: center; height: 24px;\"><a href=\".\/wp-content\/uploads\/2019\/06\/pagamentos2019-05.pdf\" target=\"_blank\" rel=\"noopener noreferrer\">Mai\/2019<\/a><\/td>\n<td style=\"width: 7.25806%; text-align: center; height: 24px;\"><a href=\"..\/wp-content\/uploads\/transparencia\/pagtos\/2019\/pagamentos062019.pdf\">Jun\/2019<\/a><\/td>\n<td style=\"width: 6.25%; text-align: center; height: 24px;\"><a href=\"..\/wp-content\/uploads\/2019\/08\/pagamentos072019.pdf\">Jul\/2019<\/a><\/td>\n<td style=\"width: 7.25806%; text-align: center; height: 24px;\"><a href=\"https:\/\/www.direito.ufmg.br\/wp-content\/uploads\/2019\/09\/Planilha-Rela\u00e7\u00e3o-de-Pagamentos-Faculdade-de-Direito-ref-ago.pdf\">Ago\/2019<\/a><\/td>\n<td style=\"width: 6.25%; text-align: center; height: 24px;\"><a href=\"https:\/\/www.direito.ufmg.br\/wp-content\/uploads\/2019\/10\/pagamentos092019.pdf\">Set\/2019<\/a><\/td>\n<td style=\"width: 7.05645%; text-align: center; height: 24px;\"><a href=\"https:\/\/www.direito.ufmg.br\/wp-content\/uploads\/2019\/11\/Planilha-Rela\u00e7\u00e3o-de-Pagamentos-Faculdade-de-Direito-ref-out.pdf\">Out\/2019<\/a><\/td>\n<td style=\"width: 7.66129%; text-align: center; height: 24px;\"><a href=\".\/wp-content\/uploads\/2019\/12\/Planilha-Rela\u00e7\u00e3o-de-Pagamentos-Faculdade-de-Direito-ref-nov.pdf\">Nov\/2019<\/a><\/td>\n<td style=\"width: 20.1945%; text-align: center; height: 24px;\"><a href=\"https:\/\/www.direito.ufmg.br\/wp-content\/uploads\/2020\/01\/Planilha-Rela\u00e7\u00e3o-de-Pagamentos-Faculdade-de-Direito-ref-dez.pdf\">Dez\/2019<\/a><\/td>\n<\/tr>\n<tr style=\"height: 24px;\">\n<td style=\"width: 26.0648%; height: 24px;\"><strong>2018<\/strong><\/td>\n<td style=\"width: 1.95313%; text-align: center; height: 24px;\">&#8211;<\/td>\n<td style=\"width: 6.85484%; text-align: center; height: 24px;\">&#8211;<\/td>\n<td style=\"width: 7.8629%; text-align: center; height: 24px;\">&#8211;<\/td>\n<td style=\"width: 7.25806%; text-align: center; height: 24px;\"><a href=\".\/wp-content\/uploads\/2019\/06\/pagamentos2018-04.pdf\" target=\"_blank\" rel=\"noopener noreferrer\">Abr\/2018<\/a><\/td>\n<td style=\"width: 7.25806%; text-align: center; height: 24px;\"><a href=\".\/wp-content\/uploads\/2019\/06\/pagamentos2018-05.pdf\" target=\"_blank\" rel=\"noopener noreferrer\">Mai\/2018<\/a><\/td>\n<td style=\"width: 7.25806%; text-align: center; height: 24px;\"><a href=\".\/wp-content\/uploads\/2019\/06\/pagamentos2018-06.pdf\" target=\"_blank\" rel=\"noopener noreferrer\">Jun\/2018<\/a><\/td>\n<td style=\"width: 6.25%; text-align: center; height: 24px;\"><a href=\".\/wp-content\/uploads\/2019\/06\/pagamentos2018-07.pdf\" target=\"_blank\" rel=\"noopener noreferrer\">Jul\/2018<\/a><\/td>\n<td style=\"width: 7.25806%; text-align: center; height: 24px;\"><a href=\".\/wp-content\/uploads\/2019\/06\/pagamentos2018-08.pdf\" target=\"_blank\" rel=\"noopener noreferrer\">Ago\/2018<\/a><\/td>\n<td style=\"width: 6.25%; text-align: center; height: 24px;\"><a href=\".\/wp-content\/uploads\/2019\/06\/pagamentos2018-09.pdf\" target=\"_blank\" rel=\"noopener noreferrer\">Set\/2018<\/a><\/td>\n<td style=\"width: 7.05645%; text-align: center; height: 24px;\"><a href=\".\/wp-content\/uploads\/2019\/06\/pagamentos2018-10.pdf\" target=\"_blank\" rel=\"noopener noreferrer\">Out\/2018<\/a><\/td>\n<td style=\"width: 7.66129%; text-align: center; height: 24px;\"><a href=\".\/wp-content\/uploads\/2019\/06\/pagamentos2018-11.pdf\" target=\"_blank\" rel=\"noopener noreferrer\">Nov\/2018<\/a><\/td>\n<td style=\"width: 20.1945%; text-align: center; height: 24px;\"><a href=\".\/wp-content\/uploads\/2019\/06\/pagamentos2018-12.pdf\" target=\"_blank\" rel=\"noopener noreferrer\">Dez\/2018<\/a><\/td>\n<\/tr>\n<tr style=\"background-color: #ffe7dc;\">\n<td style=\"width: 91.3244%; height: 34px;\" colspan=\"11\">Clique nos meses para visualizar os pagamentos, utilizando um leitor de PDF<\/td>\n<td style=\"width: 27.8558%; height: 34px;\" colspan=\"2\"><img loading=\"lazy\" decoding=\"async\" class=\"aligncenter wp-image-8570 size-full\" src=\"https:\/\/www.direito.ufmg.br\/wp-content\/uploads\/2019\/06\/icone-pdficon.gif\" alt=\"\" width=\"34\" height=\"34\" \/><\/td>\n<\/tr>\n<\/tbody>\n<\/table>\n<p>&nbsp;<\/p>\n<table style=\"height: 63px; width: 71.9187%; border-style: outset;\">\n<tbody>\n<tr style=\"height: 24px;\">\n<td style=\"width: 100%; height: 24px; text-align: center;\" colspan=\"2\"><strong><span style=\"font-size: 14pt;\">Relat\u00f3rio de itens do Plano Anual de Gerenciamento e Contrata\u00e7\u00f5es &#8211; PGC<\/span><\/strong><\/td>\n<\/tr>\n<tr style=\"height: 10px;\">\n<td style=\"width: 50%; height: 10px; text-align: center;\" colspan=\"2\"><a href=\"..\/wp-content\/uploads\/2020\/03\/PGC-2020-Faculdade-de-Direito.pdf\">Relat\u00f3rio 2020<\/a> &#8211; <a href=\"https:\/\/www.direito.ufmg.br\/wp-content\/uploads\/2021\/05\/Relatorio-PGC-2021-atualizado.pdf\">Relatorio 2021<\/a> &#8211; <a href=\"https:\/\/www.direito.ufmg.br\/wp-content\/uploads\/2021\/05\/PAC-2022.pdf\">Relat\u00f3rio 2022<\/a> &#8211; <a href=\".\/wp-content\/uploads\/2022\/11\/pca_2023-2.pdf\">Relat\u00f3rio 2023<\/a> &#8211; <a href=\"https:\/\/www.direito.ufmg.br\/wp-content\/uploads\/2023\/05\/pca_2024.pdf\">Relat\u00f3rio 2024<\/a> &#8211; <a href=\"https:\/\/www.direito.ufmg.br\/wp-content\/uploads\/2025\/05\/pca_2025.csv\">Relat\u00f3rio 2025<\/a> &#8211; <a href=\"https:\/\/www.direito.ufmg.br\/wp-content\/uploads\/2026\/03\/pca_2026.csv\">Relat\u00f3rio 2026<\/a><\/td>\n<\/tr>\n<tr style=\"height: 29px;\">\n<td style=\"width: 50%; text-align: right; height: 29px;\" colspan=\"2\"><em><span style=\"font-size: 10pt;\">** Atualizado em 18\/05\/2023<\/span><\/em><\/td>\n<\/tr>\n<\/tbody>\n<\/table>\n","protected":false},"excerpt":{"rendered":"<p>&#8220;Com o fim de salvaguardar a transpar\u00eancia administrativa, nos termos da Lei n\u00ba12.527, de 18 de novembro de 2011, o \u00f3rg\u00e3o ou entidade dever\u00e1 disponibilizar, mensalmente, na se\u00e7\u00e3o espec\u00edfica de acesso \u00e0 informa\u00e7\u00e3o de seu [&hellip;]<\/p>\n","protected":false},"author":1,"featured_media":0,"parent":0,"menu_order":0,"comment_status":"closed","ping_status":"closed","template":"","meta":{"footnotes":""},"class_list":["post-8580","page","type-page","status-publish","hentry"],"publishpress_future_action":{"enabled":false,"date":"2026-04-26 09:32:09","action":"change-status","newStatus":"draft","terms":[],"taxonomy":"","extraData":[]},"publishpress_future_workflow_manual_trigger":{"enabledWorkflows":[]},"_links":{"self":[{"href":"https:\/\/www.direito.ufmg.br\/index.php?rest_route=\/wp\/v2\/pages\/8580","targetHints":{"allow":["GET"]}}],"collection":[{"href":"https:\/\/www.direito.ufmg.br\/index.php?rest_route=\/wp\/v2\/pages"}],"about":[{"href":"https:\/\/www.direito.ufmg.br\/index.php?rest_route=\/wp\/v2\/types\/page"}],"author":[{"embeddable":true,"href":"https:\/\/www.direito.ufmg.br\/index.php?rest_route=\/wp\/v2\/users\/1"}],"replies":[{"embeddable":true,"href":"https:\/\/www.direito.ufmg.br\/index.php?rest_route=%2Fwp%2Fv2%2Fcomments&post=8580"}],"version-history":[{"count":7,"href":"https:\/\/www.direito.ufmg.br\/index.php?rest_route=\/wp\/v2\/pages\/8580\/revisions"}],"predecessor-version":[{"id":19147,"href":"https:\/\/www.direito.ufmg.br\/index.php?rest_route=\/wp\/v2\/pages\/8580\/revisions\/19147"}],"wp:attachment":[{"href":"https:\/\/www.direito.ufmg.br\/index.php?rest_route=%2Fwp%2Fv2%2Fmedia&parent=8580"}],"curies":[{"name":"wp","href":"https:\/\/api.w.org\/{rel}","templated":true}]}}