{"id":9015,"date":"2019-06-28T14:21:23","date_gmt":"2019-06-28T17:21:23","guid":{"rendered":"https:\/\/www.direito.ufmg.br\/?page_id=9015"},"modified":"2025-02-07T10:54:02","modified_gmt":"2025-02-07T13:54:02","slug":"dit-formularios-e-procedimentos","status":"publish","type":"page","link":"https:\/\/www.direito.ufmg.br\/?page_id=9015","title":{"rendered":"DIT &#8211; Formul\u00e1rios e Procedimentos"},"content":{"rendered":"<p><a href=\".\/images\/stories\/deptos\/dit\/formularios\/Formulario_Afastamento_Docente.docx\" target=\"_blank\" rel=\"noopener noreferrer\">Formul\u00e1rio de Pedido de Afastamento de Docente para a C\u00e2mara Departamental<\/a><a target=\"_blank\" rel=\"noopener noreferrer\"><img loading=\"lazy\" decoding=\"async\" src=\".\/images\/stories\/docicon.gif\" alt=\"docicon\" width=\"16\" height=\"16\" \/><\/a><\/p>\n<p><a href=\".\/images\/stories\/deptos\/dit\/formularios\/Formulario_Requerimento.pdf\" target=\"_blank\" rel=\"noopener noreferrer\">Formul\u00e1rio Padr\u00e3o de Requerimento para Alunos<\/a><a target=\"_blank\" rel=\"noopener noreferrer\"><img loading=\"lazy\" decoding=\"async\" src=\".\/images\/stories\/pdficon.gif\" alt=\"pdficon\" width=\"16\" height=\"16\" \/><\/a><\/p>\n<p><a href=\"https:\/\/www.direito.ufmg.br\/wp-content\/uploads\/2025\/02\/01-Formulario-de-solicitacao-de-revisao-de-notas.docx\">Formul\u00e1rio de requerimento de revis\u00e3o de nota em atividade avaliativa<img loading=\"lazy\" decoding=\"async\" src=\".\/images\/stories\/docicon.gif\" alt=\"docicon\" width=\"16\" height=\"16\" \/><\/a><\/p>\n","protected":false},"excerpt":{"rendered":"<p>Formul\u00e1rio de Pedido de Afastamento de Docente para a C\u00e2mara Departamental Formul\u00e1rio Padr\u00e3o de Requerimento para Alunos Formul\u00e1rio de requerimento de revis\u00e3o de nota em atividade avaliativa<\/p>\n","protected":false},"author":1,"featured_media":0,"parent":0,"menu_order":0,"comment_status":"closed","ping_status":"closed","template":"","meta":{"footnotes":""},"class_list":["post-9015","page","type-page","status-publish","hentry"],"publishpress_future_action":{"enabled":false,"date":"2026-04-27 11:11:37","action":"change-status","newStatus":"draft","terms":[],"taxonomy":"","extraData":[]},"publishpress_future_workflow_manual_trigger":{"enabledWorkflows":[]},"_links":{"self":[{"href":"https:\/\/www.direito.ufmg.br\/index.php?rest_route=\/wp\/v2\/pages\/9015","targetHints":{"allow":["GET"]}}],"collection":[{"href":"https:\/\/www.direito.ufmg.br\/index.php?rest_route=\/wp\/v2\/pages"}],"about":[{"href":"https:\/\/www.direito.ufmg.br\/index.php?rest_route=\/wp\/v2\/types\/page"}],"author":[{"embeddable":true,"href":"https:\/\/www.direito.ufmg.br\/index.php?rest_route=\/wp\/v2\/users\/1"}],"replies":[{"embeddable":true,"href":"https:\/\/www.direito.ufmg.br\/index.php?rest_route=%2Fwp%2Fv2%2Fcomments&post=9015"}],"version-history":[{"count":0,"href":"https:\/\/www.direito.ufmg.br\/index.php?rest_route=\/wp\/v2\/pages\/9015\/revisions"}],"wp:attachment":[{"href":"https:\/\/www.direito.ufmg.br\/index.php?rest_route=%2Fwp%2Fv2%2Fmedia&parent=9015"}],"curies":[{"name":"wp","href":"https:\/\/api.w.org\/{rel}","templated":true}]}}