{"id":9017,"date":"2019-06-28T14:23:25","date_gmt":"2019-06-28T17:23:25","guid":{"rendered":"https:\/\/www.direito.ufmg.br\/?page_id=9017"},"modified":"2019-07-10T12:22:03","modified_gmt":"2019-07-10T15:22:03","slug":"dit-camara-departamental","status":"publish","type":"page","link":"https:\/\/www.direito.ufmg.br\/?page_id=9017","title":{"rendered":"DIT &#8211; C\u00e2mara Departamental"},"content":{"rendered":"<p><a href=\"..\/?page_id=9084\"><strong>Sobre a C\u00e2mara Departamental<\/strong><\/a><\/p>\n<p><a href=\"..\/?page_id=9086\"><strong>Composi\u00e7\u00e3o<\/strong><\/a><\/p>\n<p><a href=\"..\/?page_id=9088\"><strong>Calend\u00e1rio de reuni\u00f5es<\/strong><\/a><\/p>\n<p><strong><a href=\"..\/?page_id=9089\">Atas aprovadas<\/a><br \/>\n<\/strong><\/p>\n<p>&nbsp;<\/p>\n","protected":false},"excerpt":{"rendered":"<p>Sobre a C\u00e2mara Departamental Composi\u00e7\u00e3o Calend\u00e1rio de reuni\u00f5es Atas aprovadas &nbsp;<\/p>\n","protected":false},"author":1,"featured_media":0,"parent":0,"menu_order":0,"comment_status":"closed","ping_status":"closed","template":"","meta":{"footnotes":""},"class_list":["post-9017","page","type-page","status-publish","hentry"],"publishpress_future_action":{"enabled":false,"date":"2026-04-23 19:13:11","action":"change-status","newStatus":"draft","terms":[],"taxonomy":"","extraData":[]},"publishpress_future_workflow_manual_trigger":{"enabledWorkflows":[]},"_links":{"self":[{"href":"https:\/\/www.direito.ufmg.br\/index.php?rest_route=\/wp\/v2\/pages\/9017","targetHints":{"allow":["GET"]}}],"collection":[{"href":"https:\/\/www.direito.ufmg.br\/index.php?rest_route=\/wp\/v2\/pages"}],"about":[{"href":"https:\/\/www.direito.ufmg.br\/index.php?rest_route=\/wp\/v2\/types\/page"}],"author":[{"embeddable":true,"href":"https:\/\/www.direito.ufmg.br\/index.php?rest_route=\/wp\/v2\/users\/1"}],"replies":[{"embeddable":true,"href":"https:\/\/www.direito.ufmg.br\/index.php?rest_route=%2Fwp%2Fv2%2Fcomments&post=9017"}],"version-history":[{"count":0,"href":"https:\/\/www.direito.ufmg.br\/index.php?rest_route=\/wp\/v2\/pages\/9017\/revisions"}],"wp:attachment":[{"href":"https:\/\/www.direito.ufmg.br\/index.php?rest_route=%2Fwp%2Fv2%2Fmedia&parent=9017"}],"curies":[{"name":"wp","href":"https:\/\/api.w.org\/{rel}","templated":true}]}}