{"id":9021,"date":"2019-06-28T14:25:23","date_gmt":"2019-06-28T17:25:23","guid":{"rendered":"https:\/\/www.direito.ufmg.br\/?page_id=9021"},"modified":"2021-12-13T12:11:36","modified_gmt":"2021-12-13T15:11:36","slug":"dit-eleicao","status":"publish","type":"page","link":"https:\/\/www.direito.ufmg.br\/?page_id=9021","title":{"rendered":"DIT- Elei\u00e7\u00e3o"},"content":{"rendered":"<p><a href=\"https:\/\/www.direito.ufmg.br\/wp-content\/uploads\/2021\/12\/Edital-no-1542-2021-Direito-SGE.pdf\">Edital n\u00ba 1542-2021-Direito-SGE<\/a><img loading=\"lazy\" decoding=\"async\" src=\".\/images\/stories\/pdficon.gif\" alt=\"pdficon\" width=\"20\" height=\"20\" \/><\/p>\n<p><a href=\"https:\/\/www.direito.ufmg.br\/wp-content\/uploads\/2021\/12\/02.-Edital-945-2021.-Eleicao.-DIT.-Camara.-Edital-de-Retificacao-1.072-2021.pdf\">02. Edital 945-2021. Elei\u00e7\u00e3o. DIT. C\u00e2mara. Edital de Retifica\u00e7\u00e3o 1.072-2021<\/a><img loading=\"lazy\" decoding=\"async\" src=\".\/images\/stories\/pdficon.gif\" alt=\"pdficon\" width=\"20\" height=\"20\" \/><\/p>\n<p><a href=\"https:\/\/www.direito.ufmg.br\/wp-content\/uploads\/2021\/12\/01.-Edital-de-Eleicao-DIT-no-945-2021-Direito-SGE-UFMG.pdf\">01. Edital de Elei\u00e7\u00e3o DIT no 945-2021-Direito-SGE-UFMG<\/a><img loading=\"lazy\" decoding=\"async\" src=\".\/images\/stories\/pdficon.gif\" alt=\"pdficon\" width=\"20\" height=\"20\" \/><\/p>\n<p><a href=\".\/wp-content\/uploads\/dit\/eleicao\/edital_051_2019.pdf\">Edital 051 de 11 de novembro de 2019 \u2013 Elei\u00e7\u00e3o para a vaga de Chefe de Departamento e uma vaga de titular e suplente na classe de Professor Adjunto<\/a><a href=\".\/wp-content\/uploads\/dit\/eleicao\/edital_040_2019.pdf\"><img loading=\"lazy\" decoding=\"async\" src=\".\/images\/stories\/pdficon.gif\" alt=\"pdficon\" width=\"20\" height=\"20\" \/><\/a><\/p>\n<p><a href=\".\/wp-content\/uploads\/dit\/eleicao\/edital_040_2019.pdf\">Edital 040 de 16 de setembro de 2019 &#8211; Elei\u00e7\u00e3o para uma vaga de titular e suplente na classe de Professor Associado e uma vaga de titular e suplente na classe de Professor Adjunto<img loading=\"lazy\" decoding=\"async\" src=\".\/images\/stories\/pdficon.gif\" alt=\"pdficon\" width=\"20\" height=\"20\" \/><\/a><\/p>\n<p><a href=\".\/images\/stories\/deptos\/dit\/eleicao\/edital0092014eleicaosubchefe.pdf\" target=\"_blank\" rel=\"noopener noreferrer\">Edital 009 de 29 de abril de 2014 &#8211; Elei\u00e7\u00e3o para Sub-Chefe do Departamento de Direito do Tabalho e Introdu\u00e7\u00e3o ao Estudo do Direito <img loading=\"lazy\" decoding=\"async\" src=\".\/images\/stories\/pdficon.gif\" alt=\"pdficon\" width=\"20\" height=\"20\" \/><\/a><\/p>\n<p><a href=\".\/images\/stories\/deptos\/dit\/eleicao\/ed0042013eleicaosubchefe.jpg\" target=\"_blank\" rel=\"noopener noreferrer\">Edital 004 de 05 de fevereiro de 2013 &#8211; Elei\u00e7\u00e3o para Sub-Chefe do Departamento de Direito do Tabalho e Introdu\u00e7\u00e3o ao Estudo do Direito <img loading=\"lazy\" decoding=\"async\" src=\".\/images\/stories\/pdficon.gif\" alt=\"pdficon\" width=\"20\" height=\"20\" \/><\/a><\/p>\n<p><a href=\".\/images\/stories\/deptos\/dit\/eleicao\/ed0032013eleicaochefe.jpg\" target=\"_blank\" rel=\"noopener noreferrer\">Edital 003 de 05 de fevereiro de 2013 &#8211; Elei\u00e7\u00e3o para Chefe do Departamento de Direito do Tabalho e Introdu\u00e7\u00e3o ao Estudo do Direito<img loading=\"lazy\" decoding=\"async\" src=\".\/images\/stories\/pdficon.gif\" alt=\"pdficon\" width=\"20\" height=\"20\" \/><\/a><\/p>\n<p><a href=\".\/images\/stories\/deptos\/dit\/eleicao\/edital0202011eleicaorep.jpg\" target=\"_blank\" rel=\"noopener noreferrer\">Edital 020 de 08 de julho de 2011 &#8211; Elei\u00e7\u00e3o para Representante do Departamento de Direito do Tabalho e Introdu\u00e7\u00e3o ao Estudo do Direito no Colegiado de P\u00f3s-Gradua\u00e7\u00e3o<img loading=\"lazy\" decoding=\"async\" src=\".\/images\/stories\/jpgicon.jpg\" alt=\"jpgicon\" width=\"16\" height=\"16\" \/><\/a><\/p>\n<p><a href=\".\/images\/stories\/deptos\/dit\/eleicao\/edital0222010eleicaochefe.pdf\" target=\"_blank\" rel=\"noopener noreferrer\">Edital 022 de 28 de dezembro de 2010 &#8211; Elei\u00e7\u00e3o para Chefe do Departamento de Direito do Tabalho e Introdu\u00e7\u00e3o ao Estudo do Direito <img loading=\"lazy\" decoding=\"async\" src=\".\/images\/stories\/pdficon.gif\" alt=\"pdficon\" width=\"20\" height=\"20\" \/><\/a><\/p>\n<p><a href=\".\/images\/stories\/deptos\/dit\/eleicao\/edital0212010eleicaosubchefe.pdf\" target=\"_blank\" rel=\"noopener noreferrer\">Edital 021 de 22 de dezembro de 2010 &#8211; Elei\u00e7\u00e3o para Sub-Chefe do Departamento de Direito do Tabalho e Introdu\u00e7\u00e3o ao Estudo do Direito <img loading=\"lazy\" decoding=\"async\" src=\".\/images\/stories\/pdficon.gif\" alt=\"pdficon\" width=\"20\" height=\"20\" \/><\/a><\/p>\n","protected":false},"excerpt":{"rendered":"<p>Edital n\u00ba 1542-2021-Direito-SGE 02. Edital 945-2021. Elei\u00e7\u00e3o. DIT. C\u00e2mara. Edital de Retifica\u00e7\u00e3o 1.072-2021 01. Edital de Elei\u00e7\u00e3o DIT no 945-2021-Direito-SGE-UFMG Edital 051 de 11 de novembro de 2019 \u2013 Elei\u00e7\u00e3o para a vaga de Chefe [&hellip;]<\/p>\n","protected":false},"author":1,"featured_media":0,"parent":0,"menu_order":0,"comment_status":"closed","ping_status":"closed","template":"","meta":{"footnotes":""},"class_list":["post-9021","page","type-page","status-publish","hentry"],"publishpress_future_action":{"enabled":false,"date":"2026-04-27 14:33:36","action":"change-status","newStatus":"draft","terms":[],"taxonomy":"","extraData":[]},"publishpress_future_workflow_manual_trigger":{"enabledWorkflows":[]},"_links":{"self":[{"href":"https:\/\/www.direito.ufmg.br\/index.php?rest_route=\/wp\/v2\/pages\/9021","targetHints":{"allow":["GET"]}}],"collection":[{"href":"https:\/\/www.direito.ufmg.br\/index.php?rest_route=\/wp\/v2\/pages"}],"about":[{"href":"https:\/\/www.direito.ufmg.br\/index.php?rest_route=\/wp\/v2\/types\/page"}],"author":[{"embeddable":true,"href":"https:\/\/www.direito.ufmg.br\/index.php?rest_route=\/wp\/v2\/users\/1"}],"replies":[{"embeddable":true,"href":"https:\/\/www.direito.ufmg.br\/index.php?rest_route=%2Fwp%2Fv2%2Fcomments&post=9021"}],"version-history":[{"count":0,"href":"https:\/\/www.direito.ufmg.br\/index.php?rest_route=\/wp\/v2\/pages\/9021\/revisions"}],"wp:attachment":[{"href":"https:\/\/www.direito.ufmg.br\/index.php?rest_route=%2Fwp%2Fv2%2Fmedia&parent=9021"}],"curies":[{"name":"wp","href":"https:\/\/api.w.org\/{rel}","templated":true}]}}