{"id":9088,"date":"2019-07-10T12:16:57","date_gmt":"2019-07-10T15:16:57","guid":{"rendered":"https:\/\/www.direito.ufmg.br\/?page_id=9088"},"modified":"2024-08-19T15:32:23","modified_gmt":"2024-08-19T18:32:23","slug":"calendario-de-reunioes","status":"publish","type":"page","link":"https:\/\/www.direito.ufmg.br\/?page_id=9088","title":{"rendered":"Calend\u00e1rio de Reuni\u00f5es"},"content":{"rendered":"<p><strong>Calend\u00e1rio de Reuni\u00f5es 2024<\/strong><\/p>\n<p>20 de agosto de 2024 (Ter\u00e7a-feira), 11 horas, na sala de reuni\u00f5es dos Departamentos.<\/p>\n<p>22 de julho de 2024 (Segunda-feira), 13 horas, na sala de reuni\u00f5es dos Departamentos. (n\u00e3o obteve qu\u00f3rum)<\/p>\n<p>26 de mar\u00e7o de 2024 (Ter\u00e7a-feira), 11 horas e 20 minutos, na sala de reuni\u00f5es dos Departamentos.<\/p>\n<p><a href=\"?page_id=15883\">Calend\u00e1rio de Reuni\u00f5es 2023<\/a><\/p>\n<p><a href=\"?page_id=14269\">Calend\u00e1rio de Reuni\u00f5es 2022<\/a><\/p>\n<p><a href=\"?page_id=11914\">Calend\u00e1rio de Reuni\u00f5es 2021<\/a><\/p>\n<p><a href=\"?page_id=10893\">Calend\u00e1rio de Reuni\u00f5es 2020<\/a><\/p>\n<p><a href=\"?page_id=9849\">Calend\u00e1rio de Reuni\u00f5es 2019<\/a><\/p>\n<p>&nbsp;<\/p>\n","protected":false},"excerpt":{"rendered":"<p>Calend\u00e1rio de Reuni\u00f5es 2024 20 de agosto de 2024 (Ter\u00e7a-feira), 11 horas, na sala de reuni\u00f5es dos Departamentos. 22 de julho de 2024 (Segunda-feira), 13 horas, na sala de reuni\u00f5es dos Departamentos. (n\u00e3o obteve qu\u00f3rum) [&hellip;]<\/p>\n","protected":false},"author":1,"featured_media":0,"parent":0,"menu_order":0,"comment_status":"closed","ping_status":"closed","template":"","meta":{"footnotes":""},"class_list":["post-9088","page","type-page","status-publish","hentry"],"publishpress_future_action":{"enabled":false,"date":"2026-04-24 20:27:07","action":"change-status","newStatus":"draft","terms":[],"taxonomy":"","extraData":[]},"publishpress_future_workflow_manual_trigger":{"enabledWorkflows":[]},"_links":{"self":[{"href":"https:\/\/www.direito.ufmg.br\/index.php?rest_route=\/wp\/v2\/pages\/9088","targetHints":{"allow":["GET"]}}],"collection":[{"href":"https:\/\/www.direito.ufmg.br\/index.php?rest_route=\/wp\/v2\/pages"}],"about":[{"href":"https:\/\/www.direito.ufmg.br\/index.php?rest_route=\/wp\/v2\/types\/page"}],"author":[{"embeddable":true,"href":"https:\/\/www.direito.ufmg.br\/index.php?rest_route=\/wp\/v2\/users\/1"}],"replies":[{"embeddable":true,"href":"https:\/\/www.direito.ufmg.br\/index.php?rest_route=%2Fwp%2Fv2%2Fcomments&post=9088"}],"version-history":[{"count":0,"href":"https:\/\/www.direito.ufmg.br\/index.php?rest_route=\/wp\/v2\/pages\/9088\/revisions"}],"wp:attachment":[{"href":"https:\/\/www.direito.ufmg.br\/index.php?rest_route=%2Fwp%2Fv2%2Fmedia&parent=9088"}],"curies":[{"name":"wp","href":"https:\/\/api.w.org\/{rel}","templated":true}]}}