{"id":9089,"date":"2019-07-10T12:16:31","date_gmt":"2019-07-10T15:16:31","guid":{"rendered":"https:\/\/www.direito.ufmg.br\/?page_id=9089"},"modified":"2026-03-17T12:57:26","modified_gmt":"2026-03-17T15:57:26","slug":"atas-aprovadas","status":"publish","type":"page","link":"https:\/\/www.direito.ufmg.br\/?page_id=9089","title":{"rendered":"Atas Aprovadas"},"content":{"rendered":"<p><a href=\"https:\/\/www.direito.ufmg.br\/wp-content\/uploads\/2026\/03\/06-Ata-da-Reuniao-de-15-12-2025-SEI_4830361_Ata.pdf\">Ata da reuni\u00e3o do dia 15 de dezembro de 2025, a ser referendada pela C\u00e2mara.<img loading=\"lazy\" decoding=\"async\" src=\"https:\/\/www.direito.ufmg.br\/images\/stories\/pdficon.gif\" alt=\"pdficon\" width=\"16\" height=\"16\" \/><\/a><\/p>\n<p><a href=\"https:\/\/www.direito.ufmg.br\/wp-content\/uploads\/2026\/03\/05-Ata-da-Reuniao-de-09-12-2025-aprovada-em-15-12-2025-SEI_4830346_Ata.pdf\">Ata da reuni\u00e3o do dia 09 de dezembro de 2025, aprovada pela C\u00e2mara em 15 de dezembro de 2025.<img loading=\"lazy\" decoding=\"async\" src=\"https:\/\/www.direito.ufmg.br\/images\/stories\/pdficon.gif\" alt=\"pdficon\" width=\"16\" height=\"16\" \/><\/a><\/p>\n<p><a href=\"https:\/\/www.direito.ufmg.br\/wp-content\/uploads\/2026\/03\/04-Ata-da-Reuniao-de-14-08-2025-aprovada-em-09-12-2025-SEI_4464833_Ata.pdf\">Ata da reuni\u00e3o do dia 14 de agosto de 2025, aprovada pela C\u00e2mara em 09 de dezembro de 2025.<img loading=\"lazy\" decoding=\"async\" src=\"https:\/\/www.direito.ufmg.br\/images\/stories\/pdficon.gif\" alt=\"pdficon\" width=\"16\" height=\"16\" \/><\/a><\/p>\n<p><a href=\"https:\/\/www.direito.ufmg.br\/wp-content\/uploads\/2026\/03\/03-Ata-da-Reuniao-de-10-06-2025-aprovada-em-14-08-2025-SEI_4464808_Ata.pdf\">Ata da reuni\u00e3o do dia 10 de junho de 2025, aprovada pela C\u00e2mara em 14 de agosto de 2025.<img loading=\"lazy\" decoding=\"async\" src=\"https:\/\/www.direito.ufmg.br\/images\/stories\/pdficon.gif\" alt=\"pdficon\" width=\"16\" height=\"16\" \/><\/a><\/p>\n<p><a href=\"https:\/\/www.direito.ufmg.br\/wp-content\/uploads\/2026\/03\/02-Ata-da-Reuniao-de-03-04-2025-aprovada-em-10-06-2025-SEI_4106092_Ata.pdf\">Ata da reuni\u00e3o do dia 03 de abril de 2025, aprovada pela C\u00e2mara em 10 de junho de 2025.<img loading=\"lazy\" decoding=\"async\" src=\"https:\/\/www.direito.ufmg.br\/images\/stories\/pdficon.gif\" alt=\"pdficon\" width=\"16\" height=\"16\" \/><\/a><\/p>\n<p><a href=\"https:\/\/www.direito.ufmg.br\/wp-content\/uploads\/2026\/03\/01-Ata-da-Reuniao-de-14-03-2025-aprovada-em-03-04-2025-SEI_3828460_Ata-Assinada.pdf\">Ata da reuni\u00e3o do dia 14 de mar\u00e7o de 2025, aprovada pela C\u00e2mara em 03 de abril de 2025.<img loading=\"lazy\" decoding=\"async\" src=\"https:\/\/www.direito.ufmg.br\/images\/stories\/pdficon.gif\" alt=\"pdficon\" width=\"16\" height=\"16\" \/><\/a><\/p>\n<p><a href=\"https:\/\/www.direito.ufmg.br\/wp-content\/uploads\/2026\/03\/04-Ata-da-Reuniao-de-16-12-2024-SEI_3828460_Ata-Assinada.pdf\">Ata da reuni\u00e3o do dia 16 de dezembro de 2024, aprovada pela C\u00e2mara em 14 de mar\u00e7o de 2025.<img loading=\"lazy\" decoding=\"async\" src=\"https:\/\/www.direito.ufmg.br\/images\/stories\/pdficon.gif\" alt=\"pdficon\" width=\"16\" height=\"16\" \/><\/a><\/p>\n<p><a href=\"https:\/\/www.direito.ufmg.br\/wp-content\/uploads\/2026\/03\/03-Ata-da-Reuniao-de-27-11-2024-Aprovada-em-16-de-dezembro-de-2024.pdf\">Ata da reuni\u00e3o do dia 27 de novembro de 2024, aprovada pela C\u00e2mara em 16 de dezembro de 2024.<img loading=\"lazy\" decoding=\"async\" src=\"https:\/\/www.direito.ufmg.br\/images\/stories\/pdficon.gif\" alt=\"pdficon\" width=\"16\" height=\"16\" \/><\/a><\/p>\n<p><a href=\"https:\/\/www.direito.ufmg.br\/wp-content\/uploads\/2026\/03\/02-Ata-da-Reuniao-de-20-08-2024-Aprovada-em-27-de-novembro-de-2024-Assinado.pdf\">Ata da reuni\u00e3o do dia 20 de agosto de 2024, aprovada pela C\u00e2mara em 27 de novembro de 2024.<img loading=\"lazy\" decoding=\"async\" src=\"https:\/\/www.direito.ufmg.br\/images\/stories\/pdficon.gif\" alt=\"pdficon\" width=\"16\" height=\"16\" \/><\/a><\/p>\n<p><a href=\"https:\/\/www.direito.ufmg.br\/wp-content\/uploads\/2026\/03\/01-Ata-da-Reuniao-de-26-03-2024-Aprovada-em-20-de-agosto-de-2024-SEI_3795198_Ata.pdf\">Ata da reuni\u00e3o do dia 26 de mar\u00e7o de 2024, aprovada pela C\u00e2mara em 20 de agosto de 2024.<img loading=\"lazy\" decoding=\"async\" src=\"https:\/\/www.direito.ufmg.br\/images\/stories\/pdficon.gif\" alt=\"pdficon\" width=\"16\" height=\"16\" \/><\/a><\/p>\n<p><a href=\"https:\/\/www.direito.ufmg.br\/wp-content\/uploads\/2026\/03\/11-Ata-da-Reuniao-de-18-12-2023-Aprovado-em-26-03-2024.pdf\">Ata da reuni\u00e3o do dia 18 de dezembro de 2023, aprovada pela C\u00e2mara em 26 de mar\u00e7o de 2024.<img loading=\"lazy\" decoding=\"async\" src=\"https:\/\/www.direito.ufmg.br\/images\/stories\/pdficon.gif\" alt=\"pdficon\" width=\"16\" height=\"16\" \/><\/a><\/p>\n<p><a href=\"https:\/\/www.direito.ufmg.br\/wp-content\/uploads\/2026\/03\/10-Ata-da-Reuniao-de-07-12-2023-Aprovado-em-26-03-2024.pdf\">Ata da reuni\u00e3o do dia 07 de dezembro de 2023, aprovada pela C\u00e2mara em 26 de mar\u00e7o de 2024.<img loading=\"lazy\" decoding=\"async\" src=\"https:\/\/www.direito.ufmg.br\/images\/stories\/pdficon.gif\" alt=\"pdficon\" width=\"16\" height=\"16\" \/><\/a><\/p>\n<p><a href=\"https:\/\/www.direito.ufmg.br\/wp-content\/uploads\/2024\/02\/09-Ata-da-Reuniao-de-20-11-2023-Aprovada-em-07-12-2023.pdf\">Ata da reuni\u00e3o do dia 20 de novembro de 2023, aprovada pela C\u00e2mara em 07 de dezembro de 2023<img loading=\"lazy\" decoding=\"async\" src=\"https:\/\/www.direito.ufmg.br\/images\/stories\/pdficon.gif\" alt=\"pdficon\" width=\"16\" height=\"16\" \/><\/a><\/p>\n<p><a href=\"https:\/\/www.direito.ufmg.br\/wp-content\/uploads\/2023\/11\/08-Ata-da-Reuniao-de-20-10-2023-Aprovado-em-20-11-2023.pdf\">Ata da reuni\u00e3o do dia 20 de outubro de 2023, aprovada pela C\u00e2mara em 20 de novembro de 2023<img loading=\"lazy\" decoding=\"async\" src=\"https:\/\/www.direito.ufmg.br\/images\/stories\/pdficon.gif\" alt=\"pdficon\" width=\"16\" height=\"16\" \/><\/a><\/p>\n<p><a href=\"https:\/\/www.direito.ufmg.br\/wp-content\/uploads\/2023\/11\/07-Ata-da-Reuniao-de-09-10-2023-Aprovado-em-20-11-2023.pdf\">Ata da reuni\u00e3o do dia 09 de outubro de 2023, aprovada pela C\u00e2mara em 20 de novembro de 2023<img loading=\"lazy\" decoding=\"async\" src=\"https:\/\/www.direito.ufmg.br\/images\/stories\/pdficon.gif\" alt=\"pdficon\" width=\"16\" height=\"16\" \/><\/a><\/p>\n<p><a href=\"https:\/\/www.direito.ufmg.br\/wp-content\/uploads\/2023\/08\/03-Ata-da-Reuniao-de-17-05-2023-Aprovada-em-31-05-2023.pdf\">Ata da reuni\u00e3o do dia 17 de maio de 2023, aprovada pela C\u00e2mara em 31 de maio de 2023<\/a><a href=\".\/wp-content\/uploads\/2022\/09\/02-Ata-da-Reuniao-de-05-04-2022-Aprovada-em-17-05-2022.pdf\"><img loading=\"lazy\" decoding=\"async\" src=\"https:\/\/www.direito.ufmg.br\/images\/stories\/pdficon.gif\" alt=\"pdficon\" width=\"16\" height=\"16\" \/><\/a><\/p>\n<p><a href=\"https:\/\/www.direito.ufmg.br\/wp-content\/uploads\/2023\/08\/02-Ata-da-Reuniao-de-04-04-2023-Aprovada-em-17-05-2023.pdf\">Ata da reuni\u00e3o do dia 04 de abril de 2023, aprovada pela C\u00e2mara em 17 de maio de 2023<\/a><a href=\".\/wp-content\/uploads\/2022\/09\/02-Ata-da-Reuniao-de-05-04-2022-Aprovada-em-17-05-2022.pdf\"><img loading=\"lazy\" decoding=\"async\" src=\"https:\/\/www.direito.ufmg.br\/images\/stories\/pdficon.gif\" alt=\"pdficon\" width=\"16\" height=\"16\" \/><\/a><\/p>\n<p><a href=\"https:\/\/www.direito.ufmg.br\/wp-content\/uploads\/2023\/08\/01-Ata-da-Reuniao-de-07-03-2023-Aprovada-em-04-04-2023.pdf\">Ata da reuni\u00e3o do dia 07 de mar\u00e7o de 2023, aprovada pela C\u00e2mara em 04 de abril de 2023<\/a><a href=\".\/wp-content\/uploads\/2022\/09\/02-Ata-da-Reuniao-de-05-04-2022-Aprovada-em-17-05-2022.pdf\"><img loading=\"lazy\" decoding=\"async\" src=\"https:\/\/www.direito.ufmg.br\/images\/stories\/pdficon.gif\" alt=\"pdficon\" width=\"16\" height=\"16\" \/><\/a><\/p>\n<p><a href=\"https:\/\/www.direito.ufmg.br\/wp-content\/uploads\/2023\/08\/05-Ata-da-Reuniao-de-07-11-2022-Aprovada-em-07-03-2023.pdf\">Ata da reuni\u00e3o do dia 07 de novembro de 2022, aprovada pela C\u00e2mara em 07 de mar\u00e7o de 2023<\/a><a href=\"https:\/\/www.direito.ufmg.br\/wp-content\/uploads\/2023\/08\/05-Ata-da-Reuniao-de-07-11-2022-Aprovada-em-07-03-2023.pdf\"><img loading=\"lazy\" decoding=\"async\" src=\"https:\/\/www.direito.ufmg.br\/images\/stories\/pdficon.gif\" alt=\"pdficon\" width=\"16\" height=\"16\" \/><\/a><\/p>\n<p><a href=\".\/wp-content\/uploads\/2022\/12\/04-Ata-da-Reuniao-de-14-07-2022-Aprovada-em-07-11-2022.pdf\">Ata da reuni\u00e3o do dia\u00a014 de julho de 2022, aprovada pela C\u00e2mara em 07 de novembro de 2022<\/a><a href=\".\/wp-content\/uploads\/2022\/09\/02-Ata-da-Reuniao-de-05-04-2022-Aprovada-em-17-05-2022.pdf\"><img loading=\"lazy\" decoding=\"async\" src=\"https:\/\/www.direito.ufmg.br\/images\/stories\/pdficon.gif\" alt=\"pdficon\" width=\"16\" height=\"16\" \/><\/a><\/p>\n<p><a href=\".\/wp-content\/uploads\/2022\/12\/03-Ata-da-Reuniao-de-17-05-2022-Aprovada-em-07-11-2022.pdf\">Ata da reuni\u00e3o do dia\u00a017 de maio de 2022, aprovada pela C\u00e2mara em 07 de novembro de 2022<\/a><a href=\".\/wp-content\/uploads\/2022\/09\/02-Ata-da-Reuniao-de-05-04-2022-Aprovada-em-17-05-2022.pdf\"><img loading=\"lazy\" decoding=\"async\" src=\"https:\/\/www.direito.ufmg.br\/images\/stories\/pdficon.gif\" alt=\"pdficon\" width=\"16\" height=\"16\" \/><\/a><\/p>\n<p><a href=\".\/wp-content\/uploads\/2022\/09\/02-Ata-da-Reuniao-de-05-04-2022-Aprovada-em-17-05-2022.pdf\">Ata da reuni\u00e3o do dia 05 de abril de 2022, aprovada pela C\u00e2mara em 17 de maio de 2022 <img loading=\"lazy\" decoding=\"async\" src=\"https:\/\/www.direito.ufmg.br\/images\/stories\/pdficon.gif\" alt=\"pdficon\" width=\"16\" height=\"16\" \/><\/a><\/p>\n<p><a href=\".\/wp-content\/uploads\/2022\/09\/01-Ata-da-Reuniao-de-27-01-2022-Aprovada-em-05-04-2022.pdf\">Ata da reuni\u00e3o do dia 27 de janeiro de 2022, aprovada pela C\u00e2mara em 05 de abril de 2022 <img loading=\"lazy\" decoding=\"async\" src=\"https:\/\/www.direito.ufmg.br\/images\/stories\/pdficon.gif\" alt=\"pdficon\" width=\"16\" height=\"16\" \/><\/a><\/p>\n<p><a href=\".\/wp-content\/uploads\/2022\/02\/12-Ata-da-Reuniao-de-15-12-2021-Aprovada-em-27-01-2022.pdf\">Ata da reuni\u00e3o do dia 15 de dezembro de 2021, aprovada pela C\u00e2mara em 27 de janeiro de 2022<img loading=\"lazy\" decoding=\"async\" src=\"https:\/\/www.direito.ufmg.br\/images\/stories\/pdficon.gif\" alt=\"pdficon\" width=\"16\" height=\"16\" \/><\/a><\/p>\n<p><a href=\"https:\/\/www.direito.ufmg.br\/wp-content\/uploads\/2021\/12\/11-Ata-da-Reuniao-de-17-11-2021-Aprovada-em-15-12-2021.pdf\">Ata da reuni\u00e3o do dia 17 de novembro de 2021, aprovada pela C\u00e2mara em 15 de dezembro de 2021<img loading=\"lazy\" decoding=\"async\" src=\"https:\/\/www.direito.ufmg.br\/images\/stories\/pdficon.gif\" alt=\"pdficon\" width=\"16\" height=\"16\" \/><\/a><\/p>\n<p><a href=\"https:\/\/www.direito.ufmg.br\/wp-content\/uploads\/2021\/12\/10-Ata-da-Reuniao-de-27-10-2021-Aprovada-em-17-11-2021.pdf\">Ata da reuni\u00e3o do dia 27 de outubro de 2021, aprovada pela C\u00e2mara em 17 de novembro de 2021<\/a><img loading=\"lazy\" decoding=\"async\" src=\"https:\/\/www.direito.ufmg.br\/images\/stories\/pdficon.gif\" alt=\"pdficon\" width=\"16\" height=\"16\" \/><\/p>\n<p><a href=\"https:\/\/www.direito.ufmg.br\/wp-content\/uploads\/2021\/12\/09-Ata-da-Reuniao-de-26-08-2021-Aprovada-em-27-10-2021.pdf\">Ata da reuni\u00e3o do dia 26 de agosto de 2021, aprovada pela C\u00e2mara em 27 de outubro de 2021<\/a><img loading=\"lazy\" decoding=\"async\" src=\"https:\/\/www.direito.ufmg.br\/images\/stories\/pdficon.gif\" alt=\"pdficon\" width=\"16\" height=\"16\" \/><\/p>\n<p><a href=\"https:\/\/www.direito.ufmg.br\/wp-content\/uploads\/2021\/12\/08-Ata-da-Reuniao-de-03-08-2021-Aprovada-em-26-08-2021.pdf\">Ata da reuni\u00e3o do dia 03 de agosto de 2021, aprovada pela C\u00e2mara em 26 de agosto de 2021<\/a><img loading=\"lazy\" decoding=\"async\" src=\"https:\/\/www.direito.ufmg.br\/images\/stories\/pdficon.gif\" alt=\"pdficon\" width=\"16\" height=\"16\" \/><\/p>\n<p><a href=\"https:\/\/www.direito.ufmg.br\/wp-content\/uploads\/2021\/08\/07-Ata-da-Reuniao-de-22-06-2021-Aprovada-em-03-08-2021.pdf\">Ata da reuni\u00e3o do dia 22 de junho de 2021, aprovada pela C\u00e2mara em 03 de agosto de 2021<\/a><img loading=\"lazy\" decoding=\"async\" src=\"https:\/\/www.direito.ufmg.br\/images\/stories\/pdficon.gif\" alt=\"pdficon\" width=\"16\" height=\"16\" \/><\/p>\n<p><a href=\"https:\/\/www.direito.ufmg.br\/wp-content\/uploads\/2021\/06\/06-Ata-da-Reuniao-de-02-06-2021-Aprovada-em-22-06-2021.pdf\">Ata da reuni\u00e3o do dia 02 de junho de 2021, aprovada pela C\u00e2mara em 22 de junho de 2021<\/a><img loading=\"lazy\" decoding=\"async\" src=\"https:\/\/www.direito.ufmg.br\/images\/stories\/pdficon.gif\" alt=\"pdficon\" width=\"16\" height=\"16\" \/><\/p>\n<p><a href=\"https:\/\/www.direito.ufmg.br\/wp-content\/uploads\/2021\/06\/05-Ata-da-Reuniao-de-17-05-2021-Aprovada-em-02-06-2021.pdf\">Ata da reuni\u00e3o do dia 17 de maio de 2021, aprovada pela C\u00e2mara em 02 de junho de 2021<\/a><img loading=\"lazy\" decoding=\"async\" src=\"https:\/\/www.direito.ufmg.br\/images\/stories\/pdficon.gif\" alt=\"pdficon\" width=\"16\" height=\"16\" \/><\/p>\n<p><a href=\"https:\/\/www.direito.ufmg.br\/wp-content\/uploads\/2021\/06\/04-Ata-da-Reuniao-de-07-05-2021-Aprovada-em-17-05-2021.pdf\">Ata da reuni\u00e3o do dia 07 de maio de 2021, aprovada pela C\u00e2mara em 17 de maio de 2021<\/a><img loading=\"lazy\" decoding=\"async\" src=\"https:\/\/www.direito.ufmg.br\/images\/stories\/pdficon.gif\" alt=\"pdficon\" width=\"16\" height=\"16\" \/><\/p>\n<p><a href=\"https:\/\/www.direito.ufmg.br\/wp-content\/uploads\/2021\/06\/03-Ata-da-Reuniao-de-16-03-2021-Aprovada-em-07-05-2021.pdf\">Ata da reuni\u00e3o do dia 16 de mar\u00e7o de 2021, aprovada pela C\u00e2mara em 07 de maio de 2021<\/a><img loading=\"lazy\" decoding=\"async\" src=\"https:\/\/www.direito.ufmg.br\/images\/stories\/pdficon.gif\" alt=\"pdficon\" width=\"16\" height=\"16\" \/><\/p>\n<p><a href=\"https:\/\/www.direito.ufmg.br\/wp-content\/uploads\/2021\/06\/02-Ata-da-Reuniao-de-01-03-2021-Aprovada-em-16-03-2021.pdf\">Ata da reuni\u00e3o do dia 01\u00ba de mar\u00e7o de 2021, aprovada pela C\u00e2mara em 16 de mar\u00e7o de 2021<\/a><img loading=\"lazy\" decoding=\"async\" src=\"https:\/\/www.direito.ufmg.br\/images\/stories\/pdficon.gif\" alt=\"pdficon\" width=\"16\" height=\"16\" \/><\/p>\n<p><a href=\".\/wp-content\/uploads\/2021\/03\/01-Ata-da-Reuniao-de-29-01-2021-Aprovada-em-01-03-2021.pdf\">Ata da reuni\u00e3o do dia 29 de janeiro de 2021, aprovada pela C\u00e2mara em 01\u00ba de mar\u00e7o de 2021<img loading=\"lazy\" decoding=\"async\" src=\".\/images\/stories\/pdficon.gif\" alt=\"pdficon\" width=\"16\" height=\"16\" \/><\/a><\/p>\n<p><a href=\".\/wp-content\/uploads\/2021\/03\/11-Ata-da-Reuniao-de-09-12-2020-Aprovada-em-29-01-2021.pdf\">Ata da reuni\u00e3o do dia 09 de dezembro de 2020, aprovada pela C\u00e2mara em 29 de janeiro de 2021<img loading=\"lazy\" decoding=\"async\" src=\".\/images\/stories\/pdficon.gif\" alt=\"pdficon\" width=\"16\" height=\"16\" \/><\/a><\/p>\n<p><a href=\".\/wp-content\/uploads\/dit\/atas\/2020\/ata13112020.pdf\">Ata da reuni\u00e3o do dia 13 de novembro de 2020, aprovada pela C\u00e2mara em 09 de dezembro de 2020<img loading=\"lazy\" decoding=\"async\" src=\".\/images\/stories\/pdficon.gif\" alt=\"pdficon\" width=\"16\" height=\"16\" \/><\/a><\/p>\n<p><a href=\".\/wp-content\/uploads\/dit\/atas\/2020\/ata06102020.pdf\">Ata da reuni\u00e3o do dia 06 de outubro, aprovada pela C\u00e2mara em 13 de novembro de 2020 <img loading=\"lazy\" decoding=\"async\" src=\".\/images\/stories\/pdficon.gif\" alt=\"pdficon\" width=\"16\" height=\"16\" \/><\/a><\/p>\n<p><a href=\".\/wp-content\/uploads\/dit\/atas\/2020\/ata28082020.pdf\">Ata da reuni\u00e3o do dia 28 de agosto de 2020, aprovada pela C\u00e2mara em 06 de outubro de 2020<\/a><a target=\"_blank\" rel=\"noopener noreferrer\"><img loading=\"lazy\" decoding=\"async\" src=\".\/images\/stories\/pdficon.gif\" alt=\"pdficon\" width=\"16\" height=\"16\" \/><\/a><\/p>\n<p><a href=\".\/wp-content\/uploads\/dit\/atas\/2020\/ata07082020.pdf\">Ata da reuni\u00e3o do dia 07 de agosto de 2020, aprovada pela C\u00e2mara em 28 de agosto de 2020<\/a><a target=\"_blank\" rel=\"noopener noreferrer\"><img loading=\"lazy\" decoding=\"async\" src=\".\/images\/stories\/pdficon.gif\" alt=\"pdficon\" width=\"16\" height=\"16\" \/><\/a><\/p>\n<p><a href=\".\/wp-content\/uploads\/dit\/atas\/2020\/ata27072020.pdf\">Ata da reuni\u00e3o do dia 27 de julho de 2020, aprovada pela C\u00e2mara em 07 de agosto de 2020<\/a><a target=\"_blank\" rel=\"noopener noreferrer\"><img loading=\"lazy\" decoding=\"async\" src=\".\/images\/stories\/pdficon.gif\" alt=\"pdficon\" width=\"16\" height=\"16\" \/><\/a><\/p>\n<p><a href=\".\/wp-content\/uploads\/dit\/atas\/2020\/ata17072020.pdf\">Ata da reuni\u00e3o do dia 17 de julho de 2020, aprovada pela C\u00e2mara em 27 de julho de 2020<\/a><a target=\"_blank\" rel=\"noopener noreferrer\"><img loading=\"lazy\" decoding=\"async\" src=\".\/images\/stories\/pdficon.gif\" alt=\"pdficon\" width=\"16\" height=\"16\" \/><\/a><\/p>\n<p><a href=\".\/wp-content\/uploads\/dit\/atas\/2020\/ata07072020.pdf\">Ata da reuni\u00e3o do dia 07 de julho de 2020, aprovada pela C\u00e2mara em 17 de julho de 2020<\/a><a target=\"_blank\" rel=\"noopener noreferrer\"><img loading=\"lazy\" decoding=\"async\" src=\".\/images\/stories\/pdficon.gif\" alt=\"pdficon\" width=\"16\" height=\"16\" \/><\/a><\/p>\n<p><a href=\".\/wp-content\/uploads\/dit\/atas\/2020\/ata08062020.pdf\">Ata da reuni\u00e3o do dia 08 de junho de 2020, aprovada pela C\u00e2mara em 07 de julho de 2020<\/a><a target=\"_blank\" rel=\"noopener noreferrer\"><img loading=\"lazy\" decoding=\"async\" src=\".\/images\/stories\/pdficon.gif\" alt=\"pdficon\" width=\"16\" height=\"16\" \/><\/a><\/p>\n<p><a href=\".\/wp-content\/uploads\/dit\/atas\/2020\/ata06052020.pdf\">Ata da reuni\u00e3o do dia 06 de maio de 2020, aprovada pela C\u00e2mara em 08 de junho de 2020<img loading=\"lazy\" decoding=\"async\" src=\".\/images\/stories\/pdficon.gif\" alt=\"pdficon\" width=\"16\" height=\"16\" \/><\/a><\/p>\n<p><a href=\".\/wp-content\/uploads\/dit\/atas\/2020\/ata05032020.pdf\">Ata da reuni\u00e3o do dia 05 de mar\u00e7o de 2020, aprovada pela C\u00e2mara em 06 de maio de 2020<img loading=\"lazy\" decoding=\"async\" src=\".\/images\/stories\/pdficon.gif\" alt=\"pdficon\" width=\"16\" height=\"16\" \/><\/a><\/p>\n<p><a href=\".\/wp-content\/uploads\/dit\/atas\/ata12122019.pdf\">Ata da reuni\u00e3o do dia 12 de dezembro de 2019, aprovada pela C\u00e2mara em 05 de mar\u00e7o de 2020<\/a><a target=\"_blank\" rel=\"noopener noreferrer\"><img loading=\"lazy\" decoding=\"async\" src=\".\/images\/stories\/pdficon.gif\" alt=\"pdficon\" width=\"16\" height=\"16\" \/><\/a><\/p>\n<p><a href=\".\/wp-content\/uploads\/dit\/atas\/ata05122019.pdf\">Ata da reuni\u00e3o do dia 05 de dezembro de 2019, aprovada pela C\u00e2mara em 05 de mar\u00e7o de 2020<\/a><a target=\"_blank\" rel=\"noopener noreferrer\"><img loading=\"lazy\" decoding=\"async\" src=\".\/images\/stories\/pdficon.gif\" alt=\"pdficon\" width=\"16\" height=\"16\" \/><\/a><\/p>\n<p><a href=\".\/wp-content\/uploads\/dit\/atas\/ata28112019.pdf\">Ata da reuni\u00e3o do dia 28 de novembro de 2019, aprovada pela C\u00e2mara em 05 de dezembro de 2019<\/a><a target=\"_blank\" rel=\"noopener noreferrer\"><img loading=\"lazy\" decoding=\"async\" src=\".\/images\/stories\/pdficon.gif\" alt=\"pdficon\" width=\"16\" height=\"16\" \/><\/a><\/p>\n<p><a href=\".\/wp-content\/uploads\/dit\/atas\/ata14112019.pdf\">Ata da reuni\u00e3o do dia 14 de novembro de 2019, aprovada pela C\u00e2mara em 05 de dezembro de 2019<\/a><a target=\"_blank\" rel=\"noopener noreferrer\"><img loading=\"lazy\" decoding=\"async\" src=\".\/images\/stories\/pdficon.gif\" alt=\"pdficon\" width=\"16\" height=\"16\" \/><\/a><\/p>\n<p><a href=\"https:\/\/www.direito.ufmg.br\/wp-content\/uploads\/2019\/11\/10-Ata-da-Reuni\u00e3o-de-10-10-19-Aprovada-em-14-11-19.pdf\">Ata da reuni\u00e3o do dia 10 de outubro de 2019, aprovada pela C\u00e2mara em 14 de novembro de 2019<\/a><a target=\"_blank\" rel=\"noopener noreferrer\"><img loading=\"lazy\" decoding=\"async\" src=\".\/images\/stories\/pdficon.gif\" alt=\"pdficon\" width=\"16\" height=\"16\" \/><\/a><\/p>\n<p><a href=\".\/wp-content\/uploads\/dit\/atas\/ata10102019.pdf\">Ata da reuni\u00e3o do dia 10 de outubro de 2019, aprovada pela Assembleia em 05 de dezembro de 2019<\/a><\/p>\n<p><a href=\".\/wp-content\/uploads\/dit\/atas\/ata11092019.pdf\">Ata da reuni\u00e3o do dia 11 de setembro de 2019, aprovada pela C\u00e2mara em 10 de outubro de 2019<img loading=\"lazy\" decoding=\"async\" src=\".\/images\/stories\/pdficon.gif\" alt=\"pdficon\" width=\"16\" height=\"16\" \/><\/a><\/p>\n<p><a href=\".\/wp-content\/uploads\/dit\/atas\/ata12082019.pdf\">Ata da reuni\u00e3o do dia 12 de agosto de 2019, aprovada pela C\u00e2mara em 11 de setembro de 2019<\/a><a target=\"_blank\" rel=\"noopener noreferrer\"><img loading=\"lazy\" decoding=\"async\" src=\".\/images\/stories\/pdficon.gif\" alt=\"pdficon\" width=\"16\" height=\"16\" \/><\/a><\/p>\n<p><a href=\"..\/wp-content\/uploads\/dit\/atas\/ata03072019.pdf\">Ata da reuni\u00e3o do dia 03 de julho de 2019, aprovada pela C\u00e2mara em 12 de agosto de 2019<\/a><a target=\"_blank\" rel=\"noopener noreferrer\"><img loading=\"lazy\" decoding=\"async\" src=\".\/images\/stories\/pdficon.gif\" alt=\"pdficon\" width=\"16\" height=\"16\" \/><\/a><\/p>\n<p><a href=\".\/images\/stories\/deptos\/dit\/ata06062019.pdf\" target=\"_blank\" rel=\"noopener noreferrer\">Ata da reuni\u00e3o do dia 06 de junho de 2019, aprovada pela C\u00e2mara em 03 de julho de 2019<\/a><a target=\"_blank\" rel=\"noopener noreferrer\"><img loading=\"lazy\" decoding=\"async\" src=\".\/images\/stories\/pdficon.gif\" alt=\"pdficon\" width=\"16\" height=\"16\" \/><\/a><\/p>\n<p><a href=\".\/images\/stories\/deptos\/dit\/ata20052019.pdf\" target=\"_blank\" rel=\"noopener noreferrer\">Ata da reuni\u00e3o do dia 20 de maio de 2019, aprovada pela C\u00e2mara em 03 de julho de 2019<\/a><a target=\"_blank\" rel=\"noopener noreferrer\"><img loading=\"lazy\" decoding=\"async\" src=\".\/images\/stories\/pdficon.gif\" alt=\"pdficon\" width=\"16\" height=\"16\" \/><\/a><\/p>\n<p><a href=\".\/wp-content\/uploads\/dit\/atas\/ata13052019.pdf\" target=\"_blank\" rel=\"noopener noreferrer\">Ata da reuni\u00e3o do dia 13 de maio de 2019, aprovada pela C\u00e2mara em 03 de julho de 2019<\/a><a target=\"_blank\" rel=\"noopener noreferrer\"><img loading=\"lazy\" decoding=\"async\" src=\".\/images\/stories\/pdficon.gif\" alt=\"pdficon\" width=\"16\" height=\"16\" \/><\/a><\/p>\n<p><a href=\".\/images\/stories\/deptos\/dit\/ata08042019.pdf\" target=\"_blank\" rel=\"noopener noreferrer\">Ata da reuni\u00e3o do dia 08 de abril de 2019, aprovada pela C\u00e2mara em 13 de maio de 2019<img loading=\"lazy\" decoding=\"async\" src=\".\/images\/stories\/pdficon.gif\" alt=\"pdficon\" width=\"16\" height=\"16\" \/><\/a><\/p>\n<p><a href=\".\/images\/stories\/deptos\/dit\/ata20190314.pdf\" target=\"_blank\" rel=\"noopener noreferrer\">Ata da reuni\u00e3o do dia 14 de mar\u00e7o de 2019, aprovada pela C\u00e2mara em 08 de abril de 2019<\/a><a target=\"_blank\" rel=\"noopener noreferrer\"><img loading=\"lazy\" decoding=\"async\" src=\".\/images\/stories\/pdficon.gif\" alt=\"pdficon\" width=\"16\" height=\"16\" \/><\/a><\/p>\n<p>&nbsp;<\/p>\n","protected":false},"excerpt":{"rendered":"<p>Ata da reuni\u00e3o do dia 15 de dezembro de 2025, a ser referendada pela C\u00e2mara. Ata da reuni\u00e3o do dia 09 de dezembro de 2025, aprovada pela C\u00e2mara em 15 de dezembro de 2025. Ata [&hellip;]<\/p>\n","protected":false},"author":1,"featured_media":0,"parent":0,"menu_order":0,"comment_status":"closed","ping_status":"closed","template":"","meta":{"footnotes":""},"class_list":["post-9089","page","type-page","status-publish","hentry"],"publishpress_future_action":{"enabled":false,"date":"2026-04-25 01:02:57","action":"change-status","newStatus":"draft","terms":[],"taxonomy":"","extraData":[]},"publishpress_future_workflow_manual_trigger":{"enabledWorkflows":[]},"_links":{"self":[{"href":"https:\/\/www.direito.ufmg.br\/index.php?rest_route=\/wp\/v2\/pages\/9089","targetHints":{"allow":["GET"]}}],"collection":[{"href":"https:\/\/www.direito.ufmg.br\/index.php?rest_route=\/wp\/v2\/pages"}],"about":[{"href":"https:\/\/www.direito.ufmg.br\/index.php?rest_route=\/wp\/v2\/types\/page"}],"author":[{"embeddable":true,"href":"https:\/\/www.direito.ufmg.br\/index.php?rest_route=\/wp\/v2\/users\/1"}],"replies":[{"embeddable":true,"href":"https:\/\/www.direito.ufmg.br\/index.php?rest_route=%2Fwp%2Fv2%2Fcomments&post=9089"}],"version-history":[{"count":3,"href":"https:\/\/www.direito.ufmg.br\/index.php?rest_route=\/wp\/v2\/pages\/9089\/revisions"}],"predecessor-version":[{"id":18786,"href":"https:\/\/www.direito.ufmg.br\/index.php?rest_route=\/wp\/v2\/pages\/9089\/revisions\/18786"}],"wp:attachment":[{"href":"https:\/\/www.direito.ufmg.br\/index.php?rest_route=%2Fwp%2Fv2%2Fmedia&parent=9089"}],"curies":[{"name":"wp","href":"https:\/\/api.w.org\/{rel}","templated":true}]}}