{"id":9099,"date":"2019-07-10T12:25:17","date_gmt":"2019-07-10T15:25:17","guid":{"rendered":"https:\/\/www.direito.ufmg.br\/?page_id=9099"},"modified":"2019-12-13T11:59:18","modified_gmt":"2019-12-13T14:59:18","slug":"calendario-de-reunioes-2","status":"publish","type":"page","link":"https:\/\/www.direito.ufmg.br\/?page_id=9099","title":{"rendered":"Calend\u00e1rio de Reuni\u00f5es"},"content":{"rendered":"<p>05 de dezembro de 2019 (Quinta-feira), 11h30 na sala de Reuni\u00f5es do 9\u00ba andar \u2013 Reuni\u00e3o e elei\u00e7\u00f5es da C\u00e2mara<\/p>\n<p>10 de outubro de 2019 (Quinta-feira), 11h00 na sala de Reuni\u00f5es do 9\u00ba andar &#8211; Reuni\u00e3o e elei\u00e7\u00f5es da C\u00e2mara<\/p>\n","protected":false},"excerpt":{"rendered":"<p>05 de dezembro de 2019 (Quinta-feira), 11h30 na sala de Reuni\u00f5es do 9\u00ba andar \u2013 Reuni\u00e3o e elei\u00e7\u00f5es da C\u00e2mara 10 de outubro de 2019 (Quinta-feira), 11h00 na sala de Reuni\u00f5es do 9\u00ba andar &#8211; [&hellip;]<\/p>\n","protected":false},"author":1,"featured_media":0,"parent":0,"menu_order":0,"comment_status":"closed","ping_status":"closed","template":"","meta":{"footnotes":""},"class_list":["post-9099","page","type-page","status-publish","hentry"],"publishpress_future_action":{"enabled":false,"date":"2026-05-21 22:39:15","action":"change-status","newStatus":"draft","terms":[],"taxonomy":"","extraData":[]},"publishpress_future_workflow_manual_trigger":{"enabledWorkflows":[]},"_links":{"self":[{"href":"https:\/\/www.direito.ufmg.br\/index.php?rest_route=\/wp\/v2\/pages\/9099","targetHints":{"allow":["GET"]}}],"collection":[{"href":"https:\/\/www.direito.ufmg.br\/index.php?rest_route=\/wp\/v2\/pages"}],"about":[{"href":"https:\/\/www.direito.ufmg.br\/index.php?rest_route=\/wp\/v2\/types\/page"}],"author":[{"embeddable":true,"href":"https:\/\/www.direito.ufmg.br\/index.php?rest_route=\/wp\/v2\/users\/1"}],"replies":[{"embeddable":true,"href":"https:\/\/www.direito.ufmg.br\/index.php?rest_route=%2Fwp%2Fv2%2Fcomments&post=9099"}],"version-history":[{"count":0,"href":"https:\/\/www.direito.ufmg.br\/index.php?rest_route=\/wp\/v2\/pages\/9099\/revisions"}],"wp:attachment":[{"href":"https:\/\/www.direito.ufmg.br\/index.php?rest_route=%2Fwp%2Fv2%2Fmedia&parent=9099"}],"curies":[{"name":"wp","href":"https:\/\/api.w.org\/{rel}","templated":true}]}}