{"id":9502,"date":"2019-10-18T10:53:31","date_gmt":"2019-10-18T13:53:31","guid":{"rendered":"https:\/\/www.direito.ufmg.br\/?page_id=9502"},"modified":"2019-11-11T08:41:04","modified_gmt":"2019-11-11T11:41:04","slug":"editais-de-2019","status":"publish","type":"page","link":"https:\/\/www.direito.ufmg.br\/?page_id=9502","title":{"rendered":"Editais de 2019"},"content":{"rendered":"<p><a href=\"\/var\/www\/html\/direito\/wp-content\/uploads\/editais\/2019\/Edital0502019.pdf\">Edital 050\/2019 &#8211; Assistentes e Auxiliares Congrega\u00e7\u00e3o<\/a><\/p>\n<p><a href=\"\/var\/www\/html\/direito\/wp-content\/uploads\/editais\/2019\/Edital0492019.pdf\">Edital 049\/2019 &#8211; Elei\u00e7\u00e3o Adjunto Congrega\u00e7\u00e3o<\/a><\/p>\n<p><a href=\"\/var\/www\/html\/direito\/wp-content\/uploads\/editais\/2019\/Edital0482019.pdf\">Edital 048\/2019 &#8211; Elei\u00e7\u00e3o Associado Congrega\u00e7\u00e3o<\/a><\/p>\n<p><a href=\"\/var\/www\/html\/direito\/wp-content\/uploads\/editais\/2019\/Edital0472019.pdf\">Edital 047\/2019 &#8211; Elei\u00e7\u00e3o Titulares Congrega\u00e7\u00e3o<\/a><\/p>\n<p><a href=\"\/var\/www\/html\/direito\/wp-content\/uploads\/editais\/2019\/Edital0462019.pdf\">Edital 046\/2019 &#8211; Elei\u00e7\u00e3o TAE Congrega\u00e7\u00e3o<\/a><\/p>\n<p><a href=\"..\/wp-content\/uploads\/editais\/2019\/Edital0452019.pdf\">Edital 045\/2019 &#8211; Elei\u00e7\u00e3o coordenador e sub-coordenador Colgrad<\/a><\/p>\n<p><a href=\"..\/images\/stories\/documentos\/editais\/2019\/Edital222019.pdf\">Edital 022\/2019 &#8211; Elei\u00e7\u00e3o representantes C\u00e2mara Departamental<\/a><\/p>\n<p><a href=\"..\/images\/stories\/documentos\/editais\/2019\/Edital212019.pdf\">Edital 021\/2019 &#8211; Elei\u00e7\u00e3o representantes C\u00e2mara Departamental<\/a><\/p>\n<p><a href=\"..\/images\/stories\/documentos\/editais\/2019\/Edital142019.pdf\">Edital 014\/2019 &#8211; Elei\u00e7\u00e3o representantes DIC e DIN<\/a><\/p>\n<p><a href=\"..\/images\/stories\/documentos\/editais\/2019\/Edital132019.pdf\">Edital 013\/2019 &#8211; Elei\u00e7\u00e3o representantes professores suplentes Egr\u00e9gia Congrega\u00e7\u00e3o<\/a><\/p>\n<p><a href=\"..\/images\/stories\/documentos\/editais\/2019\/Edital122019.pdf\">Edital 012\/2019 &#8211; Elei\u00e7\u00e3o representantes TAE Egr\u00e9gia Congrega\u00e7\u00e3o<\/a><\/p>\n<p><a href=\"..\/images\/stories\/documentos\/editais\/2019\/Edital112019.pdf\">Edital 011\/2019 &#8211; Elei\u00e7\u00e3o representantes professores Egr\u00e9gia Congrega\u00e7\u00e3o<\/a><\/p>\n<p><a href=\"..\/images\/stories\/documentos\/editais\/2019\/Edital102019.pdf\">Edital 010\/2019 &#8211; Elei\u00e7\u00e3o representantes DIC e DIN<\/a><\/p>\n<p><a href=\"..\/images\/stories\/documentos\/editais\/2019\/Edital072019.pdf\">Edital 007\/2019 &#8211; Elei\u00e7\u00e3o de Chefe do DIN<\/a><\/p>\n<p>&nbsp;<\/p>\n","protected":false},"excerpt":{"rendered":"<p>Edital 050\/2019 &#8211; Assistentes e Auxiliares Congrega\u00e7\u00e3o Edital 049\/2019 &#8211; Elei\u00e7\u00e3o Adjunto Congrega\u00e7\u00e3o Edital 048\/2019 &#8211; Elei\u00e7\u00e3o Associado Congrega\u00e7\u00e3o Edital 047\/2019 &#8211; Elei\u00e7\u00e3o Titulares Congrega\u00e7\u00e3o Edital 046\/2019 &#8211; Elei\u00e7\u00e3o TAE Congrega\u00e7\u00e3o Edital 045\/2019 &#8211; Elei\u00e7\u00e3o [&hellip;]<\/p>\n","protected":false},"author":1,"featured_media":0,"parent":0,"menu_order":0,"comment_status":"closed","ping_status":"closed","template":"","meta":{"footnotes":""},"class_list":["post-9502","page","type-page","status-publish","hentry"],"publishpress_future_action":{"enabled":false,"date":"2026-04-28 17:48:36","action":"change-status","newStatus":"draft","terms":[],"taxonomy":"","extraData":[]},"publishpress_future_workflow_manual_trigger":{"enabledWorkflows":[]},"_links":{"self":[{"href":"https:\/\/www.direito.ufmg.br\/index.php?rest_route=\/wp\/v2\/pages\/9502","targetHints":{"allow":["GET"]}}],"collection":[{"href":"https:\/\/www.direito.ufmg.br\/index.php?rest_route=\/wp\/v2\/pages"}],"about":[{"href":"https:\/\/www.direito.ufmg.br\/index.php?rest_route=\/wp\/v2\/types\/page"}],"author":[{"embeddable":true,"href":"https:\/\/www.direito.ufmg.br\/index.php?rest_route=\/wp\/v2\/users\/1"}],"replies":[{"embeddable":true,"href":"https:\/\/www.direito.ufmg.br\/index.php?rest_route=%2Fwp%2Fv2%2Fcomments&post=9502"}],"version-history":[{"count":0,"href":"https:\/\/www.direito.ufmg.br\/index.php?rest_route=\/wp\/v2\/pages\/9502\/revisions"}],"wp:attachment":[{"href":"https:\/\/www.direito.ufmg.br\/index.php?rest_route=%2Fwp%2Fv2%2Fmedia&parent=9502"}],"curies":[{"name":"wp","href":"https:\/\/api.w.org\/{rel}","templated":true}]}}