{"id":9775,"date":"2020-01-03T09:26:37","date_gmt":"2020-01-03T12:26:37","guid":{"rendered":"https:\/\/www.direito.ufmg.br\/?page_id=9775"},"modified":"2023-08-28T17:15:23","modified_gmt":"2023-08-28T20:15:23","slug":"dic-especializacao-tj-mg-ufmg","status":"publish","type":"page","link":"https:\/\/www.direito.ufmg.br\/?page_id=9775","title":{"rendered":"DIC &#8211; Especializa\u00e7\u00e3o TJ MG \/ UFMG"},"content":{"rendered":"<table style=\"width: 45.2506%; border-collapse: collapse; border-color: #000000; background-color: #e6baba;\">\n<tbody>\n<tr>\n<td style=\"width: 38.2242%;\"><strong><a href=\"https:\/\/www.direito.ufmg.br\/?page_id=9775\">Informa\u00e7\u00f5es<\/a><\/strong><\/td>\n<td style=\"width: 46.2858%;\"><strong><a href=\"https:\/\/www.direito.ufmg.br\/?page_id=14386\">Bancas de Defesa<\/a><\/strong><\/td>\n<\/tr>\n<\/tbody>\n<\/table>\n<p>&nbsp;<\/p>\n<table style=\"border-collapse: collapse; width: 45.3952%; height: 138px;\">\n<tbody>\n<tr>\n<td style=\"width: 100%; text-align: center;\"><strong>Informa\u00e7\u00f5es<\/strong><\/td>\n<\/tr>\n<tr style=\"height: 72px;\">\n<td style=\"width: 100%; height: 72px; text-align: justify;\"><a href=\".\/wp-content\/uploads\/2020\/02\/EDITAL_INTEGRAL_DESIGN-SISTEMAS-CONTRATO-288_2019-TJMG-_-Final-PRPG-30-12-19-.pdf\">Curso de Especializa\u00e7\u00e3o em N\u00edvel de P\u00f3s-Gradua\u00e7\u00e3o Lato Sensu em \u201cDesign de Sistemas Aplicado \u00e0 Resolu\u00e7\u00e3o de Conflitos e Gest\u00e3o Processual\u201d, ofertado por meio de Contrato firmado com o TRIBUNAL DE JUSTI\u00c7A DE MINAS GERAIS<\/a><\/td>\n<\/tr>\n<tr style=\"height: 24px;\">\n<td style=\"width: 100%; height: 24px; text-align: justify;\"><a href=\"https:\/\/www.direito.ufmg.br\/wp-content\/uploads\/2022\/06\/EDITAL-n-012022-2.pdf\">EDITAL n\u00ba 01\/2022<\/a><\/td>\n<\/tr>\n<tr style=\"height: 24px;\">\n<td style=\"width: 100%; height: 24px; text-align: justify;\"><a href=\".\/wp-content\/uploads\/2020\/02\/RETIFICA\u00c7\u00c3O-DO-EDITAL-2020-1.pdf\">Retifica\u00e7\u00e3o do Edital<\/a><\/td>\n<\/tr>\n<tr style=\"height: 18px;\">\n<td style=\"width: 100%; height: 18px; text-align: justify;\"><a href=\".\/wp-content\/uploads\/2020\/02\/Resultado-Processo-Seletivo.pdf\">Resultado Processo Seletivo<\/a><\/td>\n<\/tr>\n<\/tbody>\n<\/table>\n<p>&nbsp;<\/p>\n","protected":false},"excerpt":{"rendered":"<p>Informa\u00e7\u00f5es Bancas de Defesa &nbsp; Informa\u00e7\u00f5es Curso de Especializa\u00e7\u00e3o em N\u00edvel de P\u00f3s-Gradua\u00e7\u00e3o Lato Sensu em \u201cDesign de Sistemas Aplicado \u00e0 Resolu\u00e7\u00e3o de Conflitos e Gest\u00e3o Processual\u201d, ofertado por meio de Contrato firmado com o [&hellip;]<\/p>\n","protected":false},"author":1,"featured_media":0,"parent":0,"menu_order":0,"comment_status":"closed","ping_status":"closed","template":"","meta":{"footnotes":""},"class_list":["post-9775","page","type-page","status-publish","hentry"],"publishpress_future_action":{"enabled":false,"date":"2026-04-23 21:42:14","action":"change-status","newStatus":"draft","terms":[],"taxonomy":"","extraData":[]},"publishpress_future_workflow_manual_trigger":{"enabledWorkflows":[]},"_links":{"self":[{"href":"https:\/\/www.direito.ufmg.br\/index.php?rest_route=\/wp\/v2\/pages\/9775","targetHints":{"allow":["GET"]}}],"collection":[{"href":"https:\/\/www.direito.ufmg.br\/index.php?rest_route=\/wp\/v2\/pages"}],"about":[{"href":"https:\/\/www.direito.ufmg.br\/index.php?rest_route=\/wp\/v2\/types\/page"}],"author":[{"embeddable":true,"href":"https:\/\/www.direito.ufmg.br\/index.php?rest_route=\/wp\/v2\/users\/1"}],"replies":[{"embeddable":true,"href":"https:\/\/www.direito.ufmg.br\/index.php?rest_route=%2Fwp%2Fv2%2Fcomments&post=9775"}],"version-history":[{"count":0,"href":"https:\/\/www.direito.ufmg.br\/index.php?rest_route=\/wp\/v2\/pages\/9775\/revisions"}],"wp:attachment":[{"href":"https:\/\/www.direito.ufmg.br\/index.php?rest_route=%2Fwp%2Fv2%2Fmedia&parent=9775"}],"curies":[{"name":"wp","href":"https:\/\/api.w.org\/{rel}","templated":true}]}}