{"id":9849,"date":"2020-02-11T10:23:25","date_gmt":"2020-02-11T13:23:25","guid":{"rendered":"https:\/\/www.direito.ufmg.br\/?page_id=9849"},"modified":"2020-02-11T10:23:25","modified_gmt":"2020-02-11T13:23:25","slug":"calendario-de-reunioes-2019","status":"publish","type":"page","link":"https:\/\/www.direito.ufmg.br\/?page_id=9849","title":{"rendered":"Calend\u00e1rio de Reuni\u00f5es 2019"},"content":{"rendered":"<p>12 de dezembro (Quinta-feira), 11h00 na sala de Reuni\u00f5es do 9\u00ba andar<\/p>\n<p>05 de dezembro (Quinta-feira), 11h00 na sala de Reuni\u00f5es do 9\u00ba andar \u2013 Reuni\u00e3o e elei\u00e7\u00f5es da C\u00e2mara<\/p>\n<p>28 de novembro (Quinta-feira), 11h00 na sala de Reuni\u00f5es do 9\u00ba andar<\/p>\n<p>14 de novembro (Quinta-feira), 11h00 na sala de Reuni\u00f5es do 9\u00ba andar<\/p>\n<p>10 de outubro (Quinta-feira), 11h00 na sala de Reuni\u00f5es do 9\u00ba andar &#8211; Reuni\u00e3o e elei\u00e7\u00f5es da C\u00e2mara<\/p>\n<p>11 de setembro (Quarta-feira), 11h00 na sala de Reuni\u00f5es do 9\u00ba andar<\/p>\n<p>12 de agosto (segunda-feira) &#8211; 11h00 na sala de Reuni\u00f5es do 9\u00ba andar<\/p>\n<p>03 de julho (Quarta-feira), 11h00 na sala de Reuni\u00f5es do 9\u00ba andar<\/p>\n<p>17 de junho (Segunda-feira), 11h00 na sala de Reuni\u00f5es do 9\u00ba andar<\/p>\n<p>Extraordin\u00e1ria: 20 de maio (segunda-feira) &#8211; 18h00 na sala de Reuni\u00f5es do 9\u00ba andar<\/p>\n<p>Extraordin\u00e1ria: 13 de maio (segunda-feira) &#8211; 11h00 na sala de Reuni\u00f5es do 9\u00ba andar<\/p>\n<p>14 de mar\u00e7o (Quinta-feira), 11h00 na sala de Reuni\u00f5es do 9\u00ba andar<\/p>\n<p>08 de abril (Segunda-feira), 11h00 na sala de Reuni\u00f5es do 9\u00ba andar<\/p>\n","protected":false},"excerpt":{"rendered":"<p>12 de dezembro (Quinta-feira), 11h00 na sala de Reuni\u00f5es do 9\u00ba andar 05 de dezembro (Quinta-feira), 11h00 na sala de Reuni\u00f5es do 9\u00ba andar \u2013 Reuni\u00e3o e elei\u00e7\u00f5es da C\u00e2mara 28 de novembro (Quinta-feira), 11h00 [&hellip;]<\/p>\n","protected":false},"author":1,"featured_media":0,"parent":0,"menu_order":0,"comment_status":"closed","ping_status":"closed","template":"","meta":{"footnotes":""},"class_list":["post-9849","page","type-page","status-publish","hentry"],"publishpress_future_action":{"enabled":false,"date":"2026-04-24 12:27:42","action":"change-status","newStatus":"draft","terms":[],"taxonomy":"","extraData":[]},"publishpress_future_workflow_manual_trigger":{"enabledWorkflows":[]},"_links":{"self":[{"href":"https:\/\/www.direito.ufmg.br\/index.php?rest_route=\/wp\/v2\/pages\/9849","targetHints":{"allow":["GET"]}}],"collection":[{"href":"https:\/\/www.direito.ufmg.br\/index.php?rest_route=\/wp\/v2\/pages"}],"about":[{"href":"https:\/\/www.direito.ufmg.br\/index.php?rest_route=\/wp\/v2\/types\/page"}],"author":[{"embeddable":true,"href":"https:\/\/www.direito.ufmg.br\/index.php?rest_route=\/wp\/v2\/users\/1"}],"replies":[{"embeddable":true,"href":"https:\/\/www.direito.ufmg.br\/index.php?rest_route=%2Fwp%2Fv2%2Fcomments&post=9849"}],"version-history":[{"count":0,"href":"https:\/\/www.direito.ufmg.br\/index.php?rest_route=\/wp\/v2\/pages\/9849\/revisions"}],"wp:attachment":[{"href":"https:\/\/www.direito.ufmg.br\/index.php?rest_route=%2Fwp%2Fv2%2Fmedia&parent=9849"}],"curies":[{"name":"wp","href":"https:\/\/api.w.org\/{rel}","templated":true}]}}